{"id":837,"date":"2023-02-01T22:52:31","date_gmt":"2023-02-02T01:52:31","guid":{"rendered":"https:\/\/dev.sabilex.com\/?page_id=837"},"modified":"2023-03-09T14:30:52","modified_gmt":"2023-03-09T17:30:52","slug":"servicio-post-venta","status":"publish","type":"page","link":"https:\/\/dev.sabilex.com\/en\/servicio-post-venta\/","title":{"rendered":"After-Sales Service"},"content":{"rendered":"<div data-elementor-type=\"wp-page\" data-elementor-id=\"837\" class=\"elementor elementor-837\" data-elementor-post-type=\"page\">\n\t\t\t\t\t\t<section class=\"elementor-section elementor-top-section elementor-element elementor-element-1828b63 elementor-section-boxed elementor-section-height-default elementor-section-height-default\" data-id=\"1828b63\" data-element_type=\"section\">\n\t\t\t\t\t\t<div class=\"elementor-container elementor-column-gap-default\">\n\t\t\t\t\t<div class=\"elementor-column elementor-col-50 elementor-top-column elementor-element elementor-element-0f46d12\" data-id=\"0f46d12\" data-element_type=\"column\">\n\t\t\t<div class=\"elementor-widget-wrap elementor-element-populated\">\n\t\t\t\t\t\t<div class=\"elementor-element elementor-element-2de5e6f elementor-widget__width-initial elementor-widget elementor-widget-heading\" data-id=\"2de5e6f\" data-element_type=\"widget\" data-widget_type=\"heading.default\">\n\t\t\t\t<div class=\"elementor-widget-container\">\n\t\t\t\t\t<p class=\"elementor-heading-title elementor-size-default\">We provide the best after-sales service to our customers.<\/p>\t\t\t\t<\/div>\n\t\t\t\t<\/div>\n\t\t\t\t<div class=\"elementor-element elementor-element-61ccbc8 elementor-widget elementor-widget-heading\" data-id=\"61ccbc8\" data-element_type=\"widget\" data-widget_type=\"heading.default\">\n\t\t\t\t<div class=\"elementor-widget-container\">\n\t\t\t\t\t<h1 class=\"elementor-heading-title elementor-size-default\">After-sales <span style=\"font-weight: 800\"> service<\/span><\/h1>\t\t\t\t<\/div>\n\t\t\t\t<\/div>\n\t\t\t\t<div class=\"elementor-element elementor-element-d54a866 elementor-widget__width-initial elementor-widget elementor-widget-text-editor\" data-id=\"d54a866\" data-element_type=\"widget\" data-widget_type=\"text-editor.default\">\n\t\t\t\t<div class=\"elementor-widget-container\">\n\t\t\t\t\t\t\t\t\t<p>Customers' trust and confidence has undoubtedly been the key to success for Sabilex. We have obtained special recognition in product quality and customer services.<\/p>\t\t\t\t\t\t\t\t<\/div>\n\t\t\t\t<\/div>\n\t\t\t\t<div class=\"elementor-element elementor-element-5ec7622 elementor-widget__width-initial elementor-widget-tablet__width-initial elementor-widget elementor-widget-heading\" data-id=\"5ec7622\" data-element_type=\"widget\" data-widget_type=\"heading.default\">\n\t\t\t\t<div class=\"elementor-widget-container\">\n\t\t\t\t\t<h2 class=\"elementor-heading-title elementor-size-default\">This is largely due to three important facts: \n<\/h2>\t\t\t\t<\/div>\n\t\t\t\t<\/div>\n\t\t\t\t<div class=\"elementor-element elementor-element-1162dd9 elementor-widget__width-initial elementor-widget elementor-widget-text-editor\" data-id=\"1162dd9\" data-element_type=\"widget\" data-widget_type=\"text-editor.default\">\n\t\t\t\t<div class=\"elementor-widget-container\">\n\t\t\t\t\t\t\t\t\t<p>-Constant concern for trying to make products reach our customer\u2019s needs.<\/p><p>-High quality standards established by Sabilex in relation to products and production processes.<\/p><p>-Our goal is to reach 100% customer satisfaction. We always strive to provide solutions to problems as quickly as possible and without setbacks.<\/p>\t\t\t\t\t\t\t\t<\/div>\n\t\t\t\t<\/div>\n\t\t\t\t\t<\/div>\n\t\t<\/div>\n\t\t\t\t<div class=\"elementor-column elementor-col-50 elementor-top-column elementor-element elementor-element-2ba8a39\" data-id=\"2ba8a39\" data-element_type=\"column\">\n\t\t\t<div class=\"elementor-widget-wrap elementor-element-populated\">\n\t\t\t\t\t\t<div class=\"elementor-element elementor-element-6677078 dce_masking-none elementor-widget elementor-widget-image\" data-id=\"6677078\" data-element_type=\"widget\" data-widget_type=\"image.default\">\n\t\t\t\t<div class=\"elementor-widget-container\">\n\t\t\t\t\t\t\t\t\t\t\t\t\t\t\t<img fetchpriority=\"high\" decoding=\"async\" width=\"800\" height=\"726\" src=\"https:\/\/dev.sabilex.com\/wp-content\/uploads\/2023\/02\/sabilex_postventa.png\" class=\"attachment-large size-large wp-image-839\" alt=\"\" srcset=\"https:\/\/dev.sabilex.com\/wp-content\/uploads\/2023\/02\/sabilex_postventa.png 942w, https:\/\/dev.sabilex.com\/wp-content\/uploads\/2023\/02\/sabilex_postventa-300x272.png 300w, https:\/\/dev.sabilex.com\/wp-content\/uploads\/2023\/02\/sabilex_postventa-768x697.png 768w, https:\/\/dev.sabilex.com\/wp-content\/uploads\/2023\/02\/sabilex_postventa-600x545.png 600w\" sizes=\"(max-width: 800px) 100vw, 800px\" \/>\t\t\t\t\t\t\t\t\t\t\t\t\t\t\t<\/div>\n\t\t\t\t<\/div>\n\t\t\t\t\t<\/div>\n\t\t<\/div>\n\t\t\t\t\t<\/div>\n\t\t<\/section>\n\t\t\t\t<section class=\"elementor-section elementor-top-section elementor-element elementor-element-49b5acc elementor-section-boxed elementor-section-height-default elementor-section-height-default\" data-id=\"49b5acc\" data-element_type=\"section\" data-settings=\"{&quot;background_background&quot;:&quot;classic&quot;}\">\n\t\t\t\t\t\t<div class=\"elementor-container elementor-column-gap-default\">\n\t\t\t\t\t<div class=\"elementor-column elementor-col-100 elementor-top-column elementor-element elementor-element-9827dc2\" data-id=\"9827dc2\" data-element_type=\"column\">\n\t\t\t<div class=\"elementor-widget-wrap elementor-element-populated\">\n\t\t\t\t\t\t<div class=\"elementor-element elementor-element-3351b03 elementor-widget elementor-widget-text-editor\" data-id=\"3351b03\" data-element_type=\"widget\" data-widget_type=\"text-editor.default\">\n\t\t\t\t<div class=\"elementor-widget-container\">\n\t\t\t\t\t\t\t\t\tFor this reason, we invest in understanding what the consumer needs and continue to innovate in what we do: from new products to promotions.\t\t\t\t\t\t\t\t<\/div>\n\t\t\t\t<\/div>\n\t\t\t\t\t<\/div>\n\t\t<\/div>\n\t\t\t\t\t<\/div>\n\t\t<\/section>\n\t\t\t\t<section class=\"elementor-section elementor-top-section elementor-element elementor-element-9ad81aa elementor-section-boxed elementor-section-height-default elementor-section-height-default\" data-id=\"9ad81aa\" data-element_type=\"section\">\n\t\t\t\t\t\t<div class=\"elementor-container elementor-column-gap-default\">\n\t\t\t\t\t<div class=\"elementor-column elementor-col-100 elementor-top-column elementor-element elementor-element-e9230b3\" data-id=\"e9230b3\" data-element_type=\"column\">\n\t\t\t<div class=\"elementor-widget-wrap elementor-element-populated\">\n\t\t\t\t\t\t<div class=\"elementor-element elementor-element-7d0c365 elementor-widget elementor-widget-heading\" data-id=\"7d0c365\" data-element_type=\"widget\" data-widget_type=\"heading.default\">\n\t\t\t\t<div class=\"elementor-widget-container\">\n\t\t\t\t\t<h3 class=\"elementor-heading-title elementor-size-default\">After-sales service covers the following aspects:<\/h3>\t\t\t\t<\/div>\n\t\t\t\t<\/div>\n\t\t\t\t<section class=\"elementor-section elementor-inner-section elementor-element elementor-element-284663e elementor-section-full_width elementor-section-height-default elementor-section-height-default\" data-id=\"284663e\" data-element_type=\"section\">\n\t\t\t\t\t\t<div class=\"elementor-container elementor-column-gap-no\">\n\t\t\t\t\t<div class=\"elementor-column elementor-col-33 elementor-inner-column elementor-element elementor-element-ecfcf1e\" data-id=\"ecfcf1e\" data-element_type=\"column\">\n\t\t\t<div class=\"elementor-widget-wrap elementor-element-populated\">\n\t\t\t\t\t\t<div class=\"elementor-element elementor-element-28045d0 dce_masking-none elementor-widget elementor-widget-image\" data-id=\"28045d0\" data-element_type=\"widget\" data-widget_type=\"image.default\">\n\t\t\t\t<div class=\"elementor-widget-container\">\n\t\t\t\t\t\t\t\t\t\t\t\t\t\t\t<img decoding=\"async\" width=\"283\" height=\"283\" src=\"https:\/\/dev.sabilex.com\/wp-content\/uploads\/2023\/02\/sabilex_ventas.png\" class=\"attachment-large size-large wp-image-885\" alt=\"\" srcset=\"https:\/\/dev.sabilex.com\/wp-content\/uploads\/2023\/02\/sabilex_ventas.png 283w, https:\/\/dev.sabilex.com\/wp-content\/uploads\/2023\/02\/sabilex_ventas-150x150.png 150w, https:\/\/dev.sabilex.com\/wp-content\/uploads\/2023\/02\/sabilex_ventas-100x100.png 100w\" sizes=\"(max-width: 283px) 100vw, 283px\" \/>\t\t\t\t\t\t\t\t\t\t\t\t\t\t\t<\/div>\n\t\t\t\t<\/div>\n\t\t\t\t<div class=\"elementor-element elementor-element-731578f elementor-widget elementor-widget-text-editor\" data-id=\"731578f\" data-element_type=\"widget\" data-widget_type=\"text-editor.default\">\n\t\t\t\t<div class=\"elementor-widget-container\">\n\t\t\t\t\t\t\t\t\t<p>Spare parts and materials supply<\/p>\t\t\t\t\t\t\t\t<\/div>\n\t\t\t\t<\/div>\n\t\t\t\t\t<\/div>\n\t\t<\/div>\n\t\t\t\t<div class=\"elementor-column elementor-col-33 elementor-inner-column elementor-element elementor-element-68a40bf\" data-id=\"68a40bf\" data-element_type=\"column\">\n\t\t\t<div class=\"elementor-widget-wrap elementor-element-populated\">\n\t\t\t\t\t\t<div class=\"elementor-element elementor-element-5e0d33a dce_masking-none elementor-widget elementor-widget-image\" data-id=\"5e0d33a\" data-element_type=\"widget\" data-widget_type=\"image.default\">\n\t\t\t\t<div class=\"elementor-widget-container\">\n\t\t\t\t\t\t\t\t\t\t\t\t\t\t\t<img decoding=\"async\" width=\"283\" height=\"283\" src=\"https:\/\/dev.sabilex.com\/wp-content\/uploads\/2023\/02\/sabilex_reparacion.png\" class=\"attachment-large size-large wp-image-884\" alt=\"\" srcset=\"https:\/\/dev.sabilex.com\/wp-content\/uploads\/2023\/02\/sabilex_reparacion.png 283w, https:\/\/dev.sabilex.com\/wp-content\/uploads\/2023\/02\/sabilex_reparacion-150x150.png 150w, https:\/\/dev.sabilex.com\/wp-content\/uploads\/2023\/02\/sabilex_reparacion-100x100.png 100w\" sizes=\"(max-width: 283px) 100vw, 283px\" \/>\t\t\t\t\t\t\t\t\t\t\t\t\t\t\t<\/div>\n\t\t\t\t<\/div>\n\t\t\t\t<div class=\"elementor-element elementor-element-377d820 elementor-widget elementor-widget-text-editor\" data-id=\"377d820\" data-element_type=\"widget\" data-widget_type=\"text-editor.default\">\n\t\t\t\t<div class=\"elementor-widget-container\">\n\t\t\t\t\t\t\t\t\t<p>Technical support and repair service<\/p>\t\t\t\t\t\t\t\t<\/div>\n\t\t\t\t<\/div>\n\t\t\t\t\t<\/div>\n\t\t<\/div>\n\t\t\t\t<div class=\"elementor-column elementor-col-33 elementor-inner-column elementor-element elementor-element-42a25d0\" data-id=\"42a25d0\" data-element_type=\"column\">\n\t\t\t<div class=\"elementor-widget-wrap elementor-element-populated\">\n\t\t\t\t\t\t<div class=\"elementor-element elementor-element-1dc4915 dce_masking-none elementor-widget elementor-widget-image\" data-id=\"1dc4915\" data-element_type=\"widget\" data-widget_type=\"image.default\">\n\t\t\t\t<div class=\"elementor-widget-container\">\n\t\t\t\t\t\t\t\t\t\t\t\t\t\t\t<img loading=\"lazy\" decoding=\"async\" width=\"281\" height=\"281\" src=\"https:\/\/dev.sabilex.com\/wp-content\/uploads\/2023\/02\/sabilex_asesoramiento.png\" class=\"attachment-large size-large wp-image-883\" alt=\"\" srcset=\"https:\/\/dev.sabilex.com\/wp-content\/uploads\/2023\/02\/sabilex_asesoramiento.png 281w, https:\/\/dev.sabilex.com\/wp-content\/uploads\/2023\/02\/sabilex_asesoramiento-150x150.png 150w, https:\/\/dev.sabilex.com\/wp-content\/uploads\/2023\/02\/sabilex_asesoramiento-100x100.png 100w\" sizes=\"(max-width: 281px) 100vw, 281px\" \/>\t\t\t\t\t\t\t\t\t\t\t\t\t\t\t<\/div>\n\t\t\t\t<\/div>\n\t\t\t\t<div class=\"elementor-element elementor-element-5dbde00 elementor-widget elementor-widget-text-editor\" data-id=\"5dbde00\" data-element_type=\"widget\" data-widget_type=\"text-editor.default\">\n\t\t\t\t<div class=\"elementor-widget-container\">\n\t\t\t\t\t\t\t\t\t<p>Advice on the use of the equipment we sell.<\/p>\t\t\t\t\t\t\t\t<\/div>\n\t\t\t\t<\/div>\n\t\t\t\t\t<\/div>\n\t\t<\/div>\n\t\t\t\t\t<\/div>\n\t\t<\/section>\n\t\t\t\t<div data-dce-advanced-background-color=\"#F1F1F1\" class=\"elementor-element elementor-element-2d8d4f7 elementor-widget__width-initial elementor-widget-tablet__width-inherit elementor-widget elementor-widget-text-editor\" data-id=\"2d8d4f7\" data-element_type=\"widget\" data-widget_type=\"text-editor.default\">\n\t\t\t\t<div class=\"elementor-widget-container\">\n\t\t\t\t\t\t\t\t\t<p><strong>Contact us to request customer services<\/strong><\/p><p class=\" translation-block\"><strong>WhatsApp:<\/strong> +549 1154915005<br><strong>Mail:<\/strong> info@dev.sabilex.com<br><strong>Adress:<\/strong> Leopoldo Marechal 1308 \u2013 CP 1414 CABA \u2013 Argentina<br><strong>Facebook:<\/strong> https:\/\/www.facebook.com\/SabilexCompany<br><strong>Instagram:<\/strong> https:\/\/www.instagram.com\/sabilexcompany\/<\/p>\t\t\t\t\t\t\t\t<\/div>\n\t\t\t\t<\/div>\n\t\t\t\t<div class=\"elementor-element elementor-element-0508cdb elementor-widget elementor-widget-text-editor\" data-id=\"0508cdb\" data-element_type=\"widget\" data-widget_type=\"text-editor.default\">\n\t\t\t\t<div class=\"elementor-widget-container\">\n\t\t\t\t\t\t\t\t\t<p>Sobre las reparaciones que no est\u00e1n en garant\u00eda se hace un presupuesto previo a la reparaci\u00f3n.<br \/>Se puede coordinar el env\u00edo o el retiro de las reparaciones por mensajer\u00eda o por expreso desde el interior del pa\u00eds.<\/p>\t\t\t\t\t\t\t\t<\/div>\n\t\t\t\t<\/div>\n\t\t\t\t\t<\/div>\n\t\t<\/div>\n\t\t\t\t\t<\/div>\n\t\t<\/section>\n\t\t\t\t<\/div>","protected":false},"excerpt":{"rendered":"<p>Brindamos el mejor servicio postventa a nuestros clientes. Servicio post-venta. La clave del \u00e9xito de SABILEX es la confianza de los clientes en nuestros productos y en nuestro servicio de postventa. Y este \u00e9xito se debe en gran medida a 3 aspectos: -La preocupaci\u00f3n constante por intentar que los productos satisfagan las necesidades de los [&hellip;]<\/p>","protected":false},"author":1,"featured_media":0,"parent":0,"menu_order":0,"comment_status":"closed","ping_status":"closed","template":"","meta":{"footnotes":""},"class_list":["post-837","page","type-page","status-publish","hentry"],"yoast_head":"<!-- This site is optimized with the Yoast SEO plugin v24.7 - https:\/\/yoast.com\/wordpress\/plugins\/seo\/ -->\n<title>Servicio post-venta - Sabilex<\/title>\n<meta name=\"robots\" content=\"index, follow, max-snippet:-1, max-image-preview:large, max-video-preview:-1\" \/>\n<link rel=\"canonical\" href=\"https:\/\/dev.sabilex.com\/en\/servicio-post-venta\/\" \/>\n<meta property=\"og:locale\" content=\"en_US\" \/>\n<meta property=\"og:type\" content=\"article\" \/>\n<meta property=\"og:title\" content=\"Servicio post-venta - Sabilex\" \/>\n<meta property=\"og:description\" content=\"Brindamos el mejor servicio postventa a nuestros clientes. Servicio post-venta. La clave del \u00e9xito de SABILEX es la confianza de los clientes en nuestros productos y en nuestro servicio de postventa. Y este \u00e9xito se debe en gran medida a 3 aspectos: -La preocupaci\u00f3n constante por intentar que los productos satisfagan las necesidades de los [&hellip;]\" \/>\n<meta property=\"og:url\" content=\"https:\/\/dev.sabilex.com\/en\/servicio-post-venta\/\" \/>\n<meta property=\"og:site_name\" content=\"Sabilex\" \/>\n<meta property=\"article:publisher\" content=\"https:\/\/www.facebook.com\/sabilexlatinoamerica\/\" \/>\n<meta property=\"article:modified_time\" content=\"2023-03-09T17:30:52+00:00\" \/>\n<meta property=\"og:image\" content=\"https:\/\/dev.sabilex.com\/wp-content\/uploads\/2023\/02\/sabilex_postventa.png\" \/>\n<meta name=\"twitter:card\" content=\"summary_large_image\" \/>\n<meta name=\"twitter:label1\" content=\"Est. reading time\" \/>\n\t<meta name=\"twitter:data1\" content=\"1 minute\" \/>\n<script type=\"application\/ld+json\" class=\"yoast-schema-graph\">{\"@context\":\"https:\/\/schema.org\",\"@graph\":[{\"@type\":\"WebPage\",\"@id\":\"https:\/\/dev.sabilex.com\/servicio-post-venta\/\",\"url\":\"https:\/\/dev.sabilex.com\/servicio-post-venta\/\",\"name\":\"Servicio post-venta - Sabilex\",\"isPartOf\":{\"@id\":\"https:\/\/dev.sabilex.com\/#website\"},\"primaryImageOfPage\":{\"@id\":\"https:\/\/dev.sabilex.com\/servicio-post-venta\/#primaryimage\"},\"image\":{\"@id\":\"https:\/\/dev.sabilex.com\/servicio-post-venta\/#primaryimage\"},\"thumbnailUrl\":\"https:\/\/dev.sabilex.com\/wp-content\/uploads\/2023\/02\/sabilex_postventa.png\",\"datePublished\":\"2023-02-02T01:52:31+00:00\",\"dateModified\":\"2023-03-09T17:30:52+00:00\",\"breadcrumb\":{\"@id\":\"https:\/\/dev.sabilex.com\/servicio-post-venta\/#breadcrumb\"},\"inLanguage\":\"en-US\",\"potentialAction\":[{\"@type\":\"ReadAction\",\"target\":[\"https:\/\/dev.sabilex.com\/servicio-post-venta\/\"]}]},{\"@type\":\"ImageObject\",\"inLanguage\":\"en-US\",\"@id\":\"https:\/\/dev.sabilex.com\/servicio-post-venta\/#primaryimage\",\"url\":\"https:\/\/dev.sabilex.com\/wp-content\/uploads\/2023\/02\/sabilex_postventa.png\",\"contentUrl\":\"https:\/\/dev.sabilex.com\/wp-content\/uploads\/2023\/02\/sabilex_postventa.png\"},{\"@type\":\"BreadcrumbList\",\"@id\":\"https:\/\/dev.sabilex.com\/servicio-post-venta\/#breadcrumb\",\"itemListElement\":[{\"@type\":\"ListItem\",\"position\":1,\"name\":\"Inicio\",\"item\":\"https:\/\/dev.sabilex.com\/\"},{\"@type\":\"ListItem\",\"position\":2,\"name\":\"Servicio post-venta\"}]},{\"@type\":\"WebSite\",\"@id\":\"https:\/\/dev.sabilex.com\/#website\",\"url\":\"https:\/\/dev.sabilex.com\/\",\"name\":\"Sabilex\",\"description\":\"Pr\u00f3tesis flexibles y m\u00e1s\",\"publisher\":{\"@id\":\"https:\/\/dev.sabilex.com\/#organization\"},\"potentialAction\":[{\"@type\":\"SearchAction\",\"target\":{\"@type\":\"EntryPoint\",\"urlTemplate\":\"https:\/\/dev.sabilex.com\/?s={search_term_string}\"},\"query-input\":{\"@type\":\"PropertyValueSpecification\",\"valueRequired\":true,\"valueName\":\"search_term_string\"}}],\"inLanguage\":\"en-US\"},{\"@type\":\"Organization\",\"@id\":\"https:\/\/dev.sabilex.com\/#organization\",\"name\":\"Sabilex\",\"url\":\"https:\/\/dev.sabilex.com\/\",\"logo\":{\"@type\":\"ImageObject\",\"inLanguage\":\"en-US\",\"@id\":\"https:\/\/dev.sabilex.com\/#\/schema\/logo\/image\/\",\"url\":\"https:\/\/dev.sabilex.com\/wp-content\/uploads\/2023\/01\/logo.png\",\"contentUrl\":\"https:\/\/dev.sabilex.com\/wp-content\/uploads\/2023\/01\/logo.png\",\"width\":600,\"height\":105,\"caption\":\"Sabilex\"},\"image\":{\"@id\":\"https:\/\/dev.sabilex.com\/#\/schema\/logo\/image\/\"},\"sameAs\":[\"https:\/\/www.facebook.com\/sabilexlatinoamerica\/\",\"https:\/\/www.instagram.com\/sabilexlatinoamerica\/\"]}]}<\/script>\n<!-- \/ Yoast SEO plugin. -->","yoast_head_json":{"title":"Servicio post-venta - Sabilex","robots":{"index":"index","follow":"follow","max-snippet":"max-snippet:-1","max-image-preview":"max-image-preview:large","max-video-preview":"max-video-preview:-1"},"canonical":"https:\/\/dev.sabilex.com\/en\/servicio-post-venta\/","og_locale":"en_US","og_type":"article","og_title":"Servicio post-venta - Sabilex","og_description":"Brindamos el mejor servicio postventa a nuestros clientes. Servicio post-venta. La clave del \u00e9xito de SABILEX es la confianza de los clientes en nuestros productos y en nuestro servicio de postventa. Y este \u00e9xito se debe en gran medida a 3 aspectos: -La preocupaci\u00f3n constante por intentar que los productos satisfagan las necesidades de los [&hellip;]","og_url":"https:\/\/dev.sabilex.com\/en\/servicio-post-venta\/","og_site_name":"Sabilex","article_publisher":"https:\/\/www.facebook.com\/sabilexlatinoamerica\/","article_modified_time":"2023-03-09T17:30:52+00:00","og_image":[{"url":"https:\/\/dev.sabilex.com\/wp-content\/uploads\/2023\/02\/sabilex_postventa.png","type":"","width":"","height":""}],"twitter_card":"summary_large_image","twitter_misc":{"Est. reading time":"1 minute"},"schema":{"@context":"https:\/\/schema.org","@graph":[{"@type":"WebPage","@id":"https:\/\/dev.sabilex.com\/servicio-post-venta\/","url":"https:\/\/dev.sabilex.com\/servicio-post-venta\/","name":"Servicio post-venta - Sabilex","isPartOf":{"@id":"https:\/\/dev.sabilex.com\/#website"},"primaryImageOfPage":{"@id":"https:\/\/dev.sabilex.com\/servicio-post-venta\/#primaryimage"},"image":{"@id":"https:\/\/dev.sabilex.com\/servicio-post-venta\/#primaryimage"},"thumbnailUrl":"https:\/\/dev.sabilex.com\/wp-content\/uploads\/2023\/02\/sabilex_postventa.png","datePublished":"2023-02-02T01:52:31+00:00","dateModified":"2023-03-09T17:30:52+00:00","breadcrumb":{"@id":"https:\/\/dev.sabilex.com\/servicio-post-venta\/#breadcrumb"},"inLanguage":"en-US","potentialAction":[{"@type":"ReadAction","target":["https:\/\/dev.sabilex.com\/servicio-post-venta\/"]}]},{"@type":"ImageObject","inLanguage":"en-US","@id":"https:\/\/dev.sabilex.com\/servicio-post-venta\/#primaryimage","url":"https:\/\/dev.sabilex.com\/wp-content\/uploads\/2023\/02\/sabilex_postventa.png","contentUrl":"https:\/\/dev.sabilex.com\/wp-content\/uploads\/2023\/02\/sabilex_postventa.png"},{"@type":"BreadcrumbList","@id":"https:\/\/dev.sabilex.com\/servicio-post-venta\/#breadcrumb","itemListElement":[{"@type":"ListItem","position":1,"name":"Inicio","item":"https:\/\/dev.sabilex.com\/"},{"@type":"ListItem","position":2,"name":"Servicio post-venta"}]},{"@type":"WebSite","@id":"https:\/\/dev.sabilex.com\/#website","url":"https:\/\/dev.sabilex.com\/","name":"Sabilex","description":"Pr\u00f3tesis flexibles y m\u00e1s","publisher":{"@id":"https:\/\/dev.sabilex.com\/#organization"},"potentialAction":[{"@type":"SearchAction","target":{"@type":"EntryPoint","urlTemplate":"https:\/\/dev.sabilex.com\/?s={search_term_string}"},"query-input":{"@type":"PropertyValueSpecification","valueRequired":true,"valueName":"search_term_string"}}],"inLanguage":"en-US"},{"@type":"Organization","@id":"https:\/\/dev.sabilex.com\/#organization","name":"Sabilex","url":"https:\/\/dev.sabilex.com\/","logo":{"@type":"ImageObject","inLanguage":"en-US","@id":"https:\/\/dev.sabilex.com\/#\/schema\/logo\/image\/","url":"https:\/\/dev.sabilex.com\/wp-content\/uploads\/2023\/01\/logo.png","contentUrl":"https:\/\/dev.sabilex.com\/wp-content\/uploads\/2023\/01\/logo.png","width":600,"height":105,"caption":"Sabilex"},"image":{"@id":"https:\/\/dev.sabilex.com\/#\/schema\/logo\/image\/"},"sameAs":["https:\/\/www.facebook.com\/sabilexlatinoamerica\/","https:\/\/www.instagram.com\/sabilexlatinoamerica\/"]}]}},"_links":{"self":[{"href":"https:\/\/dev.sabilex.com\/en\/wp-json\/wp\/v2\/pages\/837","targetHints":{"allow":["GET"]}}],"collection":[{"href":"https:\/\/dev.sabilex.com\/en\/wp-json\/wp\/v2\/pages"}],"about":[{"href":"https:\/\/dev.sabilex.com\/en\/wp-json\/wp\/v2\/types\/page"}],"author":[{"embeddable":true,"href":"https:\/\/dev.sabilex.com\/en\/wp-json\/wp\/v2\/users\/1"}],"replies":[{"embeddable":true,"href":"https:\/\/dev.sabilex.com\/en\/wp-json\/wp\/v2\/comments?post=837"}],"version-history":[{"count":0,"href":"https:\/\/dev.sabilex.com\/en\/wp-json\/wp\/v2\/pages\/837\/revisions"}],"wp:attachment":[{"href":"https:\/\/dev.sabilex.com\/en\/wp-json\/wp\/v2\/media?parent=837"}],"curies":[{"name":"wp","href":"https:\/\/api.w.org\/{rel}","templated":true}]}}