{"id":1016,"date":"2023-02-07T13:19:31","date_gmt":"2023-02-07T16:19:31","guid":{"rendered":"https:\/\/dev.sabilex.com\/?post_type=product&#038;p=1016"},"modified":"2023-09-04T18:05:32","modified_gmt":"2023-09-04T21:05:32","slug":"casquillo-de-bronce","status":"publish","type":"product","link":"https:\/\/dev.sabilex.com\/en\/tienda\/repuestos-microinyectoras-2\/casquillo-de-bronce\/","title":{"rendered":"Casquillo de Bronce"},"content":{"rendered":"<p><span style=\"font-weight: 400;\">Es un casquillo cil\u00edndrico de bronce que va enroscado en la punta del \u00e9mbolo del cilindro neum\u00e1tico y comprime el cartucho de las inyectoras Sabilex.<\/span><\/p>","protected":false},"excerpt":{"rendered":"<p>Es un casquillo cil\u00edndrico de bronce que va enroscado en la punta del \u00e9mbolo del cilindro neum\u00e1tico y comprime el cartucho de las inyectoras Sabilex.<\/p>","protected":false},"featured_media":2345,"template":"","meta":[],"product_brand":[],"product_cat":[86,90],"product_tag":[],"profesion":[56],"class_list":{"0":"post-1016","1":"product","2":"type-product","3":"status-publish","4":"has-post-thumbnail","6":"product_cat-repuestos-microinyectoras-2","7":"product_cat-spare-part-injection-machine","8":"profesion-dental","10":"first","11":"instock","12":"shipping-taxable","13":"product-type-simple"},"exclude_global_add_ons":[],"addons":[],"yoast_head":"<!-- This site is optimized with the Yoast SEO plugin v24.7 - https:\/\/yoast.com\/wordpress\/plugins\/seo\/ -->\n<title>Casquillo de Bronce - Sabilex<\/title>\n<meta name=\"robots\" content=\"index, follow, max-snippet:-1, max-image-preview:large, max-video-preview:-1\" \/>\n<link rel=\"canonical\" href=\"https:\/\/dev.sabilex.com\/en\/tienda\/repuestos-microinyectoras-2\/casquillo-de-bronce\/\" \/>\n<meta property=\"og:locale\" content=\"en_US\" \/>\n<meta property=\"og:type\" content=\"article\" \/>\n<meta property=\"og:title\" content=\"Casquillo de Bronce - Sabilex\" \/>\n<meta property=\"og:description\" content=\"Es un casquillo cil\u00edndrico de bronce que va enroscado en la punta del \u00e9mbolo del cilindro neum\u00e1tico y comprime el cartucho de las inyectoras Sabilex.\" \/>\n<meta property=\"og:url\" content=\"https:\/\/dev.sabilex.com\/en\/tienda\/repuestos-microinyectoras-2\/casquillo-de-bronce\/\" \/>\n<meta property=\"og:site_name\" content=\"Sabilex\" \/>\n<meta property=\"article:publisher\" content=\"https:\/\/www.facebook.com\/sabilexlatinoamerica\/\" \/>\n<meta property=\"article:modified_time\" content=\"2023-09-04T21:05:32+00:00\" \/>\n<meta property=\"og:image\" content=\"https:\/\/dev.sabilex.com\/wp-content\/uploads\/2023\/02\/Casquillo-Diam.25-todos-los-modelos.jpg\" \/>\n\t<meta property=\"og:image:width\" content=\"386\" \/>\n\t<meta property=\"og:image:height\" content=\"237\" \/>\n\t<meta property=\"og:image:type\" content=\"image\/jpeg\" \/>\n<meta name=\"twitter:card\" content=\"summary_large_image\" \/>\n<meta name=\"twitter:label1\" content=\"Est. reading time\" \/>\n\t<meta name=\"twitter:data1\" content=\"1 minute\" \/>\n<script type=\"application\/ld+json\" class=\"yoast-schema-graph\">{\"@context\":\"https:\/\/schema.org\",\"@graph\":[{\"@type\":\"WebPage\",\"@id\":\"https:\/\/dev.sabilex.com\/tienda\/repuestos-microinyectoras-2\/casquillo-de-bronce\/\",\"url\":\"https:\/\/dev.sabilex.com\/tienda\/repuestos-microinyectoras-2\/casquillo-de-bronce\/\",\"name\":\"Casquillo de Bronce - Sabilex\",\"isPartOf\":{\"@id\":\"https:\/\/dev.sabilex.com\/#website\"},\"primaryImageOfPage\":{\"@id\":\"https:\/\/dev.sabilex.com\/tienda\/repuestos-microinyectoras-2\/casquillo-de-bronce\/#primaryimage\"},\"image\":{\"@id\":\"https:\/\/dev.sabilex.com\/tienda\/repuestos-microinyectoras-2\/casquillo-de-bronce\/#primaryimage\"},\"thumbnailUrl\":\"https:\/\/dev.sabilex.com\/wp-content\/uploads\/2023\/02\/Casquillo-Diam.25-todos-los-modelos.jpg\",\"datePublished\":\"2023-02-07T16:19:31+00:00\",\"dateModified\":\"2023-09-04T21:05:32+00:00\",\"breadcrumb\":{\"@id\":\"https:\/\/dev.sabilex.com\/tienda\/repuestos-microinyectoras-2\/casquillo-de-bronce\/#breadcrumb\"},\"inLanguage\":\"en-US\",\"potentialAction\":[{\"@type\":\"ReadAction\",\"target\":[\"https:\/\/dev.sabilex.com\/tienda\/repuestos-microinyectoras-2\/casquillo-de-bronce\/\"]}]},{\"@type\":\"ImageObject\",\"inLanguage\":\"en-US\",\"@id\":\"https:\/\/dev.sabilex.com\/tienda\/repuestos-microinyectoras-2\/casquillo-de-bronce\/#primaryimage\",\"url\":\"https:\/\/dev.sabilex.com\/wp-content\/uploads\/2023\/02\/Casquillo-Diam.25-todos-los-modelos.jpg\",\"contentUrl\":\"https:\/\/dev.sabilex.com\/wp-content\/uploads\/2023\/02\/Casquillo-Diam.25-todos-los-modelos.jpg\",\"width\":386,\"height\":237},{\"@type\":\"BreadcrumbList\",\"@id\":\"https:\/\/dev.sabilex.com\/tienda\/repuestos-microinyectoras-2\/casquillo-de-bronce\/#breadcrumb\",\"itemListElement\":[{\"@type\":\"ListItem\",\"position\":1,\"name\":\"Inicio\",\"item\":\"https:\/\/dev.sabilex.com\/\"},{\"@type\":\"ListItem\",\"position\":2,\"name\":\"Productos\",\"item\":\"https:\/\/dev.sabilex.com\/shop\/\"},{\"@type\":\"ListItem\",\"position\":3,\"name\":\"Casquillo de Bronce\"}]},{\"@type\":\"WebSite\",\"@id\":\"https:\/\/dev.sabilex.com\/#website\",\"url\":\"https:\/\/dev.sabilex.com\/\",\"name\":\"Sabilex\",\"description\":\"Pr\u00f3tesis flexibles y m\u00e1s\",\"publisher\":{\"@id\":\"https:\/\/dev.sabilex.com\/#organization\"},\"potentialAction\":[{\"@type\":\"SearchAction\",\"target\":{\"@type\":\"EntryPoint\",\"urlTemplate\":\"https:\/\/dev.sabilex.com\/?s={search_term_string}\"},\"query-input\":{\"@type\":\"PropertyValueSpecification\",\"valueRequired\":true,\"valueName\":\"search_term_string\"}}],\"inLanguage\":\"en-US\"},{\"@type\":\"Organization\",\"@id\":\"https:\/\/dev.sabilex.com\/#organization\",\"name\":\"Sabilex\",\"url\":\"https:\/\/dev.sabilex.com\/\",\"logo\":{\"@type\":\"ImageObject\",\"inLanguage\":\"en-US\",\"@id\":\"https:\/\/dev.sabilex.com\/#\/schema\/logo\/image\/\",\"url\":\"https:\/\/dev.sabilex.com\/wp-content\/uploads\/2023\/01\/logo.png\",\"contentUrl\":\"https:\/\/dev.sabilex.com\/wp-content\/uploads\/2023\/01\/logo.png\",\"width\":600,\"height\":105,\"caption\":\"Sabilex\"},\"image\":{\"@id\":\"https:\/\/dev.sabilex.com\/#\/schema\/logo\/image\/\"},\"sameAs\":[\"https:\/\/www.facebook.com\/sabilexlatinoamerica\/\",\"https:\/\/www.instagram.com\/sabilexlatinoamerica\/\"]}]}<\/script>\n<!-- \/ Yoast SEO plugin. -->","yoast_head_json":{"title":"Casquillo de Bronce - Sabilex","robots":{"index":"index","follow":"follow","max-snippet":"max-snippet:-1","max-image-preview":"max-image-preview:large","max-video-preview":"max-video-preview:-1"},"canonical":"https:\/\/dev.sabilex.com\/en\/tienda\/repuestos-microinyectoras-2\/casquillo-de-bronce\/","og_locale":"en_US","og_type":"article","og_title":"Casquillo de Bronce - Sabilex","og_description":"Es un casquillo cil\u00edndrico de bronce que va enroscado en la punta del \u00e9mbolo del cilindro neum\u00e1tico y comprime el cartucho de las inyectoras Sabilex.","og_url":"https:\/\/dev.sabilex.com\/en\/tienda\/repuestos-microinyectoras-2\/casquillo-de-bronce\/","og_site_name":"Sabilex","article_publisher":"https:\/\/www.facebook.com\/sabilexlatinoamerica\/","article_modified_time":"2023-09-04T21:05:32+00:00","og_image":[{"width":386,"height":237,"url":"https:\/\/dev.sabilex.com\/wp-content\/uploads\/2023\/02\/Casquillo-Diam.25-todos-los-modelos.jpg","type":"image\/jpeg"}],"twitter_card":"summary_large_image","twitter_misc":{"Est. reading time":"1 minute"},"schema":{"@context":"https:\/\/schema.org","@graph":[{"@type":"WebPage","@id":"https:\/\/dev.sabilex.com\/tienda\/repuestos-microinyectoras-2\/casquillo-de-bronce\/","url":"https:\/\/dev.sabilex.com\/tienda\/repuestos-microinyectoras-2\/casquillo-de-bronce\/","name":"Casquillo de Bronce - Sabilex","isPartOf":{"@id":"https:\/\/dev.sabilex.com\/#website"},"primaryImageOfPage":{"@id":"https:\/\/dev.sabilex.com\/tienda\/repuestos-microinyectoras-2\/casquillo-de-bronce\/#primaryimage"},"image":{"@id":"https:\/\/dev.sabilex.com\/tienda\/repuestos-microinyectoras-2\/casquillo-de-bronce\/#primaryimage"},"thumbnailUrl":"https:\/\/dev.sabilex.com\/wp-content\/uploads\/2023\/02\/Casquillo-Diam.25-todos-los-modelos.jpg","datePublished":"2023-02-07T16:19:31+00:00","dateModified":"2023-09-04T21:05:32+00:00","breadcrumb":{"@id":"https:\/\/dev.sabilex.com\/tienda\/repuestos-microinyectoras-2\/casquillo-de-bronce\/#breadcrumb"},"inLanguage":"en-US","potentialAction":[{"@type":"ReadAction","target":["https:\/\/dev.sabilex.com\/tienda\/repuestos-microinyectoras-2\/casquillo-de-bronce\/"]}]},{"@type":"ImageObject","inLanguage":"en-US","@id":"https:\/\/dev.sabilex.com\/tienda\/repuestos-microinyectoras-2\/casquillo-de-bronce\/#primaryimage","url":"https:\/\/dev.sabilex.com\/wp-content\/uploads\/2023\/02\/Casquillo-Diam.25-todos-los-modelos.jpg","contentUrl":"https:\/\/dev.sabilex.com\/wp-content\/uploads\/2023\/02\/Casquillo-Diam.25-todos-los-modelos.jpg","width":386,"height":237},{"@type":"BreadcrumbList","@id":"https:\/\/dev.sabilex.com\/tienda\/repuestos-microinyectoras-2\/casquillo-de-bronce\/#breadcrumb","itemListElement":[{"@type":"ListItem","position":1,"name":"Inicio","item":"https:\/\/dev.sabilex.com\/"},{"@type":"ListItem","position":2,"name":"Productos","item":"https:\/\/dev.sabilex.com\/shop\/"},{"@type":"ListItem","position":3,"name":"Casquillo de Bronce"}]},{"@type":"WebSite","@id":"https:\/\/dev.sabilex.com\/#website","url":"https:\/\/dev.sabilex.com\/","name":"Sabilex","description":"Pr\u00f3tesis flexibles y m\u00e1s","publisher":{"@id":"https:\/\/dev.sabilex.com\/#organization"},"potentialAction":[{"@type":"SearchAction","target":{"@type":"EntryPoint","urlTemplate":"https:\/\/dev.sabilex.com\/?s={search_term_string}"},"query-input":{"@type":"PropertyValueSpecification","valueRequired":true,"valueName":"search_term_string"}}],"inLanguage":"en-US"},{"@type":"Organization","@id":"https:\/\/dev.sabilex.com\/#organization","name":"Sabilex","url":"https:\/\/dev.sabilex.com\/","logo":{"@type":"ImageObject","inLanguage":"en-US","@id":"https:\/\/dev.sabilex.com\/#\/schema\/logo\/image\/","url":"https:\/\/dev.sabilex.com\/wp-content\/uploads\/2023\/01\/logo.png","contentUrl":"https:\/\/dev.sabilex.com\/wp-content\/uploads\/2023\/01\/logo.png","width":600,"height":105,"caption":"Sabilex"},"image":{"@id":"https:\/\/dev.sabilex.com\/#\/schema\/logo\/image\/"},"sameAs":["https:\/\/www.facebook.com\/sabilexlatinoamerica\/","https:\/\/www.instagram.com\/sabilexlatinoamerica\/"]}]}},"_links":{"self":[{"href":"https:\/\/dev.sabilex.com\/en\/wp-json\/wp\/v2\/product\/1016","targetHints":{"allow":["GET"]}}],"collection":[{"href":"https:\/\/dev.sabilex.com\/en\/wp-json\/wp\/v2\/product"}],"about":[{"href":"https:\/\/dev.sabilex.com\/en\/wp-json\/wp\/v2\/types\/product"}],"version-history":[{"count":2,"href":"https:\/\/dev.sabilex.com\/en\/wp-json\/wp\/v2\/product\/1016\/revisions"}],"predecessor-version":[{"id":3163,"href":"https:\/\/dev.sabilex.com\/en\/wp-json\/wp\/v2\/product\/1016\/revisions\/3163"}],"wp:featuredmedia":[{"embeddable":true,"href":"https:\/\/dev.sabilex.com\/en\/wp-json\/wp\/v2\/media\/2345"}],"wp:attachment":[{"href":"https:\/\/dev.sabilex.com\/en\/wp-json\/wp\/v2\/media?parent=1016"}],"wp:term":[{"taxonomy":"product_brand","embeddable":true,"href":"https:\/\/dev.sabilex.com\/en\/wp-json\/wp\/v2\/product_brand?post=1016"},{"taxonomy":"product_cat","embeddable":true,"href":"https:\/\/dev.sabilex.com\/en\/wp-json\/wp\/v2\/product_cat?post=1016"},{"taxonomy":"product_tag","embeddable":true,"href":"https:\/\/dev.sabilex.com\/en\/wp-json\/wp\/v2\/product_tag?post=1016"},{"taxonomy":"profesion","embeddable":true,"href":"https:\/\/dev.sabilex.com\/en\/wp-json\/wp\/v2\/profesion?post=1016"}],"curies":[{"name":"wp","href":"https:\/\/api.w.org\/{rel}","templated":true}]}}