{"id":2202,"date":"2023-02-27T14:21:32","date_gmt":"2023-02-27T17:21:32","guid":{"rendered":"https:\/\/dev.sabilex.com\/?post_type=product&#038;p=2202"},"modified":"2023-09-04T18:05:34","modified_gmt":"2023-09-04T21:05:34","slug":"termoformadora-p105-la-clasica","status":"publish","type":"product","link":"https:\/\/dev.sabilex.com\/en\/tienda\/termoformadoras\/termoformadora-p105-la-clasica\/","title":{"rendered":"Vacuum forming machine P105 (The Classic)"},"content":{"rendered":"<p><b>Vacuum forming machine that works with heat and vacuum P105 (The Classic)\u00a0<\/b><\/p>\n<p><b>For the thermoforming of plastic sheets of different materials and thicknesses.<\/b><\/p>\n<p>&nbsp;<\/p>\n<p><span style=\"font-weight: 400;\">For the making of:<\/span><span style=\"font-weight: 400;\"><\/p>\n<p><\/span><span style=\"font-weight: 400;\">Muscle relaxing plaques (Bruxism)<\/span><\/p>\n<p><span style=\"font-weight: 400;\">Orthodontic aligners<\/span><span style=\"font-weight: 400;\"><\/p>\n<p><\/span><span style=\"font-weight: 400;\">Mouth guards for athletes<\/span><\/p>\n<p><span style=\"font-weight: 400;\">Surgical guides<\/span><\/p>\n<p><span style=\"font-weight: 400;\">Individual trays<\/span><\/p>\n<p><span style=\"font-weight: 400;\">Copings\u00a0<\/span><\/p>\n<p><span style=\"font-weight: 400;\">Temporary bridges<\/span><\/p>\n<p><span style=\"font-weight: 400;\">Base plates<\/span><\/p>\n<p><span style=\"font-weight: 400;\">Bracket positioning\u00a0<\/span><\/p>\n<p><span style=\"font-weight: 400;\">Bleaching trays... and more<\/span><\/p>\n<p>&nbsp;<\/p>\n<p><span style=\"font-weight: 400;\">Characteristics:<\/span><span style=\"font-weight: 400;\"><\/p>\n<p><\/span><span style=\"font-weight: 400;\">Easy to use system<\/span><span style=\"font-weight: 400;\"><\/p>\n<p><\/span><span style=\"font-weight: 400;\">Works with 125mm x 125mm (5\u201d x 5\u201d) sheets<\/span><\/p>\n<p><span style=\"font-weight: 400;\">Aluminum cast structure<\/span><span style=\"font-weight: 400;\"><\/p>\n<p><\/span><span style=\"font-weight: 400;\">Hexagonal column \u2022 Bronze brushing<\/span><span style=\"font-weight: 400;\"><\/p>\n<p><\/span><span style=\"font-weight: 400;\">Aluminium frame<\/span><\/p>\n<p><span style=\"font-weight: 400;\">Symmetrical heating system 600 W<\/span><span style=\"font-weight: 400;\"><\/p>\n<p><\/span><span style=\"font-weight: 400;\">Vacuum Motor: Suction power 1100 W<\/span><\/p>\n<p><span style=\"font-weight: 400;\">Power Consumption: 1,700 W<\/span><\/p>\n<p><span style=\"font-weight: 400;\">Available in 220V and 110V<\/span><span style=\"font-weight: 400;\"><\/p>\n<p><\/span><span style=\"font-weight: 400;\"><\/p>\n<p><\/span><span style=\"font-weight: 400;\">Measures: 220 x 230 x 340 mm<\/span><span style=\"font-weight: 400;\"><\/p>\n<p><\/span><span style=\"font-weight: 400;\">Weight: 5kg<\/span><span style=\"font-weight: 400;\"><\/p>\n<p><\/span><span style=\"font-weight: 400;\">Package measures: 260 x 260 x 400 mm<\/span><span style=\"font-weight: 400;\"><\/p>\n<p><\/span><span style=\"font-weight: 400;\">Package weight: 5.8 kg.<\/span><\/p>\n<p><span style=\"font-weight: 400;\">Optional<\/span><span style=\"font-weight: 400;\"><\/p>\n<p><\/span><span style=\"font-weight: 400;\">Tray to dip the model into balls.<\/span><span style=\"font-weight: 400;\"><\/p>\n<p><\/span><span style=\"font-weight: 400;\">Adapter for thermoforming round sheets.<\/span><\/p>\n<p>&nbsp;<\/p>\n<p><span style=\"font-weight: 400;\">Additional Information:<\/span><\/p>\n<p><span style=\"font-weight: 400;\">Sabilex vacuum forming machines stand out  due to their quality, easy to use features, design and customer service.<\/span><\/p>\n<p><span style=\"font-weight: 400;\">Vacuum forming machine Sabilex P105 \nClassic model,  aluminum cast structure.\nVery solid and robust protection from impact.\n\nVacuum forming machine Sabilex P90\nModern design, lightweight and compact.<\/span><\/p>\n<p><span style=\"font-weight: 400;\">Distinctive features that sets the Sabilex vacuum forming machines apart from others in the market.<\/span><\/p>\n<p><span style=\"font-weight: 400;\">Hexagonal column:  prevents lateral movements of the sheet frame, so that thermoforming sheets don\u2019t get affected.<\/span><\/p>\n<p><span style=\"font-weight: 400;\">Bronze Bushing: Makes the aluminum frame glide smoothly  allowing for a lifetime of trouble-free operation.\u00a0<\/span><\/p>\n<p><span style=\"font-weight: 400;\">Symmetrical heating system: armored stainless steel resistance, allowing  a uniform distribution of temperature on the entire surface of the sheet.<\/span><\/p>\n<p><span style=\"font-weight: 400;\">Powerful vacuum motor:  ensures very precise vacuum forming results.<\/span><\/p>\n<p><span style=\"font-weight: 400;\">Quick and efficient: allows work to be carried out in the dental  office in a short time.<\/span><\/p>\n<p><span style=\"font-weight: 400;\">Excellent investment: investment returns by making 30 sheets approximately.<\/span><\/p>","protected":false},"excerpt":{"rendered":"<p>Termoformadora por calor y vac\u00edo P105 (La Cl\u00e1sica)\u00a0 Para el termoformado de placas pl\u00e1sticas de distintos materiales y espesores. &nbsp; Para confecci\u00f3n de: Placas miorrelajantes (Bruxismo) Alineadores para ortodoncia Protectores bucales para deportistas Gu\u00edas quir\u00fargicas Cubetas individuales Copings\u00a0 Puentes temporarios Placas base Fijaci\u00f3n de Brackets\u00a0 Placas para blanqueamiento&#8230; y m\u00e1s &nbsp; Caracter\u00edsticas: Sistema f\u00e1cil de [&hellip;]<\/p>","protected":false},"featured_media":2205,"template":"","meta":[],"product_brand":[],"product_cat":[31,68],"product_tag":[],"profesion":[56],"class_list":{"0":"post-2202","1":"product","2":"type-product","3":"status-publish","4":"has-post-thumbnail","6":"product_cat-termoformadoras","7":"product_cat-termoformadoras-en","8":"profesion-dental","10":"first","11":"instock","12":"shipping-taxable","13":"product-type-simple"},"exclude_global_add_ons":[],"addons":[],"yoast_head":"<!-- This site is optimized with the Yoast SEO plugin v24.7 - https:\/\/yoast.com\/wordpress\/plugins\/seo\/ -->\n<title>Termoformadora P105 (La Cl\u00e1sica) - Sabilex<\/title>\n<meta name=\"robots\" content=\"index, follow, max-snippet:-1, max-image-preview:large, max-video-preview:-1\" \/>\n<link rel=\"canonical\" href=\"https:\/\/dev.sabilex.com\/en\/tienda\/termoformadoras\/termoformadora-p105-la-clasica\/\" \/>\n<meta property=\"og:locale\" content=\"en_US\" \/>\n<meta property=\"og:type\" content=\"article\" \/>\n<meta property=\"og:title\" content=\"Termoformadora P105 (La Cl\u00e1sica) - Sabilex\" \/>\n<meta property=\"og:description\" content=\"Termoformadora por calor y vac\u00edo P105 (La Cl\u00e1sica)\u00a0 Para el termoformado de placas pl\u00e1sticas de distintos materiales y espesores. &nbsp; Para confecci\u00f3n de: Placas miorrelajantes (Bruxismo) Alineadores para ortodoncia Protectores bucales para deportistas Gu\u00edas quir\u00fargicas Cubetas individuales Copings\u00a0 Puentes temporarios Placas base Fijaci\u00f3n de Brackets\u00a0 Placas para blanqueamiento&#8230; y m\u00e1s &nbsp; Caracter\u00edsticas: Sistema f\u00e1cil de [&hellip;]\" \/>\n<meta property=\"og:url\" content=\"https:\/\/dev.sabilex.com\/en\/tienda\/termoformadoras\/termoformadora-p105-la-clasica\/\" \/>\n<meta property=\"og:site_name\" content=\"Sabilex\" \/>\n<meta property=\"article:publisher\" content=\"https:\/\/www.facebook.com\/sabilexlatinoamerica\/\" \/>\n<meta property=\"article:modified_time\" content=\"2023-09-04T21:05:34+00:00\" \/>\n<meta property=\"og:image\" content=\"https:\/\/dev.sabilex.com\/wp-content\/uploads\/2023\/02\/1-P105-3.jpg\" \/>\n\t<meta property=\"og:image:width\" content=\"567\" \/>\n\t<meta property=\"og:image:height\" content=\"756\" \/>\n\t<meta property=\"og:image:type\" content=\"image\/jpeg\" \/>\n<meta name=\"twitter:card\" content=\"summary_large_image\" \/>\n<meta name=\"twitter:label1\" content=\"Est. reading time\" \/>\n\t<meta name=\"twitter:data1\" content=\"2 minutes\" \/>\n<script type=\"application\/ld+json\" class=\"yoast-schema-graph\">{\"@context\":\"https:\/\/schema.org\",\"@graph\":[{\"@type\":\"WebPage\",\"@id\":\"https:\/\/dev.sabilex.com\/tienda\/termoformadoras\/termoformadora-p105-la-clasica\/\",\"url\":\"https:\/\/dev.sabilex.com\/tienda\/termoformadoras\/termoformadora-p105-la-clasica\/\",\"name\":\"Termoformadora P105 (La Cl\u00e1sica) - Sabilex\",\"isPartOf\":{\"@id\":\"https:\/\/dev.sabilex.com\/#website\"},\"primaryImageOfPage\":{\"@id\":\"https:\/\/dev.sabilex.com\/tienda\/termoformadoras\/termoformadora-p105-la-clasica\/#primaryimage\"},\"image\":{\"@id\":\"https:\/\/dev.sabilex.com\/tienda\/termoformadoras\/termoformadora-p105-la-clasica\/#primaryimage\"},\"thumbnailUrl\":\"https:\/\/dev.sabilex.com\/wp-content\/uploads\/2023\/02\/1-P105-3.jpg\",\"datePublished\":\"2023-02-27T17:21:32+00:00\",\"dateModified\":\"2023-09-04T21:05:34+00:00\",\"breadcrumb\":{\"@id\":\"https:\/\/dev.sabilex.com\/tienda\/termoformadoras\/termoformadora-p105-la-clasica\/#breadcrumb\"},\"inLanguage\":\"en-US\",\"potentialAction\":[{\"@type\":\"ReadAction\",\"target\":[\"https:\/\/dev.sabilex.com\/tienda\/termoformadoras\/termoformadora-p105-la-clasica\/\"]}]},{\"@type\":\"ImageObject\",\"inLanguage\":\"en-US\",\"@id\":\"https:\/\/dev.sabilex.com\/tienda\/termoformadoras\/termoformadora-p105-la-clasica\/#primaryimage\",\"url\":\"https:\/\/dev.sabilex.com\/wp-content\/uploads\/2023\/02\/1-P105-3.jpg\",\"contentUrl\":\"https:\/\/dev.sabilex.com\/wp-content\/uploads\/2023\/02\/1-P105-3.jpg\",\"width\":567,\"height\":756},{\"@type\":\"BreadcrumbList\",\"@id\":\"https:\/\/dev.sabilex.com\/tienda\/termoformadoras\/termoformadora-p105-la-clasica\/#breadcrumb\",\"itemListElement\":[{\"@type\":\"ListItem\",\"position\":1,\"name\":\"Inicio\",\"item\":\"https:\/\/dev.sabilex.com\/\"},{\"@type\":\"ListItem\",\"position\":2,\"name\":\"Productos\",\"item\":\"https:\/\/dev.sabilex.com\/shop\/\"},{\"@type\":\"ListItem\",\"position\":3,\"name\":\"Termoformadora P105 (La Cl\u00e1sica)\"}]},{\"@type\":\"WebSite\",\"@id\":\"https:\/\/dev.sabilex.com\/#website\",\"url\":\"https:\/\/dev.sabilex.com\/\",\"name\":\"Sabilex\",\"description\":\"Pr\u00f3tesis flexibles y m\u00e1s\",\"publisher\":{\"@id\":\"https:\/\/dev.sabilex.com\/#organization\"},\"potentialAction\":[{\"@type\":\"SearchAction\",\"target\":{\"@type\":\"EntryPoint\",\"urlTemplate\":\"https:\/\/dev.sabilex.com\/?s={search_term_string}\"},\"query-input\":{\"@type\":\"PropertyValueSpecification\",\"valueRequired\":true,\"valueName\":\"search_term_string\"}}],\"inLanguage\":\"en-US\"},{\"@type\":\"Organization\",\"@id\":\"https:\/\/dev.sabilex.com\/#organization\",\"name\":\"Sabilex\",\"url\":\"https:\/\/dev.sabilex.com\/\",\"logo\":{\"@type\":\"ImageObject\",\"inLanguage\":\"en-US\",\"@id\":\"https:\/\/dev.sabilex.com\/#\/schema\/logo\/image\/\",\"url\":\"https:\/\/dev.sabilex.com\/wp-content\/uploads\/2023\/01\/logo.png\",\"contentUrl\":\"https:\/\/dev.sabilex.com\/wp-content\/uploads\/2023\/01\/logo.png\",\"width\":600,\"height\":105,\"caption\":\"Sabilex\"},\"image\":{\"@id\":\"https:\/\/dev.sabilex.com\/#\/schema\/logo\/image\/\"},\"sameAs\":[\"https:\/\/www.facebook.com\/sabilexlatinoamerica\/\",\"https:\/\/www.instagram.com\/sabilexlatinoamerica\/\"]}]}<\/script>\n<!-- \/ Yoast SEO plugin. -->","yoast_head_json":{"title":"Termoformadora P105 (La Cl\u00e1sica) - Sabilex","robots":{"index":"index","follow":"follow","max-snippet":"max-snippet:-1","max-image-preview":"max-image-preview:large","max-video-preview":"max-video-preview:-1"},"canonical":"https:\/\/dev.sabilex.com\/en\/tienda\/termoformadoras\/termoformadora-p105-la-clasica\/","og_locale":"en_US","og_type":"article","og_title":"Termoformadora P105 (La Cl\u00e1sica) - Sabilex","og_description":"Termoformadora por calor y vac\u00edo P105 (La Cl\u00e1sica)\u00a0 Para el termoformado de placas pl\u00e1sticas de distintos materiales y espesores. &nbsp; Para confecci\u00f3n de: Placas miorrelajantes (Bruxismo) Alineadores para ortodoncia Protectores bucales para deportistas Gu\u00edas quir\u00fargicas Cubetas individuales Copings\u00a0 Puentes temporarios Placas base Fijaci\u00f3n de Brackets\u00a0 Placas para blanqueamiento&#8230; y m\u00e1s &nbsp; Caracter\u00edsticas: Sistema f\u00e1cil de [&hellip;]","og_url":"https:\/\/dev.sabilex.com\/en\/tienda\/termoformadoras\/termoformadora-p105-la-clasica\/","og_site_name":"Sabilex","article_publisher":"https:\/\/www.facebook.com\/sabilexlatinoamerica\/","article_modified_time":"2023-09-04T21:05:34+00:00","og_image":[{"width":567,"height":756,"url":"https:\/\/dev.sabilex.com\/wp-content\/uploads\/2023\/02\/1-P105-3.jpg","type":"image\/jpeg"}],"twitter_card":"summary_large_image","twitter_misc":{"Est. reading time":"2 minutes"},"schema":{"@context":"https:\/\/schema.org","@graph":[{"@type":"WebPage","@id":"https:\/\/dev.sabilex.com\/tienda\/termoformadoras\/termoformadora-p105-la-clasica\/","url":"https:\/\/dev.sabilex.com\/tienda\/termoformadoras\/termoformadora-p105-la-clasica\/","name":"Termoformadora P105 (La Cl\u00e1sica) - Sabilex","isPartOf":{"@id":"https:\/\/dev.sabilex.com\/#website"},"primaryImageOfPage":{"@id":"https:\/\/dev.sabilex.com\/tienda\/termoformadoras\/termoformadora-p105-la-clasica\/#primaryimage"},"image":{"@id":"https:\/\/dev.sabilex.com\/tienda\/termoformadoras\/termoformadora-p105-la-clasica\/#primaryimage"},"thumbnailUrl":"https:\/\/dev.sabilex.com\/wp-content\/uploads\/2023\/02\/1-P105-3.jpg","datePublished":"2023-02-27T17:21:32+00:00","dateModified":"2023-09-04T21:05:34+00:00","breadcrumb":{"@id":"https:\/\/dev.sabilex.com\/tienda\/termoformadoras\/termoformadora-p105-la-clasica\/#breadcrumb"},"inLanguage":"en-US","potentialAction":[{"@type":"ReadAction","target":["https:\/\/dev.sabilex.com\/tienda\/termoformadoras\/termoformadora-p105-la-clasica\/"]}]},{"@type":"ImageObject","inLanguage":"en-US","@id":"https:\/\/dev.sabilex.com\/tienda\/termoformadoras\/termoformadora-p105-la-clasica\/#primaryimage","url":"https:\/\/dev.sabilex.com\/wp-content\/uploads\/2023\/02\/1-P105-3.jpg","contentUrl":"https:\/\/dev.sabilex.com\/wp-content\/uploads\/2023\/02\/1-P105-3.jpg","width":567,"height":756},{"@type":"BreadcrumbList","@id":"https:\/\/dev.sabilex.com\/tienda\/termoformadoras\/termoformadora-p105-la-clasica\/#breadcrumb","itemListElement":[{"@type":"ListItem","position":1,"name":"Inicio","item":"https:\/\/dev.sabilex.com\/"},{"@type":"ListItem","position":2,"name":"Productos","item":"https:\/\/dev.sabilex.com\/shop\/"},{"@type":"ListItem","position":3,"name":"Termoformadora P105 (La Cl\u00e1sica)"}]},{"@type":"WebSite","@id":"https:\/\/dev.sabilex.com\/#website","url":"https:\/\/dev.sabilex.com\/","name":"Sabilex","description":"Pr\u00f3tesis flexibles y m\u00e1s","publisher":{"@id":"https:\/\/dev.sabilex.com\/#organization"},"potentialAction":[{"@type":"SearchAction","target":{"@type":"EntryPoint","urlTemplate":"https:\/\/dev.sabilex.com\/?s={search_term_string}"},"query-input":{"@type":"PropertyValueSpecification","valueRequired":true,"valueName":"search_term_string"}}],"inLanguage":"en-US"},{"@type":"Organization","@id":"https:\/\/dev.sabilex.com\/#organization","name":"Sabilex","url":"https:\/\/dev.sabilex.com\/","logo":{"@type":"ImageObject","inLanguage":"en-US","@id":"https:\/\/dev.sabilex.com\/#\/schema\/logo\/image\/","url":"https:\/\/dev.sabilex.com\/wp-content\/uploads\/2023\/01\/logo.png","contentUrl":"https:\/\/dev.sabilex.com\/wp-content\/uploads\/2023\/01\/logo.png","width":600,"height":105,"caption":"Sabilex"},"image":{"@id":"https:\/\/dev.sabilex.com\/#\/schema\/logo\/image\/"},"sameAs":["https:\/\/www.facebook.com\/sabilexlatinoamerica\/","https:\/\/www.instagram.com\/sabilexlatinoamerica\/"]}]}},"_links":{"self":[{"href":"https:\/\/dev.sabilex.com\/en\/wp-json\/wp\/v2\/product\/2202","targetHints":{"allow":["GET"]}}],"collection":[{"href":"https:\/\/dev.sabilex.com\/en\/wp-json\/wp\/v2\/product"}],"about":[{"href":"https:\/\/dev.sabilex.com\/en\/wp-json\/wp\/v2\/types\/product"}],"version-history":[{"count":2,"href":"https:\/\/dev.sabilex.com\/en\/wp-json\/wp\/v2\/product\/2202\/revisions"}],"predecessor-version":[{"id":3443,"href":"https:\/\/dev.sabilex.com\/en\/wp-json\/wp\/v2\/product\/2202\/revisions\/3443"}],"wp:featuredmedia":[{"embeddable":true,"href":"https:\/\/dev.sabilex.com\/en\/wp-json\/wp\/v2\/media\/2205"}],"wp:attachment":[{"href":"https:\/\/dev.sabilex.com\/en\/wp-json\/wp\/v2\/media?parent=2202"}],"wp:term":[{"taxonomy":"product_brand","embeddable":true,"href":"https:\/\/dev.sabilex.com\/en\/wp-json\/wp\/v2\/product_brand?post=2202"},{"taxonomy":"product_cat","embeddable":true,"href":"https:\/\/dev.sabilex.com\/en\/wp-json\/wp\/v2\/product_cat?post=2202"},{"taxonomy":"product_tag","embeddable":true,"href":"https:\/\/dev.sabilex.com\/en\/wp-json\/wp\/v2\/product_tag?post=2202"},{"taxonomy":"profesion","embeddable":true,"href":"https:\/\/dev.sabilex.com\/en\/wp-json\/wp\/v2\/profesion?post=2202"}],"curies":[{"name":"wp","href":"https:\/\/api.w.org\/{rel}","templated":true}]}}