{"id":3125,"date":"2023-06-26T17:19:07","date_gmt":"2023-06-26T20:19:07","guid":{"rendered":"https:\/\/dev.sabilex.com\/?post_type=product&#038;p=3125"},"modified":"2024-01-24T12:01:57","modified_gmt":"2024-01-24T15:01:57","slug":"laminas-para-alineadores-sabilex-align-multilayer","status":"publish","type":"product","link":"https:\/\/dev.sabilex.com\/en\/tienda\/laminas\/laminas-para-alineadores-sabilex-align-multilayer\/","title":{"rendered":"P223A &#8211; L\u00e1minas para alineadores Sabilex Align Multilayer"},"content":{"rendered":"<p><span style=\"font-weight: 400;\">Las l\u00e1minas <\/span><b>Sabilex Align<\/b><span style=\"font-weight: 400;\"> para alineadores son de tres capas, tienen un espesor de 0,75mm o 0.03\u201d pulgadas. Tama\u00f1o cuadradas de 125&#215;125 mm o redondas di\u00e1metro 125 mm<\/span><\/p>\n<p>&nbsp;<\/p>\n<p><span style=\"font-weight: 400;\">Tienen las siguientes propiedades:<\/span><\/p>\n<ul>\n<li style=\"font-weight: 400;\" aria-level=\"1\"><span style=\"font-weight: 400;\">Capas externas resistentes y flexibles:\u00a0<\/span>\n<ul>\n<li style=\"font-weight: 400;\" aria-level=\"2\"><span style=\"font-weight: 400;\">Es resistente y robusta al desgaste. Est\u00e1 dise\u00f1ada para soportar las fuerzas masticatorias.\u00a0<\/span><\/li>\n<li style=\"font-weight: 400;\" aria-level=\"2\"><span style=\"font-weight: 400;\">Es flexible y se adapta a los dientes del paciente. Permite la comodidad durante el uso y ayuda a lograr un ajuste preciso alrededor de los dientes, lo que ayuda a efectuar los movimientos dentales deseados, como la rotaci\u00f3n, la extrusi\u00f3n y la intrusi\u00f3n.<\/span><\/li>\n<li style=\"font-weight: 400;\" aria-level=\"2\"><span style=\"font-weight: 400;\">El material Sabilex align logra esto ultilizando poliester en sus capas externas.\u00a0<\/span><\/li>\n<\/ul>\n<\/li>\n<\/ul>\n<p>&nbsp;<\/p>\n<ul>\n<li style=\"font-weight: 400;\" aria-level=\"1\"><span style=\"font-weight: 400;\">Capa intermedia el\u00e1stomerica:\u00a0<\/span>\n<ul>\n<li style=\"font-weight: 400;\" aria-level=\"2\"><span style=\"font-weight: 400;\">La capa intermedia tiene propiedades el\u00e1sticas y de flexibilidad que permiten la capacidad de movimiento y alineaci\u00f3n gradual de los dientes. Esta capa ejerce una fuerza suave y constante sobre los dientes para guiarlos hacia la posici\u00f3n deseada.<\/span><\/li>\n<li style=\"font-weight: 400;\" aria-level=\"2\"><span style=\"font-weight: 400;\">La capacidad del n\u00facleo interno o capa intermedia para proporcionar un rebote el\u00e1stico excepcional es lo que hace del alineador Sabilex que sea un producto \u00fanico.<\/span><\/li>\n<li style=\"font-weight: 400;\" aria-level=\"2\"><span style=\"font-weight: 400;\">El material Sabilex Align logra esto utilizando poliuretano en su capa intermedia.<\/span><\/li>\n<\/ul>\n<\/li>\n<\/ul>\n<p>&nbsp;<\/p>\n<p><b>Sabilex Align<\/b><span style=\"font-weight: 400;\"> cumple con estos importantes objetivos de rendimiento:<\/span><\/p>\n<p>&nbsp;<\/p>\n<ul>\n<li><span style=\"font-weight: 400;\"> Proporciona una fuerza de movimiento de dientes firme pero suave continuamente durante un per\u00edodo de uso de 7 a 14 d\u00edas.<\/span><\/li>\n<li><span style=\"font-weight: 400;\"> Ser c\u00f3modo de llevar, as\u00ed como f\u00e1cil de poner y quitar.<\/span><\/li>\n<li><span style=\"font-weight: 400;\"> Es transparente y permanecer transparente durante todo el curso de uso.<\/span><\/li>\n<\/ul>\n<p>&nbsp;<\/p>\n<p><span style=\"font-weight: 400;\">Capa intermedia: elastomerica<\/span><\/p>\n<p><span style=\"font-weight: 400;\">Capa externas: Resistentes y flexibles<\/span><\/p>\n<p><b>Propiedades tridimensionales el\u00e1sticas y de rebote:\u00a0<\/b><\/p>\n<p>&nbsp;<\/p>\n<p><span style=\"font-weight: 400;\">La capa intermedia elastom\u00e9rica se combina con la capa exterior resistente para brindar la capacidad de recuperarse de la deformaci\u00f3n mec\u00e1nica, brindando hasta un 150 % m\u00e1s de fuerza de movimiento de los dientes que los materiales de una sola capa durante un per\u00edodo de uso de 7 a 10 d\u00edas.<\/span><\/p>\n<p>&nbsp;<\/p>\n<p><span style=\"font-weight: 400;\">Las fuerzas aplicadas tanto laterales como las de rotaci\u00f3n reciben la respuesta de rebote.<\/span><\/p>\n<p>&nbsp;<\/p>\n<p><b>Fuerza lateral<\/b><\/p>\n<p><b>Sabilex Align<\/b><span style=\"font-weight: 400;\"> rebota ante fuerzas laterales<\/span><\/p>\n<p>&nbsp;<\/p>\n<p><b>Fuerza rotacional<\/b><\/p>\n<p><b>Sabilex Align<\/b><span style=\"font-weight: 400;\"> rebota ante las fuerzas de rotaci\u00f3n<\/span><\/p>\n<p>&nbsp;<\/p>\n<p><b>Los alineadores convencionales pierden fuerza con el tiempo<\/b><\/p>\n<p><span style=\"font-weight: 400;\">Los alineadores convencionales entran en la boca y ejercen una fuerza inicial importante sobre los dientes y luego disminuir\u00e1n con el tiempo porque los materiales se adaptan a las fuerzas que le aplican especialmente a la temperatura en boca, provocando una deformaci\u00f3n en el alineador.\u00a0<\/span><\/p>\n<p>&nbsp;<\/p>\n<p><span style=\"font-weight: 400;\">Esto puede resultar en una experiencia inc\u00f3moda para el paciente, ya que es posible que experimente dolor al principio. Adem\u00e1s, la fuerza de movimiento de los dientes puede ser limitada y disminuir r\u00e1pidamente en solo uno o dos d\u00edas.<\/span><\/p>\n<p>&nbsp;<\/p>\n<p><span style=\"font-weight: 400;\">Sabilex Align ofrece una experiencia mucho m\u00e1s c\u00f3moda para el paciente y una fuerza de movimiento de los dientes notablemente mejorada.\u00a0<\/span><\/p>\n<p><span style=\"font-weight: 400;\">En comparaci\u00f3n con otros materiales de alineadores, Sabilex Align ejerce un 42 % menos de fuerza de inserci\u00f3n, lo que reduce la incomodidad inicial. Adem\u00e1s, proporciona una comodidad significativamente mayor durante todo el tratamiento.<\/span><\/p>\n<p><span style=\"font-weight: 400;\">La fuerza de movimiento de los dientes se mejora en m\u00e1s del 140 % con Sabilex align, lo que significa que los dientes se desplazar\u00e1n de manera m\u00e1s eficiente y efectiva hacia la posici\u00f3n deseada. Esta mejora en la fuerza de movimiento permite a los odont\u00f3logos considerar acortar los per\u00edodos de uso y el tiempo total de tratamiento.<\/span><\/p>\n<p><b>En resumen:<\/b><\/p>\n<ul>\n<li style=\"font-weight: 400;\" aria-level=\"1\"><b>Sabilex Align<\/b><span style=\"font-weight: 400;\"> no solo brinda mayor comodidad al paciente, sino que tambi\u00e9n mejora la fuerza de movimiento de los dientes, lo que resulta en una gama m\u00e1s amplia de protocolos de tratamiento y la posibilidad de reducir los tiempos de uso y tratamiento.<\/span><\/li>\n<li style=\"font-weight: 400;\" aria-level=\"1\"><b>Sabilex Align<\/b><span style=\"font-weight: 400;\"> tienen la capacidad de mantener su forma y estructura original incluso cuando se someten a fuerzas de estr\u00e9s o presi\u00f3n durante el uso. Esto implica que los alineadores no se deforman f\u00e1cilmente y conservan su eficacia y funcionalidad a lo largo del tiempo. Garantiza que sigan aplicando la fuerza adecuada y logren los resultados de tratamiento esperados.<\/span><\/li>\n<li style=\"font-weight: 400;\" aria-level=\"1\"><b>Sabilex Align<\/b><span style=\"font-weight: 400;\"> brinda una fuerza suficiente para impulsar el movimiento dental de manera efectiva. Tambi\u00e9n es altamente resistentes a las manchas, conservando su transparencia y apariencia est\u00e9tica.\u00a0<\/span><\/li>\n<li style=\"font-weight: 400;\" aria-level=\"1\"><span style=\"font-weight: 400;\">Estas caracter\u00edsticas combinadas aseguran una experiencia de tratamiento exitosa y c\u00f3moda para los pacientes.<\/span><\/li>\n<\/ul>","protected":false},"excerpt":{"rendered":"<p>Las l\u00e1minas Sabilex Align para alineadores son de tres capas, tienen un espesor de 0,75mm o 0.03\u201d pulgadas. Tama\u00f1o cuadradas de 125&#215;125 mm o redondas di\u00e1metro 125 mm &nbsp; Tienen las siguientes propiedades: Capas externas resistentes y flexibles:\u00a0 Es resistente y robusta al desgaste. Est\u00e1 dise\u00f1ada para soportar las fuerzas masticatorias.\u00a0 Es flexible y se [&hellip;]<\/p>","protected":false},"featured_media":3136,"template":"","meta":[],"product_brand":[],"product_cat":[32,69],"product_tag":[],"profesion":[],"class_list":{"0":"post-3125","1":"product","2":"type-product","3":"status-publish","4":"has-post-thumbnail","6":"product_cat-laminas","7":"product_cat-laminas-en","9":"first","10":"instock","11":"shipping-taxable","12":"product-type-simple"},"exclude_global_add_ons":[],"addons":[],"yoast_head":"<!-- This site is optimized with the Yoast SEO plugin v24.7 - https:\/\/yoast.com\/wordpress\/plugins\/seo\/ -->\n<title>P223A - L\u00e1minas para alineadores Sabilex Align Multilayer - Sabilex<\/title>\n<meta name=\"robots\" content=\"index, follow, max-snippet:-1, max-image-preview:large, max-video-preview:-1\" \/>\n<link rel=\"canonical\" href=\"https:\/\/dev.sabilex.com\/en\/tienda\/laminas\/laminas-para-alineadores-sabilex-align-multilayer\/\" \/>\n<meta property=\"og:locale\" content=\"en_US\" \/>\n<meta property=\"og:type\" content=\"article\" \/>\n<meta property=\"og:title\" content=\"P223A - L\u00e1minas para alineadores Sabilex Align Multilayer - Sabilex\" \/>\n<meta property=\"og:description\" content=\"Las l\u00e1minas Sabilex Align para alineadores son de tres capas, tienen un espesor de 0,75mm o 0.03\u201d pulgadas. Tama\u00f1o cuadradas de 125&#215;125 mm o redondas di\u00e1metro 125 mm &nbsp; Tienen las siguientes propiedades: Capas externas resistentes y flexibles:\u00a0 Es resistente y robusta al desgaste. Est\u00e1 dise\u00f1ada para soportar las fuerzas masticatorias.\u00a0 Es flexible y se [&hellip;]\" \/>\n<meta property=\"og:url\" content=\"https:\/\/dev.sabilex.com\/en\/tienda\/laminas\/laminas-para-alineadores-sabilex-align-multilayer\/\" \/>\n<meta property=\"og:site_name\" content=\"Sabilex\" \/>\n<meta property=\"article:publisher\" content=\"https:\/\/www.facebook.com\/sabilexlatinoamerica\/\" \/>\n<meta property=\"article:modified_time\" content=\"2024-01-24T15:01:57+00:00\" \/>\n<meta property=\"og:image\" content=\"https:\/\/dev.sabilex.com\/wp-content\/uploads\/2023\/06\/Placa-cuadrada.png\" \/>\n\t<meta property=\"og:image:width\" content=\"323\" \/>\n\t<meta property=\"og:image:height\" content=\"397\" \/>\n\t<meta property=\"og:image:type\" content=\"image\/png\" \/>\n<meta name=\"twitter:card\" content=\"summary_large_image\" \/>\n<meta name=\"twitter:label1\" content=\"Est. reading time\" \/>\n\t<meta name=\"twitter:data1\" content=\"4 minutes\" \/>\n<script type=\"application\/ld+json\" class=\"yoast-schema-graph\">{\"@context\":\"https:\/\/schema.org\",\"@graph\":[{\"@type\":\"WebPage\",\"@id\":\"https:\/\/dev.sabilex.com\/tienda\/laminas\/laminas-para-alineadores-sabilex-align-multilayer\/\",\"url\":\"https:\/\/dev.sabilex.com\/tienda\/laminas\/laminas-para-alineadores-sabilex-align-multilayer\/\",\"name\":\"P223A - L\u00e1minas para alineadores Sabilex Align Multilayer - Sabilex\",\"isPartOf\":{\"@id\":\"https:\/\/dev.sabilex.com\/#website\"},\"primaryImageOfPage\":{\"@id\":\"https:\/\/dev.sabilex.com\/tienda\/laminas\/laminas-para-alineadores-sabilex-align-multilayer\/#primaryimage\"},\"image\":{\"@id\":\"https:\/\/dev.sabilex.com\/tienda\/laminas\/laminas-para-alineadores-sabilex-align-multilayer\/#primaryimage\"},\"thumbnailUrl\":\"https:\/\/dev.sabilex.com\/wp-content\/uploads\/2023\/06\/Placa-cuadrada.png\",\"datePublished\":\"2023-06-26T20:19:07+00:00\",\"dateModified\":\"2024-01-24T15:01:57+00:00\",\"breadcrumb\":{\"@id\":\"https:\/\/dev.sabilex.com\/tienda\/laminas\/laminas-para-alineadores-sabilex-align-multilayer\/#breadcrumb\"},\"inLanguage\":\"en-US\",\"potentialAction\":[{\"@type\":\"ReadAction\",\"target\":[\"https:\/\/dev.sabilex.com\/tienda\/laminas\/laminas-para-alineadores-sabilex-align-multilayer\/\"]}]},{\"@type\":\"ImageObject\",\"inLanguage\":\"en-US\",\"@id\":\"https:\/\/dev.sabilex.com\/tienda\/laminas\/laminas-para-alineadores-sabilex-align-multilayer\/#primaryimage\",\"url\":\"https:\/\/dev.sabilex.com\/wp-content\/uploads\/2023\/06\/Placa-cuadrada.png\",\"contentUrl\":\"https:\/\/dev.sabilex.com\/wp-content\/uploads\/2023\/06\/Placa-cuadrada.png\",\"width\":323,\"height\":397},{\"@type\":\"BreadcrumbList\",\"@id\":\"https:\/\/dev.sabilex.com\/tienda\/laminas\/laminas-para-alineadores-sabilex-align-multilayer\/#breadcrumb\",\"itemListElement\":[{\"@type\":\"ListItem\",\"position\":1,\"name\":\"Inicio\",\"item\":\"https:\/\/dev.sabilex.com\/\"},{\"@type\":\"ListItem\",\"position\":2,\"name\":\"Productos\",\"item\":\"https:\/\/dev.sabilex.com\/shop\/\"},{\"@type\":\"ListItem\",\"position\":3,\"name\":\"P223A &#8211; L\u00e1minas para alineadores Sabilex Align Multilayer\"}]},{\"@type\":\"WebSite\",\"@id\":\"https:\/\/dev.sabilex.com\/#website\",\"url\":\"https:\/\/dev.sabilex.com\/\",\"name\":\"Sabilex\",\"description\":\"Pr\u00f3tesis flexibles y m\u00e1s\",\"publisher\":{\"@id\":\"https:\/\/dev.sabilex.com\/#organization\"},\"potentialAction\":[{\"@type\":\"SearchAction\",\"target\":{\"@type\":\"EntryPoint\",\"urlTemplate\":\"https:\/\/dev.sabilex.com\/?s={search_term_string}\"},\"query-input\":{\"@type\":\"PropertyValueSpecification\",\"valueRequired\":true,\"valueName\":\"search_term_string\"}}],\"inLanguage\":\"en-US\"},{\"@type\":\"Organization\",\"@id\":\"https:\/\/dev.sabilex.com\/#organization\",\"name\":\"Sabilex\",\"url\":\"https:\/\/dev.sabilex.com\/\",\"logo\":{\"@type\":\"ImageObject\",\"inLanguage\":\"en-US\",\"@id\":\"https:\/\/dev.sabilex.com\/#\/schema\/logo\/image\/\",\"url\":\"https:\/\/dev.sabilex.com\/wp-content\/uploads\/2023\/01\/logo.png\",\"contentUrl\":\"https:\/\/dev.sabilex.com\/wp-content\/uploads\/2023\/01\/logo.png\",\"width\":600,\"height\":105,\"caption\":\"Sabilex\"},\"image\":{\"@id\":\"https:\/\/dev.sabilex.com\/#\/schema\/logo\/image\/\"},\"sameAs\":[\"https:\/\/www.facebook.com\/sabilexlatinoamerica\/\",\"https:\/\/www.instagram.com\/sabilexlatinoamerica\/\"]}]}<\/script>\n<!-- \/ Yoast SEO plugin. -->","yoast_head_json":{"title":"P223A - L\u00e1minas para alineadores Sabilex Align Multilayer - Sabilex","robots":{"index":"index","follow":"follow","max-snippet":"max-snippet:-1","max-image-preview":"max-image-preview:large","max-video-preview":"max-video-preview:-1"},"canonical":"https:\/\/dev.sabilex.com\/en\/tienda\/laminas\/laminas-para-alineadores-sabilex-align-multilayer\/","og_locale":"en_US","og_type":"article","og_title":"P223A - L\u00e1minas para alineadores Sabilex Align Multilayer - Sabilex","og_description":"Las l\u00e1minas Sabilex Align para alineadores son de tres capas, tienen un espesor de 0,75mm o 0.03\u201d pulgadas. Tama\u00f1o cuadradas de 125&#215;125 mm o redondas di\u00e1metro 125 mm &nbsp; Tienen las siguientes propiedades: Capas externas resistentes y flexibles:\u00a0 Es resistente y robusta al desgaste. Est\u00e1 dise\u00f1ada para soportar las fuerzas masticatorias.\u00a0 Es flexible y se [&hellip;]","og_url":"https:\/\/dev.sabilex.com\/en\/tienda\/laminas\/laminas-para-alineadores-sabilex-align-multilayer\/","og_site_name":"Sabilex","article_publisher":"https:\/\/www.facebook.com\/sabilexlatinoamerica\/","article_modified_time":"2024-01-24T15:01:57+00:00","og_image":[{"width":323,"height":397,"url":"https:\/\/dev.sabilex.com\/wp-content\/uploads\/2023\/06\/Placa-cuadrada.png","type":"image\/png"}],"twitter_card":"summary_large_image","twitter_misc":{"Est. reading time":"4 minutes"},"schema":{"@context":"https:\/\/schema.org","@graph":[{"@type":"WebPage","@id":"https:\/\/dev.sabilex.com\/tienda\/laminas\/laminas-para-alineadores-sabilex-align-multilayer\/","url":"https:\/\/dev.sabilex.com\/tienda\/laminas\/laminas-para-alineadores-sabilex-align-multilayer\/","name":"P223A - L\u00e1minas para alineadores Sabilex Align Multilayer - Sabilex","isPartOf":{"@id":"https:\/\/dev.sabilex.com\/#website"},"primaryImageOfPage":{"@id":"https:\/\/dev.sabilex.com\/tienda\/laminas\/laminas-para-alineadores-sabilex-align-multilayer\/#primaryimage"},"image":{"@id":"https:\/\/dev.sabilex.com\/tienda\/laminas\/laminas-para-alineadores-sabilex-align-multilayer\/#primaryimage"},"thumbnailUrl":"https:\/\/dev.sabilex.com\/wp-content\/uploads\/2023\/06\/Placa-cuadrada.png","datePublished":"2023-06-26T20:19:07+00:00","dateModified":"2024-01-24T15:01:57+00:00","breadcrumb":{"@id":"https:\/\/dev.sabilex.com\/tienda\/laminas\/laminas-para-alineadores-sabilex-align-multilayer\/#breadcrumb"},"inLanguage":"en-US","potentialAction":[{"@type":"ReadAction","target":["https:\/\/dev.sabilex.com\/tienda\/laminas\/laminas-para-alineadores-sabilex-align-multilayer\/"]}]},{"@type":"ImageObject","inLanguage":"en-US","@id":"https:\/\/dev.sabilex.com\/tienda\/laminas\/laminas-para-alineadores-sabilex-align-multilayer\/#primaryimage","url":"https:\/\/dev.sabilex.com\/wp-content\/uploads\/2023\/06\/Placa-cuadrada.png","contentUrl":"https:\/\/dev.sabilex.com\/wp-content\/uploads\/2023\/06\/Placa-cuadrada.png","width":323,"height":397},{"@type":"BreadcrumbList","@id":"https:\/\/dev.sabilex.com\/tienda\/laminas\/laminas-para-alineadores-sabilex-align-multilayer\/#breadcrumb","itemListElement":[{"@type":"ListItem","position":1,"name":"Inicio","item":"https:\/\/dev.sabilex.com\/"},{"@type":"ListItem","position":2,"name":"Productos","item":"https:\/\/dev.sabilex.com\/shop\/"},{"@type":"ListItem","position":3,"name":"P223A &#8211; L\u00e1minas para alineadores Sabilex Align Multilayer"}]},{"@type":"WebSite","@id":"https:\/\/dev.sabilex.com\/#website","url":"https:\/\/dev.sabilex.com\/","name":"Sabilex","description":"Pr\u00f3tesis flexibles y m\u00e1s","publisher":{"@id":"https:\/\/dev.sabilex.com\/#organization"},"potentialAction":[{"@type":"SearchAction","target":{"@type":"EntryPoint","urlTemplate":"https:\/\/dev.sabilex.com\/?s={search_term_string}"},"query-input":{"@type":"PropertyValueSpecification","valueRequired":true,"valueName":"search_term_string"}}],"inLanguage":"en-US"},{"@type":"Organization","@id":"https:\/\/dev.sabilex.com\/#organization","name":"Sabilex","url":"https:\/\/dev.sabilex.com\/","logo":{"@type":"ImageObject","inLanguage":"en-US","@id":"https:\/\/dev.sabilex.com\/#\/schema\/logo\/image\/","url":"https:\/\/dev.sabilex.com\/wp-content\/uploads\/2023\/01\/logo.png","contentUrl":"https:\/\/dev.sabilex.com\/wp-content\/uploads\/2023\/01\/logo.png","width":600,"height":105,"caption":"Sabilex"},"image":{"@id":"https:\/\/dev.sabilex.com\/#\/schema\/logo\/image\/"},"sameAs":["https:\/\/www.facebook.com\/sabilexlatinoamerica\/","https:\/\/www.instagram.com\/sabilexlatinoamerica\/"]}]}},"_links":{"self":[{"href":"https:\/\/dev.sabilex.com\/en\/wp-json\/wp\/v2\/product\/3125","targetHints":{"allow":["GET"]}}],"collection":[{"href":"https:\/\/dev.sabilex.com\/en\/wp-json\/wp\/v2\/product"}],"about":[{"href":"https:\/\/dev.sabilex.com\/en\/wp-json\/wp\/v2\/types\/product"}],"version-history":[{"count":3,"href":"https:\/\/dev.sabilex.com\/en\/wp-json\/wp\/v2\/product\/3125\/revisions"}],"predecessor-version":[{"id":3599,"href":"https:\/\/dev.sabilex.com\/en\/wp-json\/wp\/v2\/product\/3125\/revisions\/3599"}],"wp:featuredmedia":[{"embeddable":true,"href":"https:\/\/dev.sabilex.com\/en\/wp-json\/wp\/v2\/media\/3136"}],"wp:attachment":[{"href":"https:\/\/dev.sabilex.com\/en\/wp-json\/wp\/v2\/media?parent=3125"}],"wp:term":[{"taxonomy":"product_brand","embeddable":true,"href":"https:\/\/dev.sabilex.com\/en\/wp-json\/wp\/v2\/product_brand?post=3125"},{"taxonomy":"product_cat","embeddable":true,"href":"https:\/\/dev.sabilex.com\/en\/wp-json\/wp\/v2\/product_cat?post=3125"},{"taxonomy":"product_tag","embeddable":true,"href":"https:\/\/dev.sabilex.com\/en\/wp-json\/wp\/v2\/product_tag?post=3125"},{"taxonomy":"profesion","embeddable":true,"href":"https:\/\/dev.sabilex.com\/en\/wp-json\/wp\/v2\/profesion?post=3125"}],"curies":[{"name":"wp","href":"https:\/\/api.w.org\/{rel}","templated":true}]}}