{"id":3694,"date":"2024-05-24T11:52:37","date_gmt":"2024-05-24T14:52:37","guid":{"rendered":"https:\/\/dev.sabilex.com\/?post_type=product&#038;p=3694"},"modified":"2024-07-01T16:42:49","modified_gmt":"2024-07-01T19:42:49","slug":"termoformadora-por-presion-positiva-p10","status":"publish","type":"product","link":"https:\/\/dev.sabilex.com\/en\/tienda\/termoformadoras\/termoformadora-por-presion-positiva-p10\/","title":{"rendered":"Positive Pressure Forming Machine P10"},"content":{"rendered":"<p><strong>Higher thermoforming precision<\/strong><\/p>\n<p>TermoPress, the positive pressure thermoformer.<br \/>\nIdeal for aligners.<br \/>\nSabilex supplies 0.03\" (0.75 mm) sheets.<br \/>\nEasy-to-operate, efficient, and durable machine.<br \/>\nGenerates high positive pressure to adapt the sheet to the<br \/>\nmodel.<br \/>\nThe pressure is much more intense than that used by the<br \/>\ntraditional vacuum method, therefore achieving a better<br \/>\nresult in the thermoforming of aligners, mouthguards<br \/>\nmouthguards, relaxation splints, etc.<br \/>\nIt fits more tightly to the model. The difference is<br \/>\nvisibly noticeable compared to the traditional method.<br \/>\nLower noise compared to vacuum machines.<br \/>\nPractical and versatile, it allows the production of plates of different<br \/>\nmaterials up to 6 mm thick.<br \/>\nIt accepts round and square plates.<\/p>\n<p>It must be directly connected to a compressor regulated to a<br \/>\npressure between 3 and 8 bar (45 to 110 psi).<\/p>\n<p><strong>For the production of:<\/strong><br \/>\n\u2022 Aligners<br \/>\n\u2022 Individual plates, base plates, temporary bridges.<br \/>\n\u2022 Whitening trays<br \/>\n\u2022 Anti-snoring and apnea plates<br \/>\n\u2022 Mouthguards for athletes<br \/>\n\u2022 Bruxism splints<br \/>\n\u2022 General dentistry<\/p>\n<p><strong>Technical specifications<\/strong><br \/>\n\u2022 Available in voltages: 110V or 220V;<br \/>\n\u2022 Weight: 7.5 kg;<br \/>\n\u2022 Dimensions: (LxWxH) 27x24x27 cm.<\/p>","protected":false},"excerpt":{"rendered":"<p>Mayor precisi\u00f3n de termoformado TermoPress, la termoformadora de presi\u00f3n positiva. Ideal para alineadores. Sabilex provee de las l\u00e1minas 0.03\u201d (0,75 mm) Unidad f\u00e1cil de operar, eficiente y duradera. Genera una gran presi\u00f3n positiva para adaptar la l\u00e1mina al modelo. La presi\u00f3n es mucho m\u00e1s intensa que la que se usa por el m\u00e9todo tradicional de [&hellip;]<\/p>","protected":false},"featured_media":3697,"template":"","meta":[],"product_brand":[],"product_cat":[31,68],"product_tag":[],"profesion":[56],"class_list":{"0":"post-3694","1":"product","2":"type-product","3":"status-publish","4":"has-post-thumbnail","6":"product_cat-termoformadoras","7":"product_cat-termoformadoras-en","8":"profesion-dental","10":"first","11":"instock","12":"shipping-taxable","13":"product-type-simple"},"exclude_global_add_ons":[],"addons":[],"yoast_head":"<!-- This site is optimized with the Yoast SEO plugin v24.7 - https:\/\/yoast.com\/wordpress\/plugins\/seo\/ -->\n<title>Termoformadora por presi\u00f3n positiva P10 - Sabilex<\/title>\n<meta name=\"robots\" content=\"index, follow, max-snippet:-1, max-image-preview:large, max-video-preview:-1\" \/>\n<link rel=\"canonical\" href=\"https:\/\/dev.sabilex.com\/en\/tienda\/termoformadoras\/termoformadora-por-presion-positiva-p10\/\" \/>\n<meta property=\"og:locale\" content=\"en_US\" \/>\n<meta property=\"og:type\" content=\"article\" \/>\n<meta property=\"og:title\" content=\"Termoformadora por presi\u00f3n positiva P10 - Sabilex\" \/>\n<meta property=\"og:description\" content=\"Mayor precisi\u00f3n de termoformado TermoPress, la termoformadora de presi\u00f3n positiva. Ideal para alineadores. Sabilex provee de las l\u00e1minas 0.03\u201d (0,75 mm) Unidad f\u00e1cil de operar, eficiente y duradera. Genera una gran presi\u00f3n positiva para adaptar la l\u00e1mina al modelo. La presi\u00f3n es mucho m\u00e1s intensa que la que se usa por el m\u00e9todo tradicional de [&hellip;]\" \/>\n<meta property=\"og:url\" content=\"https:\/\/dev.sabilex.com\/en\/tienda\/termoformadoras\/termoformadora-por-presion-positiva-p10\/\" \/>\n<meta property=\"og:site_name\" content=\"Sabilex\" \/>\n<meta property=\"article:publisher\" content=\"https:\/\/www.facebook.com\/sabilexlatinoamerica\/\" \/>\n<meta property=\"article:modified_time\" content=\"2024-07-01T19:42:49+00:00\" \/>\n<meta property=\"og:image\" content=\"https:\/\/dev.sabilex.com\/wp-content\/uploads\/2024\/05\/ei_1717435384466-removebg-preview-e1717438932425.png\" \/>\n\t<meta property=\"og:image:width\" content=\"215\" \/>\n\t<meta property=\"og:image:height\" content=\"310\" \/>\n\t<meta property=\"og:image:type\" content=\"image\/png\" \/>\n<meta name=\"twitter:card\" content=\"summary_large_image\" \/>\n<meta name=\"twitter:label1\" content=\"Est. reading time\" \/>\n\t<meta name=\"twitter:data1\" content=\"2 minutes\" \/>\n<script type=\"application\/ld+json\" class=\"yoast-schema-graph\">{\"@context\":\"https:\/\/schema.org\",\"@graph\":[{\"@type\":\"WebPage\",\"@id\":\"https:\/\/dev.sabilex.com\/tienda\/termoformadoras\/termoformadora-por-presion-positiva-p10\/\",\"url\":\"https:\/\/dev.sabilex.com\/tienda\/termoformadoras\/termoformadora-por-presion-positiva-p10\/\",\"name\":\"Termoformadora por presi\u00f3n positiva P10 - Sabilex\",\"isPartOf\":{\"@id\":\"https:\/\/dev.sabilex.com\/#website\"},\"primaryImageOfPage\":{\"@id\":\"https:\/\/dev.sabilex.com\/tienda\/termoformadoras\/termoformadora-por-presion-positiva-p10\/#primaryimage\"},\"image\":{\"@id\":\"https:\/\/dev.sabilex.com\/tienda\/termoformadoras\/termoformadora-por-presion-positiva-p10\/#primaryimage\"},\"thumbnailUrl\":\"https:\/\/dev.sabilex.com\/wp-content\/uploads\/2024\/05\/ei_1717435384466-removebg-preview-e1717438932425.png\",\"datePublished\":\"2024-05-24T14:52:37+00:00\",\"dateModified\":\"2024-07-01T19:42:49+00:00\",\"breadcrumb\":{\"@id\":\"https:\/\/dev.sabilex.com\/tienda\/termoformadoras\/termoformadora-por-presion-positiva-p10\/#breadcrumb\"},\"inLanguage\":\"en-US\",\"potentialAction\":[{\"@type\":\"ReadAction\",\"target\":[\"https:\/\/dev.sabilex.com\/tienda\/termoformadoras\/termoformadora-por-presion-positiva-p10\/\"]}]},{\"@type\":\"ImageObject\",\"inLanguage\":\"en-US\",\"@id\":\"https:\/\/dev.sabilex.com\/tienda\/termoformadoras\/termoformadora-por-presion-positiva-p10\/#primaryimage\",\"url\":\"https:\/\/dev.sabilex.com\/wp-content\/uploads\/2024\/05\/ei_1717435384466-removebg-preview-e1717438932425.png\",\"contentUrl\":\"https:\/\/dev.sabilex.com\/wp-content\/uploads\/2024\/05\/ei_1717435384466-removebg-preview-e1717438932425.png\",\"width\":215,\"height\":310},{\"@type\":\"BreadcrumbList\",\"@id\":\"https:\/\/dev.sabilex.com\/tienda\/termoformadoras\/termoformadora-por-presion-positiva-p10\/#breadcrumb\",\"itemListElement\":[{\"@type\":\"ListItem\",\"position\":1,\"name\":\"Inicio\",\"item\":\"https:\/\/dev.sabilex.com\/\"},{\"@type\":\"ListItem\",\"position\":2,\"name\":\"Productos\",\"item\":\"https:\/\/dev.sabilex.com\/shop\/\"},{\"@type\":\"ListItem\",\"position\":3,\"name\":\"Termoformadora por presi\u00f3n positiva P10\"}]},{\"@type\":\"WebSite\",\"@id\":\"https:\/\/dev.sabilex.com\/#website\",\"url\":\"https:\/\/dev.sabilex.com\/\",\"name\":\"Sabilex\",\"description\":\"Pr\u00f3tesis flexibles y m\u00e1s\",\"publisher\":{\"@id\":\"https:\/\/dev.sabilex.com\/#organization\"},\"potentialAction\":[{\"@type\":\"SearchAction\",\"target\":{\"@type\":\"EntryPoint\",\"urlTemplate\":\"https:\/\/dev.sabilex.com\/?s={search_term_string}\"},\"query-input\":{\"@type\":\"PropertyValueSpecification\",\"valueRequired\":true,\"valueName\":\"search_term_string\"}}],\"inLanguage\":\"en-US\"},{\"@type\":\"Organization\",\"@id\":\"https:\/\/dev.sabilex.com\/#organization\",\"name\":\"Sabilex\",\"url\":\"https:\/\/dev.sabilex.com\/\",\"logo\":{\"@type\":\"ImageObject\",\"inLanguage\":\"en-US\",\"@id\":\"https:\/\/dev.sabilex.com\/#\/schema\/logo\/image\/\",\"url\":\"https:\/\/dev.sabilex.com\/wp-content\/uploads\/2023\/01\/logo.png\",\"contentUrl\":\"https:\/\/dev.sabilex.com\/wp-content\/uploads\/2023\/01\/logo.png\",\"width\":600,\"height\":105,\"caption\":\"Sabilex\"},\"image\":{\"@id\":\"https:\/\/dev.sabilex.com\/#\/schema\/logo\/image\/\"},\"sameAs\":[\"https:\/\/www.facebook.com\/sabilexlatinoamerica\/\",\"https:\/\/www.instagram.com\/sabilexlatinoamerica\/\"]}]}<\/script>\n<!-- \/ Yoast SEO plugin. -->","yoast_head_json":{"title":"Termoformadora por presi\u00f3n positiva P10 - Sabilex","robots":{"index":"index","follow":"follow","max-snippet":"max-snippet:-1","max-image-preview":"max-image-preview:large","max-video-preview":"max-video-preview:-1"},"canonical":"https:\/\/dev.sabilex.com\/en\/tienda\/termoformadoras\/termoformadora-por-presion-positiva-p10\/","og_locale":"en_US","og_type":"article","og_title":"Termoformadora por presi\u00f3n positiva P10 - Sabilex","og_description":"Mayor precisi\u00f3n de termoformado TermoPress, la termoformadora de presi\u00f3n positiva. Ideal para alineadores. Sabilex provee de las l\u00e1minas 0.03\u201d (0,75 mm) Unidad f\u00e1cil de operar, eficiente y duradera. Genera una gran presi\u00f3n positiva para adaptar la l\u00e1mina al modelo. La presi\u00f3n es mucho m\u00e1s intensa que la que se usa por el m\u00e9todo tradicional de [&hellip;]","og_url":"https:\/\/dev.sabilex.com\/en\/tienda\/termoformadoras\/termoformadora-por-presion-positiva-p10\/","og_site_name":"Sabilex","article_publisher":"https:\/\/www.facebook.com\/sabilexlatinoamerica\/","article_modified_time":"2024-07-01T19:42:49+00:00","og_image":[{"width":215,"height":310,"url":"https:\/\/dev.sabilex.com\/wp-content\/uploads\/2024\/05\/ei_1717435384466-removebg-preview-e1717438932425.png","type":"image\/png"}],"twitter_card":"summary_large_image","twitter_misc":{"Est. reading time":"2 minutes"},"schema":{"@context":"https:\/\/schema.org","@graph":[{"@type":"WebPage","@id":"https:\/\/dev.sabilex.com\/tienda\/termoformadoras\/termoformadora-por-presion-positiva-p10\/","url":"https:\/\/dev.sabilex.com\/tienda\/termoformadoras\/termoformadora-por-presion-positiva-p10\/","name":"Termoformadora por presi\u00f3n positiva P10 - Sabilex","isPartOf":{"@id":"https:\/\/dev.sabilex.com\/#website"},"primaryImageOfPage":{"@id":"https:\/\/dev.sabilex.com\/tienda\/termoformadoras\/termoformadora-por-presion-positiva-p10\/#primaryimage"},"image":{"@id":"https:\/\/dev.sabilex.com\/tienda\/termoformadoras\/termoformadora-por-presion-positiva-p10\/#primaryimage"},"thumbnailUrl":"https:\/\/dev.sabilex.com\/wp-content\/uploads\/2024\/05\/ei_1717435384466-removebg-preview-e1717438932425.png","datePublished":"2024-05-24T14:52:37+00:00","dateModified":"2024-07-01T19:42:49+00:00","breadcrumb":{"@id":"https:\/\/dev.sabilex.com\/tienda\/termoformadoras\/termoformadora-por-presion-positiva-p10\/#breadcrumb"},"inLanguage":"en-US","potentialAction":[{"@type":"ReadAction","target":["https:\/\/dev.sabilex.com\/tienda\/termoformadoras\/termoformadora-por-presion-positiva-p10\/"]}]},{"@type":"ImageObject","inLanguage":"en-US","@id":"https:\/\/dev.sabilex.com\/tienda\/termoformadoras\/termoformadora-por-presion-positiva-p10\/#primaryimage","url":"https:\/\/dev.sabilex.com\/wp-content\/uploads\/2024\/05\/ei_1717435384466-removebg-preview-e1717438932425.png","contentUrl":"https:\/\/dev.sabilex.com\/wp-content\/uploads\/2024\/05\/ei_1717435384466-removebg-preview-e1717438932425.png","width":215,"height":310},{"@type":"BreadcrumbList","@id":"https:\/\/dev.sabilex.com\/tienda\/termoformadoras\/termoformadora-por-presion-positiva-p10\/#breadcrumb","itemListElement":[{"@type":"ListItem","position":1,"name":"Inicio","item":"https:\/\/dev.sabilex.com\/"},{"@type":"ListItem","position":2,"name":"Productos","item":"https:\/\/dev.sabilex.com\/shop\/"},{"@type":"ListItem","position":3,"name":"Termoformadora por presi\u00f3n positiva P10"}]},{"@type":"WebSite","@id":"https:\/\/dev.sabilex.com\/#website","url":"https:\/\/dev.sabilex.com\/","name":"Sabilex","description":"Pr\u00f3tesis flexibles y m\u00e1s","publisher":{"@id":"https:\/\/dev.sabilex.com\/#organization"},"potentialAction":[{"@type":"SearchAction","target":{"@type":"EntryPoint","urlTemplate":"https:\/\/dev.sabilex.com\/?s={search_term_string}"},"query-input":{"@type":"PropertyValueSpecification","valueRequired":true,"valueName":"search_term_string"}}],"inLanguage":"en-US"},{"@type":"Organization","@id":"https:\/\/dev.sabilex.com\/#organization","name":"Sabilex","url":"https:\/\/dev.sabilex.com\/","logo":{"@type":"ImageObject","inLanguage":"en-US","@id":"https:\/\/dev.sabilex.com\/#\/schema\/logo\/image\/","url":"https:\/\/dev.sabilex.com\/wp-content\/uploads\/2023\/01\/logo.png","contentUrl":"https:\/\/dev.sabilex.com\/wp-content\/uploads\/2023\/01\/logo.png","width":600,"height":105,"caption":"Sabilex"},"image":{"@id":"https:\/\/dev.sabilex.com\/#\/schema\/logo\/image\/"},"sameAs":["https:\/\/www.facebook.com\/sabilexlatinoamerica\/","https:\/\/www.instagram.com\/sabilexlatinoamerica\/"]}]}},"_links":{"self":[{"href":"https:\/\/dev.sabilex.com\/en\/wp-json\/wp\/v2\/product\/3694","targetHints":{"allow":["GET"]}}],"collection":[{"href":"https:\/\/dev.sabilex.com\/en\/wp-json\/wp\/v2\/product"}],"about":[{"href":"https:\/\/dev.sabilex.com\/en\/wp-json\/wp\/v2\/types\/product"}],"version-history":[{"count":1,"href":"https:\/\/dev.sabilex.com\/en\/wp-json\/wp\/v2\/product\/3694\/revisions"}],"predecessor-version":[{"id":3695,"href":"https:\/\/dev.sabilex.com\/en\/wp-json\/wp\/v2\/product\/3694\/revisions\/3695"}],"wp:featuredmedia":[{"embeddable":true,"href":"https:\/\/dev.sabilex.com\/en\/wp-json\/wp\/v2\/media\/3697"}],"wp:attachment":[{"href":"https:\/\/dev.sabilex.com\/en\/wp-json\/wp\/v2\/media?parent=3694"}],"wp:term":[{"taxonomy":"product_brand","embeddable":true,"href":"https:\/\/dev.sabilex.com\/en\/wp-json\/wp\/v2\/product_brand?post=3694"},{"taxonomy":"product_cat","embeddable":true,"href":"https:\/\/dev.sabilex.com\/en\/wp-json\/wp\/v2\/product_cat?post=3694"},{"taxonomy":"product_tag","embeddable":true,"href":"https:\/\/dev.sabilex.com\/en\/wp-json\/wp\/v2\/product_tag?post=3694"},{"taxonomy":"profesion","embeddable":true,"href":"https:\/\/dev.sabilex.com\/en\/wp-json\/wp\/v2\/profesion?post=3694"}],"curies":[{"name":"wp","href":"https:\/\/api.w.org\/{rel}","templated":true}]}}