{"id":3699,"date":"2024-07-01T15:34:35","date_gmt":"2024-07-01T18:34:35","guid":{"rendered":"https:\/\/dev.sabilex.com\/?post_type=product&#038;p=3699"},"modified":"2024-10-14T12:22:18","modified_gmt":"2024-10-14T15:22:18","slug":"termoformadora-g10","status":"publish","type":"product","link":"https:\/\/dev.sabilex.com\/en\/tienda\/termoformadoras\/termoformadora-g10\/","title":{"rendered":"Termoformadora G10"},"content":{"rendered":"<p><b>Termoformadora por Calor y Vac\u00edo G10<\/b><\/p>\n<p><span style=\"font-weight: 400;\">For the thermoforming of plastic sheets of different materials and thicknesses.<\/span><\/p>\n<p><span style=\"font-weight: 400;\">For the making of:<\/span><\/p>\n<p><span style=\"font-weight: 400;\">Muscle relaxing plaques (Bruxism)<\/span><\/p>\n<p><span style=\"font-weight: 400;\">Orthodontic aligners<\/span><\/p>\n<p><span style=\"font-weight: 400;\">Mouth guards for athletes<\/span><\/p>\n<p><span style=\"font-weight: 400;\">Surgical guides<\/span><\/p>\n<p><span style=\"font-weight: 400;\">Individual trays<\/span><\/p>\n<p><span style=\"font-weight: 400;\">Copings\u00a0<\/span><\/p>\n<p><span style=\"font-weight: 400;\">Temporary bridges<\/span><\/p>\n<p><span style=\"font-weight: 400;\">Base plates<\/span><\/p>\n<p><span style=\"font-weight: 400;\">Bracket positioning\u00a0<\/span><\/p>\n<p><span style=\"font-weight: 400;\">Bleaching trays... and more<\/span><\/p>\n<p>&nbsp;<\/p>\n<p><span style=\"font-weight: 400;\">Characteristics:<\/span><\/p>\n<p><span style=\"font-weight: 400;\">Easy to use system<\/span><\/p>\n<p><span style=\"font-weight: 400;\">Light and Compact<\/span><\/p>\n<p><span style=\"font-weight: 400;\">Cast and plastic aluminum structure which provides excellent resistance characteristics <\/span><\/p>\n<p><span style=\"font-weight: 400;\">Hexagonal column \u2022 Bronze brushing<\/span><\/p>\n<p><span style=\"font-weight: 400;\">Aluminium frame<\/span><\/p>\n<p><span style=\"font-weight: 400;\">Works with 125mm x 125mm (5\u201d x 5\u201d) sheets<\/span><\/p>\n<p><span style=\"font-weight: 400;\">Symmetrical heating system 600 W<\/span><\/p>\n<p><span style=\"font-weight: 400;\">Vacuum Motor: Suction power 1100 W<\/span><\/p>\n<p><span style=\"font-weight: 400;\">Power Consumption: 1,700 W<\/span><\/p>\n<p><span style=\"font-weight: 400;\">Available in 220V and 110V<\/span><\/p>\n<p>&nbsp;<\/p>\n<p><span style=\"font-weight: 400;\">Measures: 160 x 230 x 300 mm<\/span><\/p>\n<p><span style=\"font-weight: 400;\">Weight: 3.9kg<\/span><\/p>\n<p><span style=\"font-weight: 400;\">Package measures: 180 x 280 x 340 mm<\/span><\/p>\n<p><span style=\"font-weight: 400;\">Package weight: 4,4 kg.<\/span><\/p>\n<p><span style=\"font-weight: 400;\">Excellent value for money<\/span><\/p>\n<p>&nbsp;<\/p>\n<p><span style=\"font-weight: 400;\">Optional<\/span><\/p>\n<p><span style=\"font-weight: 400;\">Tray to dip the model into balls.<\/span><\/p>\n<p><span style=\"font-weight: 400;\">Adapter for thermoforming round sheets.<\/span><\/p>\n<p><span style=\"font-weight: 400;\">Additional Information:<\/span><\/p>\n<p><span style=\"font-weight: 400;\">Sabilex vacuum forming machines stand out  due to their quality, easy to use features, design and customer service.<\/span><\/p>\n<p><span style=\"font-weight: 400;\">La termoformadora G10, es el modelo compacto y se diferencia del modelo P105 por su dise\u00f1o moderno, eficiente, compacta y liviana. Ocupa poco espacio y tiene l\u00edneas redondeadas.\u00a0 A su vez es s\u00f3lida y tiene la misma potencia de succi\u00f3n y calentamiento que el modelo P105.<\/span><\/p>\n<p><span style=\"font-weight: 400;\">Distinctive features that sets the Sabilex vacuum forming machines apart from others in the market.<\/span><\/p>\n<p><span style=\"font-weight: 400;\">Hexagonal column:  prevents lateral movements of the sheet frame, so that thermoforming sheets don\u2019t get affected.<\/span><\/p>\n<p><span style=\"font-weight: 400;\">Bronze Bushing: Makes the aluminum frame glide smoothly  allowing for a lifetime of trouble-free operation.\u00a0<\/span><\/p>\n<p><span style=\"font-weight: 400;\">Symmetrical heating system: armored stainless steel resistance, allowing  a uniform distribution of temperature on the entire surface of the sheet.<\/span><\/p>\n<p><span style=\"font-weight: 400;\">Powerful vacuum motor:  ensures very precise vacuum forming results.<\/span><\/p>\n<p><span style=\"font-weight: 400;\">Quick and efficient: allows work to be carried out in the dental  office in a short time.<\/span><\/p>\n<p><span style=\"font-weight: 400;\">Excellent investment: investment returns by making 30 sheets approximately.<\/span><\/p>\n<p>&nbsp;<\/p>","protected":false},"excerpt":{"rendered":"<p>Termoformadora por Calor y Vac\u00edo G10 Para el termoformado de placas pl\u00e1sticas de distintos materiales y espesores. Para confecci\u00f3n de: Placas miorrelajantes (Bruxismo) Alineadores para ortodoncia Protectores bucales para deportistas Gu\u00edas quir\u00fargicas Cubetas individuales Copings\u00a0 Puentes temporarios Placas base Fijaci\u00f3n de Brackets\u00a0 Placas para blanqueamiento&#8230; y m\u00e1s &nbsp; Caracter\u00edsticas: Sistema f\u00e1cil de utilizar Liviana y [&hellip;]<\/p>","protected":false},"featured_media":3750,"template":"","meta":[],"product_brand":[],"product_cat":[31,68],"product_tag":[],"profesion":[56],"class_list":{"0":"post-3699","1":"product","2":"type-product","3":"status-publish","4":"has-post-thumbnail","6":"product_cat-termoformadoras","7":"product_cat-termoformadoras-en","8":"profesion-dental","10":"first","11":"instock","12":"shipping-taxable","13":"product-type-simple"},"exclude_global_add_ons":[],"addons":[],"yoast_head":"<!-- This site is optimized with the Yoast SEO plugin v24.7 - https:\/\/yoast.com\/wordpress\/plugins\/seo\/ -->\n<title>Termoformadora G10 - Sabilex<\/title>\n<meta name=\"robots\" content=\"index, follow, max-snippet:-1, max-image-preview:large, max-video-preview:-1\" \/>\n<link rel=\"canonical\" href=\"https:\/\/dev.sabilex.com\/en\/tienda\/termoformadoras\/termoformadora-g10\/\" \/>\n<meta property=\"og:locale\" content=\"en_US\" \/>\n<meta property=\"og:type\" content=\"article\" \/>\n<meta property=\"og:title\" content=\"Termoformadora G10 - Sabilex\" \/>\n<meta property=\"og:description\" content=\"Termoformadora por Calor y Vac\u00edo G10 Para el termoformado de placas pl\u00e1sticas de distintos materiales y espesores. Para confecci\u00f3n de: Placas miorrelajantes (Bruxismo) Alineadores para ortodoncia Protectores bucales para deportistas Gu\u00edas quir\u00fargicas Cubetas individuales Copings\u00a0 Puentes temporarios Placas base Fijaci\u00f3n de Brackets\u00a0 Placas para blanqueamiento&#8230; y m\u00e1s &nbsp; Caracter\u00edsticas: Sistema f\u00e1cil de utilizar Liviana y [&hellip;]\" \/>\n<meta property=\"og:url\" content=\"https:\/\/dev.sabilex.com\/en\/tienda\/termoformadoras\/termoformadora-g10\/\" \/>\n<meta property=\"og:site_name\" content=\"Sabilex\" \/>\n<meta property=\"article:publisher\" content=\"https:\/\/www.facebook.com\/sabilexlatinoamerica\/\" \/>\n<meta property=\"article:modified_time\" content=\"2024-10-14T15:22:18+00:00\" \/>\n<meta property=\"og:image\" content=\"https:\/\/dev.sabilex.com\/wp-content\/uploads\/2024\/07\/IMG_20240828_095203236-removebg-preview.png\" \/>\n\t<meta property=\"og:image:width\" content=\"375\" \/>\n\t<meta property=\"og:image:height\" content=\"666\" \/>\n\t<meta property=\"og:image:type\" content=\"image\/png\" \/>\n<meta name=\"twitter:card\" content=\"summary_large_image\" \/>\n<meta name=\"twitter:label1\" content=\"Est. reading time\" \/>\n\t<meta name=\"twitter:data1\" content=\"2 minutes\" \/>\n<script type=\"application\/ld+json\" class=\"yoast-schema-graph\">{\"@context\":\"https:\/\/schema.org\",\"@graph\":[{\"@type\":\"WebPage\",\"@id\":\"https:\/\/dev.sabilex.com\/tienda\/termoformadoras\/termoformadora-g10\/\",\"url\":\"https:\/\/dev.sabilex.com\/tienda\/termoformadoras\/termoformadora-g10\/\",\"name\":\"Termoformadora G10 - Sabilex\",\"isPartOf\":{\"@id\":\"https:\/\/dev.sabilex.com\/#website\"},\"primaryImageOfPage\":{\"@id\":\"https:\/\/dev.sabilex.com\/tienda\/termoformadoras\/termoformadora-g10\/#primaryimage\"},\"image\":{\"@id\":\"https:\/\/dev.sabilex.com\/tienda\/termoformadoras\/termoformadora-g10\/#primaryimage\"},\"thumbnailUrl\":\"https:\/\/dev.sabilex.com\/wp-content\/uploads\/2024\/07\/IMG_20240828_095203236-removebg-preview-e1728919411844.png\",\"datePublished\":\"2024-07-01T18:34:35+00:00\",\"dateModified\":\"2024-10-14T15:22:18+00:00\",\"breadcrumb\":{\"@id\":\"https:\/\/dev.sabilex.com\/tienda\/termoformadoras\/termoformadora-g10\/#breadcrumb\"},\"inLanguage\":\"en-US\",\"potentialAction\":[{\"@type\":\"ReadAction\",\"target\":[\"https:\/\/dev.sabilex.com\/tienda\/termoformadoras\/termoformadora-g10\/\"]}]},{\"@type\":\"ImageObject\",\"inLanguage\":\"en-US\",\"@id\":\"https:\/\/dev.sabilex.com\/tienda\/termoformadoras\/termoformadora-g10\/#primaryimage\",\"url\":\"https:\/\/dev.sabilex.com\/wp-content\/uploads\/2024\/07\/IMG_20240828_095203236-removebg-preview-e1728919411844.png\",\"contentUrl\":\"https:\/\/dev.sabilex.com\/wp-content\/uploads\/2024\/07\/IMG_20240828_095203236-removebg-preview-e1728919411844.png\",\"width\":297,\"height\":427},{\"@type\":\"BreadcrumbList\",\"@id\":\"https:\/\/dev.sabilex.com\/tienda\/termoformadoras\/termoformadora-g10\/#breadcrumb\",\"itemListElement\":[{\"@type\":\"ListItem\",\"position\":1,\"name\":\"Inicio\",\"item\":\"https:\/\/dev.sabilex.com\/\"},{\"@type\":\"ListItem\",\"position\":2,\"name\":\"Productos\",\"item\":\"https:\/\/dev.sabilex.com\/shop\/\"},{\"@type\":\"ListItem\",\"position\":3,\"name\":\"Termoformadora G10\"}]},{\"@type\":\"WebSite\",\"@id\":\"https:\/\/dev.sabilex.com\/#website\",\"url\":\"https:\/\/dev.sabilex.com\/\",\"name\":\"Sabilex\",\"description\":\"Pr\u00f3tesis flexibles y m\u00e1s\",\"publisher\":{\"@id\":\"https:\/\/dev.sabilex.com\/#organization\"},\"potentialAction\":[{\"@type\":\"SearchAction\",\"target\":{\"@type\":\"EntryPoint\",\"urlTemplate\":\"https:\/\/dev.sabilex.com\/?s={search_term_string}\"},\"query-input\":{\"@type\":\"PropertyValueSpecification\",\"valueRequired\":true,\"valueName\":\"search_term_string\"}}],\"inLanguage\":\"en-US\"},{\"@type\":\"Organization\",\"@id\":\"https:\/\/dev.sabilex.com\/#organization\",\"name\":\"Sabilex\",\"url\":\"https:\/\/dev.sabilex.com\/\",\"logo\":{\"@type\":\"ImageObject\",\"inLanguage\":\"en-US\",\"@id\":\"https:\/\/dev.sabilex.com\/#\/schema\/logo\/image\/\",\"url\":\"https:\/\/dev.sabilex.com\/wp-content\/uploads\/2023\/01\/logo.png\",\"contentUrl\":\"https:\/\/dev.sabilex.com\/wp-content\/uploads\/2023\/01\/logo.png\",\"width\":600,\"height\":105,\"caption\":\"Sabilex\"},\"image\":{\"@id\":\"https:\/\/dev.sabilex.com\/#\/schema\/logo\/image\/\"},\"sameAs\":[\"https:\/\/www.facebook.com\/sabilexlatinoamerica\/\",\"https:\/\/www.instagram.com\/sabilexlatinoamerica\/\"]}]}<\/script>\n<!-- \/ Yoast SEO plugin. -->","yoast_head_json":{"title":"Termoformadora G10 - Sabilex","robots":{"index":"index","follow":"follow","max-snippet":"max-snippet:-1","max-image-preview":"max-image-preview:large","max-video-preview":"max-video-preview:-1"},"canonical":"https:\/\/dev.sabilex.com\/en\/tienda\/termoformadoras\/termoformadora-g10\/","og_locale":"en_US","og_type":"article","og_title":"Termoformadora G10 - Sabilex","og_description":"Termoformadora por Calor y Vac\u00edo G10 Para el termoformado de placas pl\u00e1sticas de distintos materiales y espesores. Para confecci\u00f3n de: Placas miorrelajantes (Bruxismo) Alineadores para ortodoncia Protectores bucales para deportistas Gu\u00edas quir\u00fargicas Cubetas individuales Copings\u00a0 Puentes temporarios Placas base Fijaci\u00f3n de Brackets\u00a0 Placas para blanqueamiento&#8230; y m\u00e1s &nbsp; Caracter\u00edsticas: Sistema f\u00e1cil de utilizar Liviana y [&hellip;]","og_url":"https:\/\/dev.sabilex.com\/en\/tienda\/termoformadoras\/termoformadora-g10\/","og_site_name":"Sabilex","article_publisher":"https:\/\/www.facebook.com\/sabilexlatinoamerica\/","article_modified_time":"2024-10-14T15:22:18+00:00","og_image":[{"width":375,"height":666,"url":"https:\/\/dev.sabilex.com\/wp-content\/uploads\/2024\/07\/IMG_20240828_095203236-removebg-preview.png","type":"image\/png"}],"twitter_card":"summary_large_image","twitter_misc":{"Est. reading time":"2 minutes"},"schema":{"@context":"https:\/\/schema.org","@graph":[{"@type":"WebPage","@id":"https:\/\/dev.sabilex.com\/tienda\/termoformadoras\/termoformadora-g10\/","url":"https:\/\/dev.sabilex.com\/tienda\/termoformadoras\/termoformadora-g10\/","name":"Termoformadora G10 - Sabilex","isPartOf":{"@id":"https:\/\/dev.sabilex.com\/#website"},"primaryImageOfPage":{"@id":"https:\/\/dev.sabilex.com\/tienda\/termoformadoras\/termoformadora-g10\/#primaryimage"},"image":{"@id":"https:\/\/dev.sabilex.com\/tienda\/termoformadoras\/termoformadora-g10\/#primaryimage"},"thumbnailUrl":"https:\/\/dev.sabilex.com\/wp-content\/uploads\/2024\/07\/IMG_20240828_095203236-removebg-preview-e1728919411844.png","datePublished":"2024-07-01T18:34:35+00:00","dateModified":"2024-10-14T15:22:18+00:00","breadcrumb":{"@id":"https:\/\/dev.sabilex.com\/tienda\/termoformadoras\/termoformadora-g10\/#breadcrumb"},"inLanguage":"en-US","potentialAction":[{"@type":"ReadAction","target":["https:\/\/dev.sabilex.com\/tienda\/termoformadoras\/termoformadora-g10\/"]}]},{"@type":"ImageObject","inLanguage":"en-US","@id":"https:\/\/dev.sabilex.com\/tienda\/termoformadoras\/termoformadora-g10\/#primaryimage","url":"https:\/\/dev.sabilex.com\/wp-content\/uploads\/2024\/07\/IMG_20240828_095203236-removebg-preview-e1728919411844.png","contentUrl":"https:\/\/dev.sabilex.com\/wp-content\/uploads\/2024\/07\/IMG_20240828_095203236-removebg-preview-e1728919411844.png","width":297,"height":427},{"@type":"BreadcrumbList","@id":"https:\/\/dev.sabilex.com\/tienda\/termoformadoras\/termoformadora-g10\/#breadcrumb","itemListElement":[{"@type":"ListItem","position":1,"name":"Inicio","item":"https:\/\/dev.sabilex.com\/"},{"@type":"ListItem","position":2,"name":"Productos","item":"https:\/\/dev.sabilex.com\/shop\/"},{"@type":"ListItem","position":3,"name":"Termoformadora G10"}]},{"@type":"WebSite","@id":"https:\/\/dev.sabilex.com\/#website","url":"https:\/\/dev.sabilex.com\/","name":"Sabilex","description":"Pr\u00f3tesis flexibles y m\u00e1s","publisher":{"@id":"https:\/\/dev.sabilex.com\/#organization"},"potentialAction":[{"@type":"SearchAction","target":{"@type":"EntryPoint","urlTemplate":"https:\/\/dev.sabilex.com\/?s={search_term_string}"},"query-input":{"@type":"PropertyValueSpecification","valueRequired":true,"valueName":"search_term_string"}}],"inLanguage":"en-US"},{"@type":"Organization","@id":"https:\/\/dev.sabilex.com\/#organization","name":"Sabilex","url":"https:\/\/dev.sabilex.com\/","logo":{"@type":"ImageObject","inLanguage":"en-US","@id":"https:\/\/dev.sabilex.com\/#\/schema\/logo\/image\/","url":"https:\/\/dev.sabilex.com\/wp-content\/uploads\/2023\/01\/logo.png","contentUrl":"https:\/\/dev.sabilex.com\/wp-content\/uploads\/2023\/01\/logo.png","width":600,"height":105,"caption":"Sabilex"},"image":{"@id":"https:\/\/dev.sabilex.com\/#\/schema\/logo\/image\/"},"sameAs":["https:\/\/www.facebook.com\/sabilexlatinoamerica\/","https:\/\/www.instagram.com\/sabilexlatinoamerica\/"]}]}},"_links":{"self":[{"href":"https:\/\/dev.sabilex.com\/en\/wp-json\/wp\/v2\/product\/3699","targetHints":{"allow":["GET"]}}],"collection":[{"href":"https:\/\/dev.sabilex.com\/en\/wp-json\/wp\/v2\/product"}],"about":[{"href":"https:\/\/dev.sabilex.com\/en\/wp-json\/wp\/v2\/types\/product"}],"version-history":[{"count":1,"href":"https:\/\/dev.sabilex.com\/en\/wp-json\/wp\/v2\/product\/3699\/revisions"}],"predecessor-version":[{"id":3702,"href":"https:\/\/dev.sabilex.com\/en\/wp-json\/wp\/v2\/product\/3699\/revisions\/3702"}],"wp:featuredmedia":[{"embeddable":true,"href":"https:\/\/dev.sabilex.com\/en\/wp-json\/wp\/v2\/media\/3750"}],"wp:attachment":[{"href":"https:\/\/dev.sabilex.com\/en\/wp-json\/wp\/v2\/media?parent=3699"}],"wp:term":[{"taxonomy":"product_brand","embeddable":true,"href":"https:\/\/dev.sabilex.com\/en\/wp-json\/wp\/v2\/product_brand?post=3699"},{"taxonomy":"product_cat","embeddable":true,"href":"https:\/\/dev.sabilex.com\/en\/wp-json\/wp\/v2\/product_cat?post=3699"},{"taxonomy":"product_tag","embeddable":true,"href":"https:\/\/dev.sabilex.com\/en\/wp-json\/wp\/v2\/product_tag?post=3699"},{"taxonomy":"profesion","embeddable":true,"href":"https:\/\/dev.sabilex.com\/en\/wp-json\/wp\/v2\/profesion?post=3699"}],"curies":[{"name":"wp","href":"https:\/\/api.w.org\/{rel}","templated":true}]}}