{"id":601,"date":"2023-01-31T11:40:54","date_gmt":"2023-01-31T14:40:54","guid":{"rendered":"https:\/\/dev.sabilex.com\/?post_type=product&#038;p=601"},"modified":"2023-09-04T18:05:30","modified_gmt":"2023-09-04T21:05:30","slug":"maquina-microinyectora-2ad-400","status":"publish","type":"product","link":"https:\/\/dev.sabilex.com\/en\/tienda\/microinyectoras\/maquina-microinyectora-2ad-400\/","title":{"rendered":"2AD 400 Injection Machine"},"content":{"rendered":"<p><b>Compact Model - 2AD 400<\/b><\/p>\n<p><span style=\"font-weight: 400;\">Automatic: it allows you to easily program temperature as well as heating and injection times.<\/span><\/p>\n<p><span style=\"font-weight: 400;\">It allows to inject thermoplastic materials that require an injection temperature of up to 400 \u00baC.<\/span><\/p>\n<p><span style=\"font-weight: 400;\">You can inject the largest variety of injection materials available worldwide.<\/span><\/p>\n<p><span style=\"font-weight: 400;\">Use this equipment to inject the new material Biostrong P (PEEK) and Biostrong CW (PEEK with ceramic filler) from Sabilex.<\/span><\/p>\n<p><b>Excellent value for money,  best-selling model worldwide.<\/b><\/p>\n<ul>\n<li><b> Heats up to 400 \u00baC<\/b><\/li>\n<li><span style=\"font-weight: 400;\"> Digital screen<\/span><\/li>\n<li><span style=\"font-weight: 400;\"> 1 program<\/span><\/li>\n<li><span style=\"font-weight: 400;\">Injection Force: 630 kgs<\/span><\/li>\n<li><span style=\"font-weight: 400;\">Measures: 52 x 17 x 22 cm<\/span><\/li>\n<li><span style=\"font-weight: 400;\">Weight: 8.5 kg<\/span><\/li>\n<li><span style=\"font-weight: 400;\">Pneumatic piston<\/span><\/li>\n<li><span style=\"font-weight: 400;\">220V \/ 50 Hz (optional 110V\/ 60 Hz)<\/span><\/li>\n<li><span style=\"font-weight: 400;\">Power 700W<\/span><\/li>\n<\/ul>\n<p>&nbsp;<\/p>","protected":false},"excerpt":{"rendered":"<p>Modelo Compacto &#8211; 2AD 400 Es autom\u00e1tica y\u00a0 permite programar f\u00e1cilmente la temperatura y los tiempos de inyecci\u00f3n y los tiempos de calentamiento. Permite inyectar materiales termopl\u00e1sticos que requieren una temperatura de inyecci\u00f3n de hasta 400 \u00baC. Puede inyectar la mayor variedad de materiales de inyecci\u00f3n disponibles en el mundo. Utilice este equipo para inyectar [&hellip;]<\/p>","protected":false},"featured_media":3123,"template":"","meta":[],"product_brand":[],"product_cat":[52,65],"product_tag":[],"profesion":[56],"class_list":{"0":"post-601","1":"product","2":"type-product","3":"status-publish","4":"has-post-thumbnail","6":"product_cat-microinyectoras","7":"product_cat-microinyectoras-en","8":"profesion-dental","10":"first","11":"instock","12":"shipping-taxable","13":"product-type-simple"},"exclude_global_add_ons":[],"addons":[],"yoast_head":"<!-- This site is optimized with the Yoast SEO plugin v24.7 - https:\/\/yoast.com\/wordpress\/plugins\/seo\/ -->\n<title>M\u00e1quina Microinyectora 2AD 400 - Sabilex<\/title>\n<meta name=\"robots\" content=\"index, follow, max-snippet:-1, max-image-preview:large, max-video-preview:-1\" \/>\n<link rel=\"canonical\" href=\"https:\/\/dev.sabilex.com\/en\/tienda\/microinyectoras\/maquina-microinyectora-2ad-400\/\" \/>\n<meta property=\"og:locale\" content=\"en_US\" \/>\n<meta property=\"og:type\" content=\"article\" \/>\n<meta property=\"og:title\" content=\"M\u00e1quina Microinyectora 2AD 400 - Sabilex\" \/>\n<meta property=\"og:description\" content=\"Modelo Compacto &#8211; 2AD 400 Es autom\u00e1tica y\u00a0 permite programar f\u00e1cilmente la temperatura y los tiempos de inyecci\u00f3n y los tiempos de calentamiento. Permite inyectar materiales termopl\u00e1sticos que requieren una temperatura de inyecci\u00f3n de hasta 400 \u00baC. Puede inyectar la mayor variedad de materiales de inyecci\u00f3n disponibles en el mundo. Utilice este equipo para inyectar [&hellip;]\" \/>\n<meta property=\"og:url\" content=\"https:\/\/dev.sabilex.com\/en\/tienda\/microinyectoras\/maquina-microinyectora-2ad-400\/\" \/>\n<meta property=\"og:site_name\" content=\"Sabilex\" \/>\n<meta property=\"article:publisher\" content=\"https:\/\/www.facebook.com\/sabilexlatinoamerica\/\" \/>\n<meta property=\"article:modified_time\" content=\"2023-09-04T21:05:30+00:00\" \/>\n<meta property=\"og:image\" content=\"https:\/\/dev.sabilex.com\/wp-content\/uploads\/2023\/01\/Modelo-compacto-1.png\" \/>\n\t<meta property=\"og:image:width\" content=\"1200\" \/>\n\t<meta property=\"og:image:height\" content=\"1200\" \/>\n\t<meta property=\"og:image:type\" content=\"image\/png\" \/>\n<meta name=\"twitter:card\" content=\"summary_large_image\" \/>\n<meta name=\"twitter:label1\" content=\"Est. reading time\" \/>\n\t<meta name=\"twitter:data1\" content=\"1 minute\" \/>\n<script type=\"application\/ld+json\" class=\"yoast-schema-graph\">{\"@context\":\"https:\/\/schema.org\",\"@graph\":[{\"@type\":\"WebPage\",\"@id\":\"https:\/\/dev.sabilex.com\/tienda\/microinyectoras\/maquina-microinyectora-2ad-400\/\",\"url\":\"https:\/\/dev.sabilex.com\/tienda\/microinyectoras\/maquina-microinyectora-2ad-400\/\",\"name\":\"M\u00e1quina Microinyectora 2AD 400 - Sabilex\",\"isPartOf\":{\"@id\":\"https:\/\/dev.sabilex.com\/#website\"},\"primaryImageOfPage\":{\"@id\":\"https:\/\/dev.sabilex.com\/tienda\/microinyectoras\/maquina-microinyectora-2ad-400\/#primaryimage\"},\"image\":{\"@id\":\"https:\/\/dev.sabilex.com\/tienda\/microinyectoras\/maquina-microinyectora-2ad-400\/#primaryimage\"},\"thumbnailUrl\":\"https:\/\/dev.sabilex.com\/wp-content\/uploads\/2023\/01\/Modelo-compacto-1.png\",\"datePublished\":\"2023-01-31T14:40:54+00:00\",\"dateModified\":\"2023-09-04T21:05:30+00:00\",\"breadcrumb\":{\"@id\":\"https:\/\/dev.sabilex.com\/tienda\/microinyectoras\/maquina-microinyectora-2ad-400\/#breadcrumb\"},\"inLanguage\":\"en-US\",\"potentialAction\":[{\"@type\":\"ReadAction\",\"target\":[\"https:\/\/dev.sabilex.com\/tienda\/microinyectoras\/maquina-microinyectora-2ad-400\/\"]}]},{\"@type\":\"ImageObject\",\"inLanguage\":\"en-US\",\"@id\":\"https:\/\/dev.sabilex.com\/tienda\/microinyectoras\/maquina-microinyectora-2ad-400\/#primaryimage\",\"url\":\"https:\/\/dev.sabilex.com\/wp-content\/uploads\/2023\/01\/Modelo-compacto-1.png\",\"contentUrl\":\"https:\/\/dev.sabilex.com\/wp-content\/uploads\/2023\/01\/Modelo-compacto-1.png\",\"width\":1200,\"height\":1200},{\"@type\":\"BreadcrumbList\",\"@id\":\"https:\/\/dev.sabilex.com\/tienda\/microinyectoras\/maquina-microinyectora-2ad-400\/#breadcrumb\",\"itemListElement\":[{\"@type\":\"ListItem\",\"position\":1,\"name\":\"Inicio\",\"item\":\"https:\/\/dev.sabilex.com\/\"},{\"@type\":\"ListItem\",\"position\":2,\"name\":\"Productos\",\"item\":\"https:\/\/dev.sabilex.com\/shop\/\"},{\"@type\":\"ListItem\",\"position\":3,\"name\":\"M\u00e1quina Microinyectora 2AD 400\"}]},{\"@type\":\"WebSite\",\"@id\":\"https:\/\/dev.sabilex.com\/#website\",\"url\":\"https:\/\/dev.sabilex.com\/\",\"name\":\"Sabilex\",\"description\":\"Pr\u00f3tesis flexibles y m\u00e1s\",\"publisher\":{\"@id\":\"https:\/\/dev.sabilex.com\/#organization\"},\"potentialAction\":[{\"@type\":\"SearchAction\",\"target\":{\"@type\":\"EntryPoint\",\"urlTemplate\":\"https:\/\/dev.sabilex.com\/?s={search_term_string}\"},\"query-input\":{\"@type\":\"PropertyValueSpecification\",\"valueRequired\":true,\"valueName\":\"search_term_string\"}}],\"inLanguage\":\"en-US\"},{\"@type\":\"Organization\",\"@id\":\"https:\/\/dev.sabilex.com\/#organization\",\"name\":\"Sabilex\",\"url\":\"https:\/\/dev.sabilex.com\/\",\"logo\":{\"@type\":\"ImageObject\",\"inLanguage\":\"en-US\",\"@id\":\"https:\/\/dev.sabilex.com\/#\/schema\/logo\/image\/\",\"url\":\"https:\/\/dev.sabilex.com\/wp-content\/uploads\/2023\/01\/logo.png\",\"contentUrl\":\"https:\/\/dev.sabilex.com\/wp-content\/uploads\/2023\/01\/logo.png\",\"width\":600,\"height\":105,\"caption\":\"Sabilex\"},\"image\":{\"@id\":\"https:\/\/dev.sabilex.com\/#\/schema\/logo\/image\/\"},\"sameAs\":[\"https:\/\/www.facebook.com\/sabilexlatinoamerica\/\",\"https:\/\/www.instagram.com\/sabilexlatinoamerica\/\"]}]}<\/script>\n<!-- \/ Yoast SEO plugin. -->","yoast_head_json":{"title":"M\u00e1quina Microinyectora 2AD 400 - Sabilex","robots":{"index":"index","follow":"follow","max-snippet":"max-snippet:-1","max-image-preview":"max-image-preview:large","max-video-preview":"max-video-preview:-1"},"canonical":"https:\/\/dev.sabilex.com\/en\/tienda\/microinyectoras\/maquina-microinyectora-2ad-400\/","og_locale":"en_US","og_type":"article","og_title":"M\u00e1quina Microinyectora 2AD 400 - Sabilex","og_description":"Modelo Compacto &#8211; 2AD 400 Es autom\u00e1tica y\u00a0 permite programar f\u00e1cilmente la temperatura y los tiempos de inyecci\u00f3n y los tiempos de calentamiento. Permite inyectar materiales termopl\u00e1sticos que requieren una temperatura de inyecci\u00f3n de hasta 400 \u00baC. Puede inyectar la mayor variedad de materiales de inyecci\u00f3n disponibles en el mundo. Utilice este equipo para inyectar [&hellip;]","og_url":"https:\/\/dev.sabilex.com\/en\/tienda\/microinyectoras\/maquina-microinyectora-2ad-400\/","og_site_name":"Sabilex","article_publisher":"https:\/\/www.facebook.com\/sabilexlatinoamerica\/","article_modified_time":"2023-09-04T21:05:30+00:00","og_image":[{"width":1200,"height":1200,"url":"https:\/\/dev.sabilex.com\/wp-content\/uploads\/2023\/01\/Modelo-compacto-1.png","type":"image\/png"}],"twitter_card":"summary_large_image","twitter_misc":{"Est. reading time":"1 minute"},"schema":{"@context":"https:\/\/schema.org","@graph":[{"@type":"WebPage","@id":"https:\/\/dev.sabilex.com\/tienda\/microinyectoras\/maquina-microinyectora-2ad-400\/","url":"https:\/\/dev.sabilex.com\/tienda\/microinyectoras\/maquina-microinyectora-2ad-400\/","name":"M\u00e1quina Microinyectora 2AD 400 - Sabilex","isPartOf":{"@id":"https:\/\/dev.sabilex.com\/#website"},"primaryImageOfPage":{"@id":"https:\/\/dev.sabilex.com\/tienda\/microinyectoras\/maquina-microinyectora-2ad-400\/#primaryimage"},"image":{"@id":"https:\/\/dev.sabilex.com\/tienda\/microinyectoras\/maquina-microinyectora-2ad-400\/#primaryimage"},"thumbnailUrl":"https:\/\/dev.sabilex.com\/wp-content\/uploads\/2023\/01\/Modelo-compacto-1.png","datePublished":"2023-01-31T14:40:54+00:00","dateModified":"2023-09-04T21:05:30+00:00","breadcrumb":{"@id":"https:\/\/dev.sabilex.com\/tienda\/microinyectoras\/maquina-microinyectora-2ad-400\/#breadcrumb"},"inLanguage":"en-US","potentialAction":[{"@type":"ReadAction","target":["https:\/\/dev.sabilex.com\/tienda\/microinyectoras\/maquina-microinyectora-2ad-400\/"]}]},{"@type":"ImageObject","inLanguage":"en-US","@id":"https:\/\/dev.sabilex.com\/tienda\/microinyectoras\/maquina-microinyectora-2ad-400\/#primaryimage","url":"https:\/\/dev.sabilex.com\/wp-content\/uploads\/2023\/01\/Modelo-compacto-1.png","contentUrl":"https:\/\/dev.sabilex.com\/wp-content\/uploads\/2023\/01\/Modelo-compacto-1.png","width":1200,"height":1200},{"@type":"BreadcrumbList","@id":"https:\/\/dev.sabilex.com\/tienda\/microinyectoras\/maquina-microinyectora-2ad-400\/#breadcrumb","itemListElement":[{"@type":"ListItem","position":1,"name":"Inicio","item":"https:\/\/dev.sabilex.com\/"},{"@type":"ListItem","position":2,"name":"Productos","item":"https:\/\/dev.sabilex.com\/shop\/"},{"@type":"ListItem","position":3,"name":"M\u00e1quina Microinyectora 2AD 400"}]},{"@type":"WebSite","@id":"https:\/\/dev.sabilex.com\/#website","url":"https:\/\/dev.sabilex.com\/","name":"Sabilex","description":"Pr\u00f3tesis flexibles y m\u00e1s","publisher":{"@id":"https:\/\/dev.sabilex.com\/#organization"},"potentialAction":[{"@type":"SearchAction","target":{"@type":"EntryPoint","urlTemplate":"https:\/\/dev.sabilex.com\/?s={search_term_string}"},"query-input":{"@type":"PropertyValueSpecification","valueRequired":true,"valueName":"search_term_string"}}],"inLanguage":"en-US"},{"@type":"Organization","@id":"https:\/\/dev.sabilex.com\/#organization","name":"Sabilex","url":"https:\/\/dev.sabilex.com\/","logo":{"@type":"ImageObject","inLanguage":"en-US","@id":"https:\/\/dev.sabilex.com\/#\/schema\/logo\/image\/","url":"https:\/\/dev.sabilex.com\/wp-content\/uploads\/2023\/01\/logo.png","contentUrl":"https:\/\/dev.sabilex.com\/wp-content\/uploads\/2023\/01\/logo.png","width":600,"height":105,"caption":"Sabilex"},"image":{"@id":"https:\/\/dev.sabilex.com\/#\/schema\/logo\/image\/"},"sameAs":["https:\/\/www.facebook.com\/sabilexlatinoamerica\/","https:\/\/www.instagram.com\/sabilexlatinoamerica\/"]}]}},"_links":{"self":[{"href":"https:\/\/dev.sabilex.com\/en\/wp-json\/wp\/v2\/product\/601","targetHints":{"allow":["GET"]}}],"collection":[{"href":"https:\/\/dev.sabilex.com\/en\/wp-json\/wp\/v2\/product"}],"about":[{"href":"https:\/\/dev.sabilex.com\/en\/wp-json\/wp\/v2\/types\/product"}],"version-history":[{"count":1,"href":"https:\/\/dev.sabilex.com\/en\/wp-json\/wp\/v2\/product\/601\/revisions"}],"predecessor-version":[{"id":3122,"href":"https:\/\/dev.sabilex.com\/en\/wp-json\/wp\/v2\/product\/601\/revisions\/3122"}],"wp:featuredmedia":[{"embeddable":true,"href":"https:\/\/dev.sabilex.com\/en\/wp-json\/wp\/v2\/media\/3123"}],"wp:attachment":[{"href":"https:\/\/dev.sabilex.com\/en\/wp-json\/wp\/v2\/media?parent=601"}],"wp:term":[{"taxonomy":"product_brand","embeddable":true,"href":"https:\/\/dev.sabilex.com\/en\/wp-json\/wp\/v2\/product_brand?post=601"},{"taxonomy":"product_cat","embeddable":true,"href":"https:\/\/dev.sabilex.com\/en\/wp-json\/wp\/v2\/product_cat?post=601"},{"taxonomy":"product_tag","embeddable":true,"href":"https:\/\/dev.sabilex.com\/en\/wp-json\/wp\/v2\/product_tag?post=601"},{"taxonomy":"profesion","embeddable":true,"href":"https:\/\/dev.sabilex.com\/en\/wp-json\/wp\/v2\/profesion?post=601"}],"curies":[{"name":"wp","href":"https:\/\/api.w.org\/{rel}","templated":true}]}}