{"id":609,"date":"2023-01-31T12:38:34","date_gmt":"2023-01-31T15:38:34","guid":{"rendered":"https:\/\/dev.sabilex.com\/?post_type=product&#038;p=609"},"modified":"2023-09-04T18:05:28","modified_gmt":"2023-09-04T21:05:28","slug":"mufla-para-unilaterales-sf580","status":"publish","type":"product","link":"https:\/\/dev.sabilex.com\/en\/tienda\/accesorios-inyectora\/mufla-para-unilaterales-sf580\/","title":{"rendered":"Unilaterals flask"},"content":{"rendered":"<p><b>A flask specially designed for use in the injection of unilateral or small prostheses.<\/b><\/p>\n<p><span style=\"font-weight: 400;\">Designed for producing small prostheses. Allows for plaster and time savings.<\/span><\/p>\n<p><span style=\"font-weight: 400;\">Compatible with the Sabilex system and other brands.<\/span><\/p>\n<p><span style=\"font-weight: 400;\">Material: High-strength aluminum.<\/span><\/p>\n<p><span style=\"font-weight: 400;\">Includes an Allen wrench.<\/span><\/p>\n<p><span style=\"font-weight: 400;\">Includes a release button for easy demolding.<\/span><\/p>","protected":false},"excerpt":{"rendered":"<p>Dise\u00f1ada para producir pr\u00f3tesis peque\u00f1as. Permite ahorrar yeso y tiempo. Mufla dise\u00f1ada especialmente para usar para inyecci\u00f3n de pr\u00f3tesis unilaterales o chicas. Se puede utilizar con el sistema Sabilex y otras marcas. Material: aluminio de alta resistencia. Incluye llave Allen. Incluye un bot\u00f3n extractor que facilita el desmolde.<\/p>","protected":false},"featured_media":2366,"template":"","meta":[],"product_brand":[],"product_cat":[59,67],"product_tag":[],"profesion":[56],"class_list":{"0":"post-609","1":"product","2":"type-product","3":"status-publish","4":"has-post-thumbnail","6":"product_cat-accesorios-inyectora","7":"product_cat-accesorios-inyectora-en","8":"profesion-dental","10":"first","11":"instock","12":"shipping-taxable","13":"product-type-simple"},"exclude_global_add_ons":[],"addons":[],"yoast_head":"<!-- This site is optimized with the Yoast SEO plugin v24.7 - https:\/\/yoast.com\/wordpress\/plugins\/seo\/ -->\n<title>Mufla para Unilaterales - Sabilex<\/title>\n<meta name=\"robots\" content=\"index, follow, max-snippet:-1, max-image-preview:large, max-video-preview:-1\" \/>\n<link rel=\"canonical\" href=\"https:\/\/dev.sabilex.com\/en\/tienda\/accesorios-inyectora\/mufla-para-unilaterales-sf580\/\" \/>\n<meta property=\"og:locale\" content=\"en_US\" \/>\n<meta property=\"og:type\" content=\"article\" \/>\n<meta property=\"og:title\" content=\"Mufla para Unilaterales - Sabilex\" \/>\n<meta property=\"og:description\" content=\"Dise\u00f1ada para producir pr\u00f3tesis peque\u00f1as. Permite ahorrar yeso y tiempo. Mufla dise\u00f1ada especialmente para usar para inyecci\u00f3n de pr\u00f3tesis unilaterales o chicas. Se puede utilizar con el sistema Sabilex y otras marcas. Material: aluminio de alta resistencia. Incluye llave Allen. Incluye un bot\u00f3n extractor que facilita el desmolde.\" \/>\n<meta property=\"og:url\" content=\"https:\/\/dev.sabilex.com\/en\/tienda\/accesorios-inyectora\/mufla-para-unilaterales-sf580\/\" \/>\n<meta property=\"og:site_name\" content=\"Sabilex\" \/>\n<meta property=\"article:publisher\" content=\"https:\/\/www.facebook.com\/sabilexlatinoamerica\/\" \/>\n<meta property=\"article:modified_time\" content=\"2023-09-04T21:05:28+00:00\" \/>\n<meta property=\"og:image\" content=\"https:\/\/dev.sabilex.com\/wp-content\/uploads\/2023\/01\/Mufla_tabique-frente-1-scaled.jpg\" \/>\n\t<meta property=\"og:image:width\" content=\"2560\" \/>\n\t<meta property=\"og:image:height\" content=\"2181\" \/>\n\t<meta property=\"og:image:type\" content=\"image\/jpeg\" \/>\n<meta name=\"twitter:card\" content=\"summary_large_image\" \/>\n<script type=\"application\/ld+json\" class=\"yoast-schema-graph\">{\"@context\":\"https:\/\/schema.org\",\"@graph\":[{\"@type\":\"WebPage\",\"@id\":\"https:\/\/dev.sabilex.com\/tienda\/accesorios-inyectora\/mufla-para-unilaterales-sf580\/\",\"url\":\"https:\/\/dev.sabilex.com\/tienda\/accesorios-inyectora\/mufla-para-unilaterales-sf580\/\",\"name\":\"Mufla para Unilaterales - Sabilex\",\"isPartOf\":{\"@id\":\"https:\/\/dev.sabilex.com\/#website\"},\"primaryImageOfPage\":{\"@id\":\"https:\/\/dev.sabilex.com\/tienda\/accesorios-inyectora\/mufla-para-unilaterales-sf580\/#primaryimage\"},\"image\":{\"@id\":\"https:\/\/dev.sabilex.com\/tienda\/accesorios-inyectora\/mufla-para-unilaterales-sf580\/#primaryimage\"},\"thumbnailUrl\":\"https:\/\/dev.sabilex.com\/wp-content\/uploads\/2023\/01\/Mufla_tabique-frente-1-scaled.jpg\",\"datePublished\":\"2023-01-31T15:38:34+00:00\",\"dateModified\":\"2023-09-04T21:05:28+00:00\",\"breadcrumb\":{\"@id\":\"https:\/\/dev.sabilex.com\/tienda\/accesorios-inyectora\/mufla-para-unilaterales-sf580\/#breadcrumb\"},\"inLanguage\":\"en-US\",\"potentialAction\":[{\"@type\":\"ReadAction\",\"target\":[\"https:\/\/dev.sabilex.com\/tienda\/accesorios-inyectora\/mufla-para-unilaterales-sf580\/\"]}]},{\"@type\":\"ImageObject\",\"inLanguage\":\"en-US\",\"@id\":\"https:\/\/dev.sabilex.com\/tienda\/accesorios-inyectora\/mufla-para-unilaterales-sf580\/#primaryimage\",\"url\":\"https:\/\/dev.sabilex.com\/wp-content\/uploads\/2023\/01\/Mufla_tabique-frente-1-scaled.jpg\",\"contentUrl\":\"https:\/\/dev.sabilex.com\/wp-content\/uploads\/2023\/01\/Mufla_tabique-frente-1-scaled.jpg\",\"width\":2560,\"height\":2181},{\"@type\":\"BreadcrumbList\",\"@id\":\"https:\/\/dev.sabilex.com\/tienda\/accesorios-inyectora\/mufla-para-unilaterales-sf580\/#breadcrumb\",\"itemListElement\":[{\"@type\":\"ListItem\",\"position\":1,\"name\":\"Inicio\",\"item\":\"https:\/\/dev.sabilex.com\/\"},{\"@type\":\"ListItem\",\"position\":2,\"name\":\"Productos\",\"item\":\"https:\/\/dev.sabilex.com\/shop\/\"},{\"@type\":\"ListItem\",\"position\":3,\"name\":\"Mufla para Unilaterales\"}]},{\"@type\":\"WebSite\",\"@id\":\"https:\/\/dev.sabilex.com\/#website\",\"url\":\"https:\/\/dev.sabilex.com\/\",\"name\":\"Sabilex\",\"description\":\"Pr\u00f3tesis flexibles y m\u00e1s\",\"publisher\":{\"@id\":\"https:\/\/dev.sabilex.com\/#organization\"},\"potentialAction\":[{\"@type\":\"SearchAction\",\"target\":{\"@type\":\"EntryPoint\",\"urlTemplate\":\"https:\/\/dev.sabilex.com\/?s={search_term_string}\"},\"query-input\":{\"@type\":\"PropertyValueSpecification\",\"valueRequired\":true,\"valueName\":\"search_term_string\"}}],\"inLanguage\":\"en-US\"},{\"@type\":\"Organization\",\"@id\":\"https:\/\/dev.sabilex.com\/#organization\",\"name\":\"Sabilex\",\"url\":\"https:\/\/dev.sabilex.com\/\",\"logo\":{\"@type\":\"ImageObject\",\"inLanguage\":\"en-US\",\"@id\":\"https:\/\/dev.sabilex.com\/#\/schema\/logo\/image\/\",\"url\":\"https:\/\/dev.sabilex.com\/wp-content\/uploads\/2023\/01\/logo.png\",\"contentUrl\":\"https:\/\/dev.sabilex.com\/wp-content\/uploads\/2023\/01\/logo.png\",\"width\":600,\"height\":105,\"caption\":\"Sabilex\"},\"image\":{\"@id\":\"https:\/\/dev.sabilex.com\/#\/schema\/logo\/image\/\"},\"sameAs\":[\"https:\/\/www.facebook.com\/sabilexlatinoamerica\/\",\"https:\/\/www.instagram.com\/sabilexlatinoamerica\/\"]}]}<\/script>\n<!-- \/ Yoast SEO plugin. -->","yoast_head_json":{"title":"Mufla para Unilaterales - Sabilex","robots":{"index":"index","follow":"follow","max-snippet":"max-snippet:-1","max-image-preview":"max-image-preview:large","max-video-preview":"max-video-preview:-1"},"canonical":"https:\/\/dev.sabilex.com\/en\/tienda\/accesorios-inyectora\/mufla-para-unilaterales-sf580\/","og_locale":"en_US","og_type":"article","og_title":"Mufla para Unilaterales - Sabilex","og_description":"Dise\u00f1ada para producir pr\u00f3tesis peque\u00f1as. Permite ahorrar yeso y tiempo. Mufla dise\u00f1ada especialmente para usar para inyecci\u00f3n de pr\u00f3tesis unilaterales o chicas. Se puede utilizar con el sistema Sabilex y otras marcas. Material: aluminio de alta resistencia. Incluye llave Allen. Incluye un bot\u00f3n extractor que facilita el desmolde.","og_url":"https:\/\/dev.sabilex.com\/en\/tienda\/accesorios-inyectora\/mufla-para-unilaterales-sf580\/","og_site_name":"Sabilex","article_publisher":"https:\/\/www.facebook.com\/sabilexlatinoamerica\/","article_modified_time":"2023-09-04T21:05:28+00:00","og_image":[{"width":2560,"height":2181,"url":"https:\/\/dev.sabilex.com\/wp-content\/uploads\/2023\/01\/Mufla_tabique-frente-1-scaled.jpg","type":"image\/jpeg"}],"twitter_card":"summary_large_image","schema":{"@context":"https:\/\/schema.org","@graph":[{"@type":"WebPage","@id":"https:\/\/dev.sabilex.com\/tienda\/accesorios-inyectora\/mufla-para-unilaterales-sf580\/","url":"https:\/\/dev.sabilex.com\/tienda\/accesorios-inyectora\/mufla-para-unilaterales-sf580\/","name":"Mufla para Unilaterales - Sabilex","isPartOf":{"@id":"https:\/\/dev.sabilex.com\/#website"},"primaryImageOfPage":{"@id":"https:\/\/dev.sabilex.com\/tienda\/accesorios-inyectora\/mufla-para-unilaterales-sf580\/#primaryimage"},"image":{"@id":"https:\/\/dev.sabilex.com\/tienda\/accesorios-inyectora\/mufla-para-unilaterales-sf580\/#primaryimage"},"thumbnailUrl":"https:\/\/dev.sabilex.com\/wp-content\/uploads\/2023\/01\/Mufla_tabique-frente-1-scaled.jpg","datePublished":"2023-01-31T15:38:34+00:00","dateModified":"2023-09-04T21:05:28+00:00","breadcrumb":{"@id":"https:\/\/dev.sabilex.com\/tienda\/accesorios-inyectora\/mufla-para-unilaterales-sf580\/#breadcrumb"},"inLanguage":"en-US","potentialAction":[{"@type":"ReadAction","target":["https:\/\/dev.sabilex.com\/tienda\/accesorios-inyectora\/mufla-para-unilaterales-sf580\/"]}]},{"@type":"ImageObject","inLanguage":"en-US","@id":"https:\/\/dev.sabilex.com\/tienda\/accesorios-inyectora\/mufla-para-unilaterales-sf580\/#primaryimage","url":"https:\/\/dev.sabilex.com\/wp-content\/uploads\/2023\/01\/Mufla_tabique-frente-1-scaled.jpg","contentUrl":"https:\/\/dev.sabilex.com\/wp-content\/uploads\/2023\/01\/Mufla_tabique-frente-1-scaled.jpg","width":2560,"height":2181},{"@type":"BreadcrumbList","@id":"https:\/\/dev.sabilex.com\/tienda\/accesorios-inyectora\/mufla-para-unilaterales-sf580\/#breadcrumb","itemListElement":[{"@type":"ListItem","position":1,"name":"Inicio","item":"https:\/\/dev.sabilex.com\/"},{"@type":"ListItem","position":2,"name":"Productos","item":"https:\/\/dev.sabilex.com\/shop\/"},{"@type":"ListItem","position":3,"name":"Mufla para Unilaterales"}]},{"@type":"WebSite","@id":"https:\/\/dev.sabilex.com\/#website","url":"https:\/\/dev.sabilex.com\/","name":"Sabilex","description":"Pr\u00f3tesis flexibles y m\u00e1s","publisher":{"@id":"https:\/\/dev.sabilex.com\/#organization"},"potentialAction":[{"@type":"SearchAction","target":{"@type":"EntryPoint","urlTemplate":"https:\/\/dev.sabilex.com\/?s={search_term_string}"},"query-input":{"@type":"PropertyValueSpecification","valueRequired":true,"valueName":"search_term_string"}}],"inLanguage":"en-US"},{"@type":"Organization","@id":"https:\/\/dev.sabilex.com\/#organization","name":"Sabilex","url":"https:\/\/dev.sabilex.com\/","logo":{"@type":"ImageObject","inLanguage":"en-US","@id":"https:\/\/dev.sabilex.com\/#\/schema\/logo\/image\/","url":"https:\/\/dev.sabilex.com\/wp-content\/uploads\/2023\/01\/logo.png","contentUrl":"https:\/\/dev.sabilex.com\/wp-content\/uploads\/2023\/01\/logo.png","width":600,"height":105,"caption":"Sabilex"},"image":{"@id":"https:\/\/dev.sabilex.com\/#\/schema\/logo\/image\/"},"sameAs":["https:\/\/www.facebook.com\/sabilexlatinoamerica\/","https:\/\/www.instagram.com\/sabilexlatinoamerica\/"]}]}},"_links":{"self":[{"href":"https:\/\/dev.sabilex.com\/en\/wp-json\/wp\/v2\/product\/609","targetHints":{"allow":["GET"]}}],"collection":[{"href":"https:\/\/dev.sabilex.com\/en\/wp-json\/wp\/v2\/product"}],"about":[{"href":"https:\/\/dev.sabilex.com\/en\/wp-json\/wp\/v2\/types\/product"}],"version-history":[{"count":1,"href":"https:\/\/dev.sabilex.com\/en\/wp-json\/wp\/v2\/product\/609\/revisions"}],"predecessor-version":[{"id":3463,"href":"https:\/\/dev.sabilex.com\/en\/wp-json\/wp\/v2\/product\/609\/revisions\/3463"}],"wp:featuredmedia":[{"embeddable":true,"href":"https:\/\/dev.sabilex.com\/en\/wp-json\/wp\/v2\/media\/2366"}],"wp:attachment":[{"href":"https:\/\/dev.sabilex.com\/en\/wp-json\/wp\/v2\/media?parent=609"}],"wp:term":[{"taxonomy":"product_brand","embeddable":true,"href":"https:\/\/dev.sabilex.com\/en\/wp-json\/wp\/v2\/product_brand?post=609"},{"taxonomy":"product_cat","embeddable":true,"href":"https:\/\/dev.sabilex.com\/en\/wp-json\/wp\/v2\/product_cat?post=609"},{"taxonomy":"product_tag","embeddable":true,"href":"https:\/\/dev.sabilex.com\/en\/wp-json\/wp\/v2\/product_tag?post=609"},{"taxonomy":"profesion","embeddable":true,"href":"https:\/\/dev.sabilex.com\/en\/wp-json\/wp\/v2\/profesion?post=609"}],"curies":[{"name":"wp","href":"https:\/\/api.w.org\/{rel}","templated":true}]}}