{"id":614,"date":"2023-01-31T12:56:56","date_gmt":"2023-01-31T15:56:56","guid":{"rendered":"https:\/\/dev.sabilex.com\/?post_type=product&#038;p=614"},"modified":"2023-09-04T18:05:34","modified_gmt":"2023-09-04T21:05:34","slug":"natural-acryl","status":"publish","type":"product","link":"https:\/\/dev.sabilex.com\/en\/tienda\/sin-categorizar\/natural-acryl\/","title":{"rendered":"Natural Acryl"},"content":{"rendered":"<p><b>SABILEX GUM CHARACTERIZATION SYSTEM<\/b><\/p>\n<p><b>\u00a0<\/b><b>Natural Acryl<\/b><\/p>\n<p><span style=\"font-weight: 400;\">\u00a0The system consists of 6 bottles of powdered, heat-curing resin of different shades that allow imitating the patient's gums in dentures made with flexiacryl or conventional acrylic.<\/span><\/p>\n<p><span style=\"font-weight: 400;\">\u00a0Its fine granulometry allows the polymer to be loaded into the flask with the pouring spout by layers, moistening them with monomer by dripping.\u00a0<\/span><\/p>\n<p><b>Characteristics:<\/b><span style=\"font-weight: 400;\">\u00a0<\/span><\/p>\n<ul>\n<li><span style=\"font-weight: 400;\"> Free of porosities.\u00a0<\/span><\/li>\n<li><span style=\"font-weight: 400;\"> Low water absorption.\u00a0<\/span><\/li>\n<li><span style=\"font-weight: 400;\"> Low residual monomer.<\/span><\/li>\n<\/ul>\n<p><b>\u00a0Benefits<\/b><span style=\"font-weight: 400;\">\u00a0<\/span><\/p>\n<ul>\n<li><span style=\"font-weight: 400;\"> Allows for a natural denture customization  in  the patient's gum.\u00a0<\/span><\/li>\n<li><span style=\"font-weight: 400;\"> Easy finishing, polishing and shine.\u00a0<\/span><\/li>\n<li><span style=\"font-weight: 400;\"> High mechanical properties. <\/span><\/li>\n<li><span style=\"font-weight: 400;\">Dimensional stability.\u00a0<\/span><\/li>\n<li><span style=\"font-weight: 400;\"> Resistant and aesthetic dentures.<\/span><\/li>\n<li><span style=\"font-weight: 400;\"> Natural smile. \n Excellent shine.\u00a0<\/span><\/li>\n<\/ul>\n<p><b>The KIT contains:<\/b><span style=\"font-weight: 400;\">:<\/span><\/p>\n<p><span style=\"font-weight: 400;\">\u00a06 bottles of different shades of powdered resin of 20g each.<\/span><\/p>\n<p><span style=\"font-weight: 400;\">\u00a0Note: Resins are sold separately for replacement.<\/span><\/p>\n<p><span style=\"font-weight: 400;\">\u00a0Colors: Light Pink, Medium Pink, Rose Red, Pink Purple, Brown, Black<\/span><\/p>\n<p><span style=\"font-weight: 400;\">\u00a0<\/span><b>Working technique:<\/b><span style=\"font-weight: 400;\">It can be used with conventional acrylic monomers.<\/span><\/p>\n<p><span style=\"font-weight: 400;\">\u00a0Puede ser aplicado: <\/span><\/p>\n<ol>\n<li><span style=\"font-weight: 400;\">Directly on the finished denture\u00a0<\/span><\/li>\n<li><span style=\"font-weight: 400;\"> Indirectly on the injection or pressing flask<\/span><\/li>\n<\/ol>\n<p><span style=\"font-weight: 400;\">\u00a0Procedure: The resin and the monomer are applied manually in detail inside the flask by layers, respecting the anatomy and gingival color of each patient. When we have pigmented the entire vestibular base of the denture and it is totally fixed, in a way that it does not move when the flask is turned, we proceed either to inject the material into the flask or press it depending on the technique to be used.<\/span><\/p>","protected":false},"excerpt":{"rendered":"<p>SISTEMA DE CARACTERIZACION DE ENCIAS SABILEX \u00a0Natural Acryl \u00a0El sistema consiste de 6 frascos de resina en polvo, termocurable, de distintos tonos que permiten imitar las enc\u00edas del paciente en pr\u00f3tesis elaboradas con flexiacryl o acr\u00edlico convencional. \u00a0Su fina granulometr\u00eda permite cargar en mufla con el pico vertedor el pol\u00edmero por capas humedeci\u00e9ndolas con Mon\u00f3mero [&hellip;]<\/p>","protected":false},"featured_media":2270,"template":"","meta":[],"product_brand":[],"product_cat":[19],"product_tag":[],"profesion":[56],"class_list":{"0":"post-614","1":"product","2":"type-product","3":"status-publish","4":"has-post-thumbnail","6":"product_cat-sin-categorizar","7":"profesion-dental","9":"first","10":"instock","11":"shipping-taxable","12":"product-type-simple"},"exclude_global_add_ons":[],"addons":[],"yoast_head":"<!-- This site is optimized with the Yoast SEO plugin v24.7 - https:\/\/yoast.com\/wordpress\/plugins\/seo\/ -->\n<title>Natural Acryl - Sabilex<\/title>\n<meta name=\"robots\" content=\"index, follow, max-snippet:-1, max-image-preview:large, max-video-preview:-1\" \/>\n<link rel=\"canonical\" href=\"https:\/\/dev.sabilex.com\/en\/tienda\/sin-categorizar\/natural-acryl\/\" \/>\n<meta property=\"og:locale\" content=\"en_US\" \/>\n<meta property=\"og:type\" content=\"article\" \/>\n<meta property=\"og:title\" content=\"Natural Acryl - Sabilex\" \/>\n<meta property=\"og:description\" content=\"SISTEMA DE CARACTERIZACION DE ENCIAS SABILEX \u00a0Natural Acryl \u00a0El sistema consiste de 6 frascos de resina en polvo, termocurable, de distintos tonos que permiten imitar las enc\u00edas del paciente en pr\u00f3tesis elaboradas con flexiacryl o acr\u00edlico convencional. \u00a0Su fina granulometr\u00eda permite cargar en mufla con el pico vertedor el pol\u00edmero por capas humedeci\u00e9ndolas con Mon\u00f3mero [&hellip;]\" \/>\n<meta property=\"og:url\" content=\"https:\/\/dev.sabilex.com\/en\/tienda\/sin-categorizar\/natural-acryl\/\" \/>\n<meta property=\"og:site_name\" content=\"Sabilex\" \/>\n<meta property=\"article:publisher\" content=\"https:\/\/www.facebook.com\/sabilexlatinoamerica\/\" \/>\n<meta property=\"article:modified_time\" content=\"2023-09-04T21:05:34+00:00\" \/>\n<meta property=\"og:image\" content=\"https:\/\/dev.sabilex.com\/wp-content\/uploads\/2023\/01\/IMG-20210521-WA0020.jpg\" \/>\n\t<meta property=\"og:image:width\" content=\"1040\" \/>\n\t<meta property=\"og:image:height\" content=\"780\" \/>\n\t<meta property=\"og:image:type\" content=\"image\/jpeg\" \/>\n<meta name=\"twitter:card\" content=\"summary_large_image\" \/>\n<meta name=\"twitter:label1\" content=\"Est. reading time\" \/>\n\t<meta name=\"twitter:data1\" content=\"1 minute\" \/>\n<script type=\"application\/ld+json\" class=\"yoast-schema-graph\">{\"@context\":\"https:\/\/schema.org\",\"@graph\":[{\"@type\":\"WebPage\",\"@id\":\"https:\/\/dev.sabilex.com\/tienda\/sin-categorizar\/natural-acryl\/\",\"url\":\"https:\/\/dev.sabilex.com\/tienda\/sin-categorizar\/natural-acryl\/\",\"name\":\"Natural Acryl - Sabilex\",\"isPartOf\":{\"@id\":\"https:\/\/dev.sabilex.com\/#website\"},\"primaryImageOfPage\":{\"@id\":\"https:\/\/dev.sabilex.com\/tienda\/sin-categorizar\/natural-acryl\/#primaryimage\"},\"image\":{\"@id\":\"https:\/\/dev.sabilex.com\/tienda\/sin-categorizar\/natural-acryl\/#primaryimage\"},\"thumbnailUrl\":\"https:\/\/dev.sabilex.com\/wp-content\/uploads\/2023\/01\/IMG-20210521-WA0020.jpg\",\"datePublished\":\"2023-01-31T15:56:56+00:00\",\"dateModified\":\"2023-09-04T21:05:34+00:00\",\"breadcrumb\":{\"@id\":\"https:\/\/dev.sabilex.com\/tienda\/sin-categorizar\/natural-acryl\/#breadcrumb\"},\"inLanguage\":\"en-US\",\"potentialAction\":[{\"@type\":\"ReadAction\",\"target\":[\"https:\/\/dev.sabilex.com\/tienda\/sin-categorizar\/natural-acryl\/\"]}]},{\"@type\":\"ImageObject\",\"inLanguage\":\"en-US\",\"@id\":\"https:\/\/dev.sabilex.com\/tienda\/sin-categorizar\/natural-acryl\/#primaryimage\",\"url\":\"https:\/\/dev.sabilex.com\/wp-content\/uploads\/2023\/01\/IMG-20210521-WA0020.jpg\",\"contentUrl\":\"https:\/\/dev.sabilex.com\/wp-content\/uploads\/2023\/01\/IMG-20210521-WA0020.jpg\",\"width\":1040,\"height\":780},{\"@type\":\"BreadcrumbList\",\"@id\":\"https:\/\/dev.sabilex.com\/tienda\/sin-categorizar\/natural-acryl\/#breadcrumb\",\"itemListElement\":[{\"@type\":\"ListItem\",\"position\":1,\"name\":\"Inicio\",\"item\":\"https:\/\/dev.sabilex.com\/\"},{\"@type\":\"ListItem\",\"position\":2,\"name\":\"Productos\",\"item\":\"https:\/\/dev.sabilex.com\/shop\/\"},{\"@type\":\"ListItem\",\"position\":3,\"name\":\"Natural Acryl\"}]},{\"@type\":\"WebSite\",\"@id\":\"https:\/\/dev.sabilex.com\/#website\",\"url\":\"https:\/\/dev.sabilex.com\/\",\"name\":\"Sabilex\",\"description\":\"Pr\u00f3tesis flexibles y m\u00e1s\",\"publisher\":{\"@id\":\"https:\/\/dev.sabilex.com\/#organization\"},\"potentialAction\":[{\"@type\":\"SearchAction\",\"target\":{\"@type\":\"EntryPoint\",\"urlTemplate\":\"https:\/\/dev.sabilex.com\/?s={search_term_string}\"},\"query-input\":{\"@type\":\"PropertyValueSpecification\",\"valueRequired\":true,\"valueName\":\"search_term_string\"}}],\"inLanguage\":\"en-US\"},{\"@type\":\"Organization\",\"@id\":\"https:\/\/dev.sabilex.com\/#organization\",\"name\":\"Sabilex\",\"url\":\"https:\/\/dev.sabilex.com\/\",\"logo\":{\"@type\":\"ImageObject\",\"inLanguage\":\"en-US\",\"@id\":\"https:\/\/dev.sabilex.com\/#\/schema\/logo\/image\/\",\"url\":\"https:\/\/dev.sabilex.com\/wp-content\/uploads\/2023\/01\/logo.png\",\"contentUrl\":\"https:\/\/dev.sabilex.com\/wp-content\/uploads\/2023\/01\/logo.png\",\"width\":600,\"height\":105,\"caption\":\"Sabilex\"},\"image\":{\"@id\":\"https:\/\/dev.sabilex.com\/#\/schema\/logo\/image\/\"},\"sameAs\":[\"https:\/\/www.facebook.com\/sabilexlatinoamerica\/\",\"https:\/\/www.instagram.com\/sabilexlatinoamerica\/\"]}]}<\/script>\n<!-- \/ Yoast SEO plugin. -->","yoast_head_json":{"title":"Natural Acryl - Sabilex","robots":{"index":"index","follow":"follow","max-snippet":"max-snippet:-1","max-image-preview":"max-image-preview:large","max-video-preview":"max-video-preview:-1"},"canonical":"https:\/\/dev.sabilex.com\/en\/tienda\/sin-categorizar\/natural-acryl\/","og_locale":"en_US","og_type":"article","og_title":"Natural Acryl - Sabilex","og_description":"SISTEMA DE CARACTERIZACION DE ENCIAS SABILEX \u00a0Natural Acryl \u00a0El sistema consiste de 6 frascos de resina en polvo, termocurable, de distintos tonos que permiten imitar las enc\u00edas del paciente en pr\u00f3tesis elaboradas con flexiacryl o acr\u00edlico convencional. \u00a0Su fina granulometr\u00eda permite cargar en mufla con el pico vertedor el pol\u00edmero por capas humedeci\u00e9ndolas con Mon\u00f3mero [&hellip;]","og_url":"https:\/\/dev.sabilex.com\/en\/tienda\/sin-categorizar\/natural-acryl\/","og_site_name":"Sabilex","article_publisher":"https:\/\/www.facebook.com\/sabilexlatinoamerica\/","article_modified_time":"2023-09-04T21:05:34+00:00","og_image":[{"width":1040,"height":780,"url":"https:\/\/dev.sabilex.com\/wp-content\/uploads\/2023\/01\/IMG-20210521-WA0020.jpg","type":"image\/jpeg"}],"twitter_card":"summary_large_image","twitter_misc":{"Est. reading time":"1 minute"},"schema":{"@context":"https:\/\/schema.org","@graph":[{"@type":"WebPage","@id":"https:\/\/dev.sabilex.com\/tienda\/sin-categorizar\/natural-acryl\/","url":"https:\/\/dev.sabilex.com\/tienda\/sin-categorizar\/natural-acryl\/","name":"Natural Acryl - Sabilex","isPartOf":{"@id":"https:\/\/dev.sabilex.com\/#website"},"primaryImageOfPage":{"@id":"https:\/\/dev.sabilex.com\/tienda\/sin-categorizar\/natural-acryl\/#primaryimage"},"image":{"@id":"https:\/\/dev.sabilex.com\/tienda\/sin-categorizar\/natural-acryl\/#primaryimage"},"thumbnailUrl":"https:\/\/dev.sabilex.com\/wp-content\/uploads\/2023\/01\/IMG-20210521-WA0020.jpg","datePublished":"2023-01-31T15:56:56+00:00","dateModified":"2023-09-04T21:05:34+00:00","breadcrumb":{"@id":"https:\/\/dev.sabilex.com\/tienda\/sin-categorizar\/natural-acryl\/#breadcrumb"},"inLanguage":"en-US","potentialAction":[{"@type":"ReadAction","target":["https:\/\/dev.sabilex.com\/tienda\/sin-categorizar\/natural-acryl\/"]}]},{"@type":"ImageObject","inLanguage":"en-US","@id":"https:\/\/dev.sabilex.com\/tienda\/sin-categorizar\/natural-acryl\/#primaryimage","url":"https:\/\/dev.sabilex.com\/wp-content\/uploads\/2023\/01\/IMG-20210521-WA0020.jpg","contentUrl":"https:\/\/dev.sabilex.com\/wp-content\/uploads\/2023\/01\/IMG-20210521-WA0020.jpg","width":1040,"height":780},{"@type":"BreadcrumbList","@id":"https:\/\/dev.sabilex.com\/tienda\/sin-categorizar\/natural-acryl\/#breadcrumb","itemListElement":[{"@type":"ListItem","position":1,"name":"Inicio","item":"https:\/\/dev.sabilex.com\/"},{"@type":"ListItem","position":2,"name":"Productos","item":"https:\/\/dev.sabilex.com\/shop\/"},{"@type":"ListItem","position":3,"name":"Natural Acryl"}]},{"@type":"WebSite","@id":"https:\/\/dev.sabilex.com\/#website","url":"https:\/\/dev.sabilex.com\/","name":"Sabilex","description":"Pr\u00f3tesis flexibles y m\u00e1s","publisher":{"@id":"https:\/\/dev.sabilex.com\/#organization"},"potentialAction":[{"@type":"SearchAction","target":{"@type":"EntryPoint","urlTemplate":"https:\/\/dev.sabilex.com\/?s={search_term_string}"},"query-input":{"@type":"PropertyValueSpecification","valueRequired":true,"valueName":"search_term_string"}}],"inLanguage":"en-US"},{"@type":"Organization","@id":"https:\/\/dev.sabilex.com\/#organization","name":"Sabilex","url":"https:\/\/dev.sabilex.com\/","logo":{"@type":"ImageObject","inLanguage":"en-US","@id":"https:\/\/dev.sabilex.com\/#\/schema\/logo\/image\/","url":"https:\/\/dev.sabilex.com\/wp-content\/uploads\/2023\/01\/logo.png","contentUrl":"https:\/\/dev.sabilex.com\/wp-content\/uploads\/2023\/01\/logo.png","width":600,"height":105,"caption":"Sabilex"},"image":{"@id":"https:\/\/dev.sabilex.com\/#\/schema\/logo\/image\/"},"sameAs":["https:\/\/www.facebook.com\/sabilexlatinoamerica\/","https:\/\/www.instagram.com\/sabilexlatinoamerica\/"]}]}},"_links":{"self":[{"href":"https:\/\/dev.sabilex.com\/en\/wp-json\/wp\/v2\/product\/614","targetHints":{"allow":["GET"]}}],"collection":[{"href":"https:\/\/dev.sabilex.com\/en\/wp-json\/wp\/v2\/product"}],"about":[{"href":"https:\/\/dev.sabilex.com\/en\/wp-json\/wp\/v2\/types\/product"}],"version-history":[{"count":1,"href":"https:\/\/dev.sabilex.com\/en\/wp-json\/wp\/v2\/product\/614\/revisions"}],"predecessor-version":[{"id":2933,"href":"https:\/\/dev.sabilex.com\/en\/wp-json\/wp\/v2\/product\/614\/revisions\/2933"}],"wp:featuredmedia":[{"embeddable":true,"href":"https:\/\/dev.sabilex.com\/en\/wp-json\/wp\/v2\/media\/2270"}],"wp:attachment":[{"href":"https:\/\/dev.sabilex.com\/en\/wp-json\/wp\/v2\/media?parent=614"}],"wp:term":[{"taxonomy":"product_brand","embeddable":true,"href":"https:\/\/dev.sabilex.com\/en\/wp-json\/wp\/v2\/product_brand?post=614"},{"taxonomy":"product_cat","embeddable":true,"href":"https:\/\/dev.sabilex.com\/en\/wp-json\/wp\/v2\/product_cat?post=614"},{"taxonomy":"product_tag","embeddable":true,"href":"https:\/\/dev.sabilex.com\/en\/wp-json\/wp\/v2\/product_tag?post=614"},{"taxonomy":"profesion","embeddable":true,"href":"https:\/\/dev.sabilex.com\/en\/wp-json\/wp\/v2\/profesion?post=614"}],"curies":[{"name":"wp","href":"https:\/\/api.w.org\/{rel}","templated":true}]}}