{"id":616,"date":"2023-01-31T13:21:27","date_gmt":"2023-01-31T16:21:27","guid":{"rendered":"https:\/\/dev.sabilex.com\/?post_type=product&#038;p=616"},"modified":"2023-10-30T11:27:19","modified_gmt":"2023-10-30T14:27:19","slug":"snap-on-smile","status":"publish","type":"product","link":"https:\/\/dev.sabilex.com\/en\/tienda\/sin-categorizar\/snap-on-smile\/","title":{"rendered":"Snap on Smile"},"content":{"rendered":"<p><span style=\"font-weight: 400;\">Creating a perfect smile is possible thanks to the FLEXIACETAL material from Sabilex.\u00a0<\/span><\/p>\n<p><span style=\"font-weight: 400;\">Its high fluency allows complex designs to be made with thin thicknesses.\u00a0<\/span><\/p>\n<p><span style=\"font-weight: 400;\">Provides a simple solution for the fabrication of aesthetic retainers, chromes, crowns and more.\u00a0<\/span><\/p>\n<p><span style=\"font-weight: 400;\">Optimum resistance, toughness and surface hardness.<\/span><\/p>\n<p><span style=\"font-weight: 400;\">Combinable with flexible, acrylic and\/or chrome prostheses<\/span><\/p>\n<p><span style=\"font-weight: 400;\">SNAP FIT: flexes and returns to its original shape achieving a secure fit by pressure<\/span><\/p>\n<p><span style=\"font-weight: 400;\">Low liquid absorption, does not stain or change color<\/span><\/p>","protected":false},"excerpt":{"rendered":"<p>Crear una sonrisa perfecta es posible gracias al material FLEXIACETAL de Sabilex.\u00a0 Su alta fluencia permite hacer dise\u00f1os complejos con espesores finos.\u00a0 Brinda una soluci\u00f3n sencilla para la elaboraci\u00f3n de retenedores est\u00e9ticos, cromos, coronas y m\u00e1s.\u00a0 \u00d3ptima resistencia, tenacidad y dureza superficial. Combinable con pr\u00f3tesis flexibles, de acr\u00edlico y\/o cromos SNAP FIT: flexiona y vuelve [&hellip;]<\/p>","protected":false},"featured_media":2362,"template":"","meta":[],"product_brand":[],"product_cat":[19],"product_tag":[],"profesion":[56],"class_list":{"0":"post-616","1":"product","2":"type-product","3":"status-publish","4":"has-post-thumbnail","6":"product_cat-sin-categorizar","7":"profesion-dental","9":"first","10":"instock","11":"shipping-taxable","12":"product-type-simple"},"exclude_global_add_ons":[],"addons":[],"yoast_head":"<!-- This site is optimized with the Yoast SEO plugin v24.7 - https:\/\/yoast.com\/wordpress\/plugins\/seo\/ -->\n<title>Snap on Smile - Sabilex<\/title>\n<meta name=\"robots\" content=\"index, follow, max-snippet:-1, max-image-preview:large, max-video-preview:-1\" \/>\n<link rel=\"canonical\" href=\"https:\/\/dev.sabilex.com\/en\/tienda\/sin-categorizar\/snap-on-smile\/\" \/>\n<meta property=\"og:locale\" content=\"en_US\" \/>\n<meta property=\"og:type\" content=\"article\" \/>\n<meta property=\"og:title\" content=\"Snap on Smile - Sabilex\" \/>\n<meta property=\"og:description\" content=\"Crear una sonrisa perfecta es posible gracias al material FLEXIACETAL de Sabilex.\u00a0 Su alta fluencia permite hacer dise\u00f1os complejos con espesores finos.\u00a0 Brinda una soluci\u00f3n sencilla para la elaboraci\u00f3n de retenedores est\u00e9ticos, cromos, coronas y m\u00e1s.\u00a0 \u00d3ptima resistencia, tenacidad y dureza superficial. Combinable con pr\u00f3tesis flexibles, de acr\u00edlico y\/o cromos SNAP FIT: flexiona y vuelve [&hellip;]\" \/>\n<meta property=\"og:url\" content=\"https:\/\/dev.sabilex.com\/en\/tienda\/sin-categorizar\/snap-on-smile\/\" \/>\n<meta property=\"og:site_name\" content=\"Sabilex\" \/>\n<meta property=\"article:publisher\" content=\"https:\/\/www.facebook.com\/sabilexlatinoamerica\/\" \/>\n<meta property=\"article:modified_time\" content=\"2023-10-30T14:27:19+00:00\" \/>\n<meta property=\"og:image\" content=\"https:\/\/dev.sabilex.com\/wp-content\/uploads\/2023\/01\/Snao-on-Smile.jpg\" \/>\n\t<meta property=\"og:image:width\" content=\"389\" \/>\n\t<meta property=\"og:image:height\" content=\"342\" \/>\n\t<meta property=\"og:image:type\" content=\"image\/jpeg\" \/>\n<meta name=\"twitter:card\" content=\"summary_large_image\" \/>\n<meta name=\"twitter:label1\" content=\"Est. reading time\" \/>\n\t<meta name=\"twitter:data1\" content=\"1 minute\" \/>\n<script type=\"application\/ld+json\" class=\"yoast-schema-graph\">{\"@context\":\"https:\/\/schema.org\",\"@graph\":[{\"@type\":\"WebPage\",\"@id\":\"https:\/\/dev.sabilex.com\/tienda\/sin-categorizar\/snap-on-smile\/\",\"url\":\"https:\/\/dev.sabilex.com\/tienda\/sin-categorizar\/snap-on-smile\/\",\"name\":\"Snap on Smile - Sabilex\",\"isPartOf\":{\"@id\":\"https:\/\/dev.sabilex.com\/#website\"},\"primaryImageOfPage\":{\"@id\":\"https:\/\/dev.sabilex.com\/tienda\/sin-categorizar\/snap-on-smile\/#primaryimage\"},\"image\":{\"@id\":\"https:\/\/dev.sabilex.com\/tienda\/sin-categorizar\/snap-on-smile\/#primaryimage\"},\"thumbnailUrl\":\"https:\/\/dev.sabilex.com\/wp-content\/uploads\/2023\/01\/Snao-on-Smile.jpg\",\"datePublished\":\"2023-01-31T16:21:27+00:00\",\"dateModified\":\"2023-10-30T14:27:19+00:00\",\"breadcrumb\":{\"@id\":\"https:\/\/dev.sabilex.com\/tienda\/sin-categorizar\/snap-on-smile\/#breadcrumb\"},\"inLanguage\":\"en-US\",\"potentialAction\":[{\"@type\":\"ReadAction\",\"target\":[\"https:\/\/dev.sabilex.com\/tienda\/sin-categorizar\/snap-on-smile\/\"]}]},{\"@type\":\"ImageObject\",\"inLanguage\":\"en-US\",\"@id\":\"https:\/\/dev.sabilex.com\/tienda\/sin-categorizar\/snap-on-smile\/#primaryimage\",\"url\":\"https:\/\/dev.sabilex.com\/wp-content\/uploads\/2023\/01\/Snao-on-Smile.jpg\",\"contentUrl\":\"https:\/\/dev.sabilex.com\/wp-content\/uploads\/2023\/01\/Snao-on-Smile.jpg\",\"width\":389,\"height\":342},{\"@type\":\"BreadcrumbList\",\"@id\":\"https:\/\/dev.sabilex.com\/tienda\/sin-categorizar\/snap-on-smile\/#breadcrumb\",\"itemListElement\":[{\"@type\":\"ListItem\",\"position\":1,\"name\":\"Inicio\",\"item\":\"https:\/\/dev.sabilex.com\/\"},{\"@type\":\"ListItem\",\"position\":2,\"name\":\"Productos\",\"item\":\"https:\/\/dev.sabilex.com\/shop\/\"},{\"@type\":\"ListItem\",\"position\":3,\"name\":\"Snap on Smile\"}]},{\"@type\":\"WebSite\",\"@id\":\"https:\/\/dev.sabilex.com\/#website\",\"url\":\"https:\/\/dev.sabilex.com\/\",\"name\":\"Sabilex\",\"description\":\"Pr\u00f3tesis flexibles y m\u00e1s\",\"publisher\":{\"@id\":\"https:\/\/dev.sabilex.com\/#organization\"},\"potentialAction\":[{\"@type\":\"SearchAction\",\"target\":{\"@type\":\"EntryPoint\",\"urlTemplate\":\"https:\/\/dev.sabilex.com\/?s={search_term_string}\"},\"query-input\":{\"@type\":\"PropertyValueSpecification\",\"valueRequired\":true,\"valueName\":\"search_term_string\"}}],\"inLanguage\":\"en-US\"},{\"@type\":\"Organization\",\"@id\":\"https:\/\/dev.sabilex.com\/#organization\",\"name\":\"Sabilex\",\"url\":\"https:\/\/dev.sabilex.com\/\",\"logo\":{\"@type\":\"ImageObject\",\"inLanguage\":\"en-US\",\"@id\":\"https:\/\/dev.sabilex.com\/#\/schema\/logo\/image\/\",\"url\":\"https:\/\/dev.sabilex.com\/wp-content\/uploads\/2023\/01\/logo.png\",\"contentUrl\":\"https:\/\/dev.sabilex.com\/wp-content\/uploads\/2023\/01\/logo.png\",\"width\":600,\"height\":105,\"caption\":\"Sabilex\"},\"image\":{\"@id\":\"https:\/\/dev.sabilex.com\/#\/schema\/logo\/image\/\"},\"sameAs\":[\"https:\/\/www.facebook.com\/sabilexlatinoamerica\/\",\"https:\/\/www.instagram.com\/sabilexlatinoamerica\/\"]}]}<\/script>\n<!-- \/ Yoast SEO plugin. -->","yoast_head_json":{"title":"Snap on Smile - Sabilex","robots":{"index":"index","follow":"follow","max-snippet":"max-snippet:-1","max-image-preview":"max-image-preview:large","max-video-preview":"max-video-preview:-1"},"canonical":"https:\/\/dev.sabilex.com\/en\/tienda\/sin-categorizar\/snap-on-smile\/","og_locale":"en_US","og_type":"article","og_title":"Snap on Smile - Sabilex","og_description":"Crear una sonrisa perfecta es posible gracias al material FLEXIACETAL de Sabilex.\u00a0 Su alta fluencia permite hacer dise\u00f1os complejos con espesores finos.\u00a0 Brinda una soluci\u00f3n sencilla para la elaboraci\u00f3n de retenedores est\u00e9ticos, cromos, coronas y m\u00e1s.\u00a0 \u00d3ptima resistencia, tenacidad y dureza superficial. Combinable con pr\u00f3tesis flexibles, de acr\u00edlico y\/o cromos SNAP FIT: flexiona y vuelve [&hellip;]","og_url":"https:\/\/dev.sabilex.com\/en\/tienda\/sin-categorizar\/snap-on-smile\/","og_site_name":"Sabilex","article_publisher":"https:\/\/www.facebook.com\/sabilexlatinoamerica\/","article_modified_time":"2023-10-30T14:27:19+00:00","og_image":[{"width":389,"height":342,"url":"https:\/\/dev.sabilex.com\/wp-content\/uploads\/2023\/01\/Snao-on-Smile.jpg","type":"image\/jpeg"}],"twitter_card":"summary_large_image","twitter_misc":{"Est. reading time":"1 minute"},"schema":{"@context":"https:\/\/schema.org","@graph":[{"@type":"WebPage","@id":"https:\/\/dev.sabilex.com\/tienda\/sin-categorizar\/snap-on-smile\/","url":"https:\/\/dev.sabilex.com\/tienda\/sin-categorizar\/snap-on-smile\/","name":"Snap on Smile - Sabilex","isPartOf":{"@id":"https:\/\/dev.sabilex.com\/#website"},"primaryImageOfPage":{"@id":"https:\/\/dev.sabilex.com\/tienda\/sin-categorizar\/snap-on-smile\/#primaryimage"},"image":{"@id":"https:\/\/dev.sabilex.com\/tienda\/sin-categorizar\/snap-on-smile\/#primaryimage"},"thumbnailUrl":"https:\/\/dev.sabilex.com\/wp-content\/uploads\/2023\/01\/Snao-on-Smile.jpg","datePublished":"2023-01-31T16:21:27+00:00","dateModified":"2023-10-30T14:27:19+00:00","breadcrumb":{"@id":"https:\/\/dev.sabilex.com\/tienda\/sin-categorizar\/snap-on-smile\/#breadcrumb"},"inLanguage":"en-US","potentialAction":[{"@type":"ReadAction","target":["https:\/\/dev.sabilex.com\/tienda\/sin-categorizar\/snap-on-smile\/"]}]},{"@type":"ImageObject","inLanguage":"en-US","@id":"https:\/\/dev.sabilex.com\/tienda\/sin-categorizar\/snap-on-smile\/#primaryimage","url":"https:\/\/dev.sabilex.com\/wp-content\/uploads\/2023\/01\/Snao-on-Smile.jpg","contentUrl":"https:\/\/dev.sabilex.com\/wp-content\/uploads\/2023\/01\/Snao-on-Smile.jpg","width":389,"height":342},{"@type":"BreadcrumbList","@id":"https:\/\/dev.sabilex.com\/tienda\/sin-categorizar\/snap-on-smile\/#breadcrumb","itemListElement":[{"@type":"ListItem","position":1,"name":"Inicio","item":"https:\/\/dev.sabilex.com\/"},{"@type":"ListItem","position":2,"name":"Productos","item":"https:\/\/dev.sabilex.com\/shop\/"},{"@type":"ListItem","position":3,"name":"Snap on Smile"}]},{"@type":"WebSite","@id":"https:\/\/dev.sabilex.com\/#website","url":"https:\/\/dev.sabilex.com\/","name":"Sabilex","description":"Pr\u00f3tesis flexibles y m\u00e1s","publisher":{"@id":"https:\/\/dev.sabilex.com\/#organization"},"potentialAction":[{"@type":"SearchAction","target":{"@type":"EntryPoint","urlTemplate":"https:\/\/dev.sabilex.com\/?s={search_term_string}"},"query-input":{"@type":"PropertyValueSpecification","valueRequired":true,"valueName":"search_term_string"}}],"inLanguage":"en-US"},{"@type":"Organization","@id":"https:\/\/dev.sabilex.com\/#organization","name":"Sabilex","url":"https:\/\/dev.sabilex.com\/","logo":{"@type":"ImageObject","inLanguage":"en-US","@id":"https:\/\/dev.sabilex.com\/#\/schema\/logo\/image\/","url":"https:\/\/dev.sabilex.com\/wp-content\/uploads\/2023\/01\/logo.png","contentUrl":"https:\/\/dev.sabilex.com\/wp-content\/uploads\/2023\/01\/logo.png","width":600,"height":105,"caption":"Sabilex"},"image":{"@id":"https:\/\/dev.sabilex.com\/#\/schema\/logo\/image\/"},"sameAs":["https:\/\/www.facebook.com\/sabilexlatinoamerica\/","https:\/\/www.instagram.com\/sabilexlatinoamerica\/"]}]}},"_links":{"self":[{"href":"https:\/\/dev.sabilex.com\/en\/wp-json\/wp\/v2\/product\/616","targetHints":{"allow":["GET"]}}],"collection":[{"href":"https:\/\/dev.sabilex.com\/en\/wp-json\/wp\/v2\/product"}],"about":[{"href":"https:\/\/dev.sabilex.com\/en\/wp-json\/wp\/v2\/types\/product"}],"version-history":[{"count":1,"href":"https:\/\/dev.sabilex.com\/en\/wp-json\/wp\/v2\/product\/616\/revisions"}],"predecessor-version":[{"id":2976,"href":"https:\/\/dev.sabilex.com\/en\/wp-json\/wp\/v2\/product\/616\/revisions\/2976"}],"wp:featuredmedia":[{"embeddable":true,"href":"https:\/\/dev.sabilex.com\/en\/wp-json\/wp\/v2\/media\/2362"}],"wp:attachment":[{"href":"https:\/\/dev.sabilex.com\/en\/wp-json\/wp\/v2\/media?parent=616"}],"wp:term":[{"taxonomy":"product_brand","embeddable":true,"href":"https:\/\/dev.sabilex.com\/en\/wp-json\/wp\/v2\/product_brand?post=616"},{"taxonomy":"product_cat","embeddable":true,"href":"https:\/\/dev.sabilex.com\/en\/wp-json\/wp\/v2\/product_cat?post=616"},{"taxonomy":"product_tag","embeddable":true,"href":"https:\/\/dev.sabilex.com\/en\/wp-json\/wp\/v2\/product_tag?post=616"},{"taxonomy":"profesion","embeddable":true,"href":"https:\/\/dev.sabilex.com\/en\/wp-json\/wp\/v2\/profesion?post=616"}],"curies":[{"name":"wp","href":"https:\/\/api.w.org\/{rel}","templated":true}]}}