{"id":807,"date":"2023-02-01T10:54:03","date_gmt":"2023-02-01T13:54:03","guid":{"rendered":"https:\/\/dev.sabilex.com\/?post_type=product&#038;p=807"},"modified":"2023-09-04T18:05:30","modified_gmt":"2023-09-04T21:05:30","slug":"micromotor-m360","status":"publish","type":"product","link":"https:\/\/dev.sabilex.com\/en\/tienda\/micromotores-y-tornos-de-mano\/para-laboratorio\/micromotor-m360\/","title":{"rendered":"Micromotor M360"},"content":{"rendered":"<p><b>El m\u00e1s vendido por su relaci\u00f3n precio\/calidad!<\/b><\/p>\n<p><span style=\"font-weight: 400;\">Pr\u00e1ctico y adaptable al uso exigente del profesional<\/span><\/p>\n<p><span style=\"font-weight: 400;\">Apto para uso Odontol\u00f3gico, Laboratorio Dental,Podolog\u00eda, Joyer\u00eda, Hobbies, etc.<\/span><\/p>\n<p><span style=\"font-weight: 400;\">Consta de un Gabinete de Control con Pedal y una Pieza de Mano portafresas.<\/span><\/p>\n<p><b>Gabinete:<\/b><\/p>\n<p><span style=\"font-weight: 400;\">Potencia 45W<\/span><\/p>\n<p><span style=\"font-weight: 400;\">Variador de velocidad continuo de 0\/35000 rpm .<\/span><\/p>\n<p><span style=\"font-weight: 400;\">Caja de control potente , compacta, portable con marcha y contramarcha.\u00a0<\/span><\/p>\n<p><span style=\"font-weight: 400;\">Control de encendido desde el Pedal on\/off o desde el gabinete.<\/span><\/p>\n<p><span style=\"font-weight: 400;\">Base de goma para apoyo de pieza de mano.<\/span><\/p>\n<p><span style=\"font-weight: 400;\">Dise\u00f1o Moderno.<\/span><\/p>\n<p><span style=\"font-weight: 400;\">Soporte para apoyo de pieza de mano en el gabinete.<\/span><\/p>\n<p><span style=\"font-weight: 400;\">Portafresas incorporado al gabinete.<\/span><\/p>\n<p><span style=\"font-weight: 400;\">Bivolt 110\/220v 50\/60hz<\/span><\/p>\n<p><span style=\"font-weight: 400;\">Medidas: 116 x 156 x 78 mm (Ancho, Profundo, Altura)<\/span><\/p>\n<p><span style=\"font-weight: 400;\">Peso : 1, 23 kg<\/span><\/p>\n<p><b>Pieza de Mano:<\/b><\/p>\n<p><span style=\"font-weight: 400;\">0-35000 rpm<\/span><\/p>\n<p><span style=\"font-weight: 400;\">Con cambio r\u00e1pido de fresas.<\/span><\/p>\n<p><span style=\"font-weight: 400;\">Mandril para fresas y piedras de\u00a0 2.35 mm.<\/span><\/p>\n<p><span style=\"font-weight: 400;\">Robusta, Ergon\u00f3mica y Eficiente.<\/span><\/p>\n<p><span style=\"font-weight: 400;\">Sin ruidos ni vibraciones.<\/span><\/p>\n<p><span style=\"font-weight: 400;\">Montada sobre 4 rulemanes.<\/span><\/p>\n<p><span style=\"font-weight: 400;\">M\u00e1ximo torque 3.2 Ncm<\/span><\/p>\n<p><span style=\"font-weight: 400;\">Dimensiones: L 155 x diam 30 mm<\/span><\/p>\n<p><span style=\"font-weight: 400;\">Peso 210 grs<\/span><\/p>","protected":false},"excerpt":{"rendered":"<p>El m\u00e1s vendido por su relaci\u00f3n precio\/calidad! Pr\u00e1ctico y adaptable al uso exigente del profesional Apto para uso Odontol\u00f3gico, Laboratorio Dental,Podolog\u00eda, Joyer\u00eda, Hobbies, etc. Consta de un Gabinete de Control con Pedal y una Pieza de Mano portafresas. Gabinete: Potencia 45W Variador de velocidad continuo de 0\/35000 rpm . Caja de control potente , compacta, [&hellip;]<\/p>","protected":false},"featured_media":2154,"template":"","meta":[],"product_brand":[],"product_cat":[81,35],"product_tag":[],"profesion":[56,55,54,53],"class_list":{"0":"post-807","1":"product","2":"type-product","3":"status-publish","4":"has-post-thumbnail","6":"product_cat-para-laboratorio","7":"product_cat-micromotores-y-tornos-de-mano","8":"profesion-dental","9":"profesion-industria","10":"profesion-joyeros","11":"profesion-podologos","13":"first","14":"instock","15":"shipping-taxable","16":"product-type-simple"},"exclude_global_add_ons":[],"addons":[],"yoast_head":"<!-- This site is optimized with the Yoast SEO plugin v24.7 - https:\/\/yoast.com\/wordpress\/plugins\/seo\/ -->\n<title>Micromotor M360 - Sabilex<\/title>\n<meta name=\"robots\" content=\"index, follow, max-snippet:-1, max-image-preview:large, max-video-preview:-1\" \/>\n<link rel=\"canonical\" href=\"https:\/\/dev.sabilex.com\/en\/tienda\/micromotores-y-tornos-de-mano\/para-laboratorio\/micromotor-m360\/\" \/>\n<meta property=\"og:locale\" content=\"en_US\" \/>\n<meta property=\"og:type\" content=\"article\" \/>\n<meta property=\"og:title\" content=\"Micromotor M360 - Sabilex\" \/>\n<meta property=\"og:description\" content=\"El m\u00e1s vendido por su relaci\u00f3n precio\/calidad! Pr\u00e1ctico y adaptable al uso exigente del profesional Apto para uso Odontol\u00f3gico, Laboratorio Dental,Podolog\u00eda, Joyer\u00eda, Hobbies, etc. Consta de un Gabinete de Control con Pedal y una Pieza de Mano portafresas. Gabinete: Potencia 45W Variador de velocidad continuo de 0\/35000 rpm . Caja de control potente , compacta, [&hellip;]\" \/>\n<meta property=\"og:url\" content=\"https:\/\/dev.sabilex.com\/en\/tienda\/micromotores-y-tornos-de-mano\/para-laboratorio\/micromotor-m360\/\" \/>\n<meta property=\"og:site_name\" content=\"Sabilex\" \/>\n<meta property=\"article:publisher\" content=\"https:\/\/www.facebook.com\/sabilexlatinoamerica\/\" \/>\n<meta property=\"article:modified_time\" content=\"2023-09-04T21:05:30+00:00\" \/>\n<meta property=\"og:image\" content=\"https:\/\/dev.sabilex.com\/wp-content\/uploads\/2023\/02\/6-M360.png\" \/>\n\t<meta property=\"og:image:width\" content=\"1500\" \/>\n\t<meta property=\"og:image:height\" content=\"1500\" \/>\n\t<meta property=\"og:image:type\" content=\"image\/png\" \/>\n<meta name=\"twitter:card\" content=\"summary_large_image\" \/>\n<meta name=\"twitter:label1\" content=\"Est. reading time\" \/>\n\t<meta name=\"twitter:data1\" content=\"1 minute\" \/>\n<script type=\"application\/ld+json\" class=\"yoast-schema-graph\">{\"@context\":\"https:\/\/schema.org\",\"@graph\":[{\"@type\":\"WebPage\",\"@id\":\"https:\/\/dev.sabilex.com\/tienda\/micromotores-y-tornos-de-mano\/para-laboratorio\/micromotor-m360\/\",\"url\":\"https:\/\/dev.sabilex.com\/tienda\/micromotores-y-tornos-de-mano\/para-laboratorio\/micromotor-m360\/\",\"name\":\"Micromotor M360 - Sabilex\",\"isPartOf\":{\"@id\":\"https:\/\/dev.sabilex.com\/#website\"},\"primaryImageOfPage\":{\"@id\":\"https:\/\/dev.sabilex.com\/tienda\/micromotores-y-tornos-de-mano\/para-laboratorio\/micromotor-m360\/#primaryimage\"},\"image\":{\"@id\":\"https:\/\/dev.sabilex.com\/tienda\/micromotores-y-tornos-de-mano\/para-laboratorio\/micromotor-m360\/#primaryimage\"},\"thumbnailUrl\":\"https:\/\/dev.sabilex.com\/wp-content\/uploads\/2023\/02\/6-M360.png\",\"datePublished\":\"2023-02-01T13:54:03+00:00\",\"dateModified\":\"2023-09-04T21:05:30+00:00\",\"breadcrumb\":{\"@id\":\"https:\/\/dev.sabilex.com\/tienda\/micromotores-y-tornos-de-mano\/para-laboratorio\/micromotor-m360\/#breadcrumb\"},\"inLanguage\":\"en-US\",\"potentialAction\":[{\"@type\":\"ReadAction\",\"target\":[\"https:\/\/dev.sabilex.com\/tienda\/micromotores-y-tornos-de-mano\/para-laboratorio\/micromotor-m360\/\"]}]},{\"@type\":\"ImageObject\",\"inLanguage\":\"en-US\",\"@id\":\"https:\/\/dev.sabilex.com\/tienda\/micromotores-y-tornos-de-mano\/para-laboratorio\/micromotor-m360\/#primaryimage\",\"url\":\"https:\/\/dev.sabilex.com\/wp-content\/uploads\/2023\/02\/6-M360.png\",\"contentUrl\":\"https:\/\/dev.sabilex.com\/wp-content\/uploads\/2023\/02\/6-M360.png\",\"width\":1500,\"height\":1500},{\"@type\":\"BreadcrumbList\",\"@id\":\"https:\/\/dev.sabilex.com\/tienda\/micromotores-y-tornos-de-mano\/para-laboratorio\/micromotor-m360\/#breadcrumb\",\"itemListElement\":[{\"@type\":\"ListItem\",\"position\":1,\"name\":\"Inicio\",\"item\":\"https:\/\/dev.sabilex.com\/\"},{\"@type\":\"ListItem\",\"position\":2,\"name\":\"Productos\",\"item\":\"https:\/\/dev.sabilex.com\/shop\/\"},{\"@type\":\"ListItem\",\"position\":3,\"name\":\"Micromotor M360\"}]},{\"@type\":\"WebSite\",\"@id\":\"https:\/\/dev.sabilex.com\/#website\",\"url\":\"https:\/\/dev.sabilex.com\/\",\"name\":\"Sabilex\",\"description\":\"Pr\u00f3tesis flexibles y m\u00e1s\",\"publisher\":{\"@id\":\"https:\/\/dev.sabilex.com\/#organization\"},\"potentialAction\":[{\"@type\":\"SearchAction\",\"target\":{\"@type\":\"EntryPoint\",\"urlTemplate\":\"https:\/\/dev.sabilex.com\/?s={search_term_string}\"},\"query-input\":{\"@type\":\"PropertyValueSpecification\",\"valueRequired\":true,\"valueName\":\"search_term_string\"}}],\"inLanguage\":\"en-US\"},{\"@type\":\"Organization\",\"@id\":\"https:\/\/dev.sabilex.com\/#organization\",\"name\":\"Sabilex\",\"url\":\"https:\/\/dev.sabilex.com\/\",\"logo\":{\"@type\":\"ImageObject\",\"inLanguage\":\"en-US\",\"@id\":\"https:\/\/dev.sabilex.com\/#\/schema\/logo\/image\/\",\"url\":\"https:\/\/dev.sabilex.com\/wp-content\/uploads\/2023\/01\/logo.png\",\"contentUrl\":\"https:\/\/dev.sabilex.com\/wp-content\/uploads\/2023\/01\/logo.png\",\"width\":600,\"height\":105,\"caption\":\"Sabilex\"},\"image\":{\"@id\":\"https:\/\/dev.sabilex.com\/#\/schema\/logo\/image\/\"},\"sameAs\":[\"https:\/\/www.facebook.com\/sabilexlatinoamerica\/\",\"https:\/\/www.instagram.com\/sabilexlatinoamerica\/\"]}]}<\/script>\n<!-- \/ Yoast SEO plugin. -->","yoast_head_json":{"title":"Micromotor M360 - Sabilex","robots":{"index":"index","follow":"follow","max-snippet":"max-snippet:-1","max-image-preview":"max-image-preview:large","max-video-preview":"max-video-preview:-1"},"canonical":"https:\/\/dev.sabilex.com\/en\/tienda\/micromotores-y-tornos-de-mano\/para-laboratorio\/micromotor-m360\/","og_locale":"en_US","og_type":"article","og_title":"Micromotor M360 - Sabilex","og_description":"El m\u00e1s vendido por su relaci\u00f3n precio\/calidad! Pr\u00e1ctico y adaptable al uso exigente del profesional Apto para uso Odontol\u00f3gico, Laboratorio Dental,Podolog\u00eda, Joyer\u00eda, Hobbies, etc. Consta de un Gabinete de Control con Pedal y una Pieza de Mano portafresas. Gabinete: Potencia 45W Variador de velocidad continuo de 0\/35000 rpm . Caja de control potente , compacta, [&hellip;]","og_url":"https:\/\/dev.sabilex.com\/en\/tienda\/micromotores-y-tornos-de-mano\/para-laboratorio\/micromotor-m360\/","og_site_name":"Sabilex","article_publisher":"https:\/\/www.facebook.com\/sabilexlatinoamerica\/","article_modified_time":"2023-09-04T21:05:30+00:00","og_image":[{"width":1500,"height":1500,"url":"https:\/\/dev.sabilex.com\/wp-content\/uploads\/2023\/02\/6-M360.png","type":"image\/png"}],"twitter_card":"summary_large_image","twitter_misc":{"Est. reading time":"1 minute"},"schema":{"@context":"https:\/\/schema.org","@graph":[{"@type":"WebPage","@id":"https:\/\/dev.sabilex.com\/tienda\/micromotores-y-tornos-de-mano\/para-laboratorio\/micromotor-m360\/","url":"https:\/\/dev.sabilex.com\/tienda\/micromotores-y-tornos-de-mano\/para-laboratorio\/micromotor-m360\/","name":"Micromotor M360 - Sabilex","isPartOf":{"@id":"https:\/\/dev.sabilex.com\/#website"},"primaryImageOfPage":{"@id":"https:\/\/dev.sabilex.com\/tienda\/micromotores-y-tornos-de-mano\/para-laboratorio\/micromotor-m360\/#primaryimage"},"image":{"@id":"https:\/\/dev.sabilex.com\/tienda\/micromotores-y-tornos-de-mano\/para-laboratorio\/micromotor-m360\/#primaryimage"},"thumbnailUrl":"https:\/\/dev.sabilex.com\/wp-content\/uploads\/2023\/02\/6-M360.png","datePublished":"2023-02-01T13:54:03+00:00","dateModified":"2023-09-04T21:05:30+00:00","breadcrumb":{"@id":"https:\/\/dev.sabilex.com\/tienda\/micromotores-y-tornos-de-mano\/para-laboratorio\/micromotor-m360\/#breadcrumb"},"inLanguage":"en-US","potentialAction":[{"@type":"ReadAction","target":["https:\/\/dev.sabilex.com\/tienda\/micromotores-y-tornos-de-mano\/para-laboratorio\/micromotor-m360\/"]}]},{"@type":"ImageObject","inLanguage":"en-US","@id":"https:\/\/dev.sabilex.com\/tienda\/micromotores-y-tornos-de-mano\/para-laboratorio\/micromotor-m360\/#primaryimage","url":"https:\/\/dev.sabilex.com\/wp-content\/uploads\/2023\/02\/6-M360.png","contentUrl":"https:\/\/dev.sabilex.com\/wp-content\/uploads\/2023\/02\/6-M360.png","width":1500,"height":1500},{"@type":"BreadcrumbList","@id":"https:\/\/dev.sabilex.com\/tienda\/micromotores-y-tornos-de-mano\/para-laboratorio\/micromotor-m360\/#breadcrumb","itemListElement":[{"@type":"ListItem","position":1,"name":"Inicio","item":"https:\/\/dev.sabilex.com\/"},{"@type":"ListItem","position":2,"name":"Productos","item":"https:\/\/dev.sabilex.com\/shop\/"},{"@type":"ListItem","position":3,"name":"Micromotor M360"}]},{"@type":"WebSite","@id":"https:\/\/dev.sabilex.com\/#website","url":"https:\/\/dev.sabilex.com\/","name":"Sabilex","description":"Pr\u00f3tesis flexibles y m\u00e1s","publisher":{"@id":"https:\/\/dev.sabilex.com\/#organization"},"potentialAction":[{"@type":"SearchAction","target":{"@type":"EntryPoint","urlTemplate":"https:\/\/dev.sabilex.com\/?s={search_term_string}"},"query-input":{"@type":"PropertyValueSpecification","valueRequired":true,"valueName":"search_term_string"}}],"inLanguage":"en-US"},{"@type":"Organization","@id":"https:\/\/dev.sabilex.com\/#organization","name":"Sabilex","url":"https:\/\/dev.sabilex.com\/","logo":{"@type":"ImageObject","inLanguage":"en-US","@id":"https:\/\/dev.sabilex.com\/#\/schema\/logo\/image\/","url":"https:\/\/dev.sabilex.com\/wp-content\/uploads\/2023\/01\/logo.png","contentUrl":"https:\/\/dev.sabilex.com\/wp-content\/uploads\/2023\/01\/logo.png","width":600,"height":105,"caption":"Sabilex"},"image":{"@id":"https:\/\/dev.sabilex.com\/#\/schema\/logo\/image\/"},"sameAs":["https:\/\/www.facebook.com\/sabilexlatinoamerica\/","https:\/\/www.instagram.com\/sabilexlatinoamerica\/"]}]}},"_links":{"self":[{"href":"https:\/\/dev.sabilex.com\/en\/wp-json\/wp\/v2\/product\/807","targetHints":{"allow":["GET"]}}],"collection":[{"href":"https:\/\/dev.sabilex.com\/en\/wp-json\/wp\/v2\/product"}],"about":[{"href":"https:\/\/dev.sabilex.com\/en\/wp-json\/wp\/v2\/types\/product"}],"version-history":[{"count":1,"href":"https:\/\/dev.sabilex.com\/en\/wp-json\/wp\/v2\/product\/807\/revisions"}],"predecessor-version":[{"id":3290,"href":"https:\/\/dev.sabilex.com\/en\/wp-json\/wp\/v2\/product\/807\/revisions\/3290"}],"wp:featuredmedia":[{"embeddable":true,"href":"https:\/\/dev.sabilex.com\/en\/wp-json\/wp\/v2\/media\/2154"}],"wp:attachment":[{"href":"https:\/\/dev.sabilex.com\/en\/wp-json\/wp\/v2\/media?parent=807"}],"wp:term":[{"taxonomy":"product_brand","embeddable":true,"href":"https:\/\/dev.sabilex.com\/en\/wp-json\/wp\/v2\/product_brand?post=807"},{"taxonomy":"product_cat","embeddable":true,"href":"https:\/\/dev.sabilex.com\/en\/wp-json\/wp\/v2\/product_cat?post=807"},{"taxonomy":"product_tag","embeddable":true,"href":"https:\/\/dev.sabilex.com\/en\/wp-json\/wp\/v2\/product_tag?post=807"},{"taxonomy":"profesion","embeddable":true,"href":"https:\/\/dev.sabilex.com\/en\/wp-json\/wp\/v2\/profesion?post=807"}],"curies":[{"name":"wp","href":"https:\/\/api.w.org\/{rel}","templated":true}]}}