{"id":808,"date":"2023-02-01T10:55:03","date_gmt":"2023-02-01T13:55:03","guid":{"rendered":"https:\/\/dev.sabilex.com\/?post_type=product&#038;p=808"},"modified":"2023-09-04T18:05:30","modified_gmt":"2023-09-04T21:05:30","slug":"micromotor-m45","status":"publish","type":"product","link":"https:\/\/dev.sabilex.com\/en\/tienda\/micromotores-y-tornos-de-mano\/para-laboratorio\/micromotor-m45\/","title":{"rendered":"Micromotor M45"},"content":{"rendered":"<p><span style=\"font-weight: 400;\">\u00a0MICROMOTOR<\/span><\/p>\n<p><b>45000rpm<\/b><\/p>\n<p><span style=\"font-weight: 400;\">Pr\u00e1ctico y adaptable al uso exigente del profesional<\/span><\/p>\n<p><span style=\"font-weight: 400;\">Apto para uso Odontol\u00f3gico, Laboratorio Dental,Podolog\u00eda, Joyer\u00eda, Hobbies, etc.<\/span><\/p>\n<p><span style=\"font-weight: 400;\">Consta de un Gabinete de Control con Pedal y una Pieza de Mano portafresas.<\/span><\/p>\n<p><b>Gabinete:<\/b><\/p>\n<p><span style=\"font-weight: 400;\">Potencia 50W<\/span><\/p>\n<p><span style=\"font-weight: 400;\">Variador de velocidad continuo de 0\/45000 rpm .<\/span><\/p>\n<p><span style=\"font-weight: 400;\">Caja de control potente , compacta, portable con marcha y contramarcha.\u00a0<\/span><\/p>\n<p><span style=\"font-weight: 400;\">Control de encendido desde el Pedal on\/off o desde el gabinete.<\/span><\/p>\n<p><span style=\"font-weight: 400;\">Base de goma para apoyo de pieza de mano.<\/span><\/p>\n<p><span style=\"font-weight: 400;\">Dise\u00f1o Moderno.<\/span><\/p>\n<p><span style=\"font-weight: 400;\">Bivolt 110\/220v 50\/60hz<\/span><\/p>\n<p><span style=\"font-weight: 400;\">Medidas: 115 x 147 x 96 mm (Ancho, Profundo, Altura)<\/span><\/p>\n<p><span style=\"font-weight: 400;\">Peso : 1, 7 kg<\/span><\/p>\n<p><b>Pieza de Mano:<\/b><\/p>\n<p><span style=\"font-weight: 400;\">0-45000 rpm<\/span><\/p>\n<p><span style=\"font-weight: 400;\">Con cambio r\u00e1pido de fresas.<\/span><\/p>\n<p><span style=\"font-weight: 400;\">Mandril para fresas y piedras de\u00a0 2.35 mm.<\/span><\/p>\n<p><span style=\"font-weight: 400;\">Robusta, Ergon\u00f3mica y Eficiente.<\/span><\/p>\n<p><span style=\"font-weight: 400;\">Sin ruidos ni vibraciones.<\/span><\/p>\n<p><span style=\"font-weight: 400;\">Montada sobre 4 rulemanes.<\/span><\/p>\n<p><span style=\"font-weight: 400;\">M\u00e1ximo torque: 4 Ncm<\/span><\/p>\n<p><span style=\"font-weight: 400;\">Dimensiones: L 155 x diam 30 mm<\/span><\/p>\n<p><span style=\"font-weight: 400;\">Peso 210 grs<\/span><\/p>\n<p>&nbsp;<\/p>","protected":false},"excerpt":{"rendered":"<p>\u00a0MICROMOTOR 45000rpm Pr\u00e1ctico y adaptable al uso exigente del profesional Apto para uso Odontol\u00f3gico, Laboratorio Dental,Podolog\u00eda, Joyer\u00eda, Hobbies, etc. Consta de un Gabinete de Control con Pedal y una Pieza de Mano portafresas. Gabinete: Potencia 50W Variador de velocidad continuo de 0\/45000 rpm . Caja de control potente , compacta, portable con marcha y contramarcha.\u00a0 [&hellip;]<\/p>","protected":false},"featured_media":3376,"template":"","meta":[],"product_brand":[],"product_cat":[81,35],"product_tag":[],"profesion":[56,55,54,53],"class_list":{"0":"post-808","1":"product","2":"type-product","3":"status-publish","4":"has-post-thumbnail","6":"product_cat-para-laboratorio","7":"product_cat-micromotores-y-tornos-de-mano","8":"profesion-dental","9":"profesion-industria","10":"profesion-joyeros","11":"profesion-podologos","13":"first","14":"instock","15":"shipping-taxable","16":"product-type-simple"},"exclude_global_add_ons":[],"addons":[],"yoast_head":"<!-- This site is optimized with the Yoast SEO plugin v24.7 - https:\/\/yoast.com\/wordpress\/plugins\/seo\/ -->\n<title>Micromotor M45 - Sabilex<\/title>\n<meta name=\"robots\" content=\"index, follow, max-snippet:-1, max-image-preview:large, max-video-preview:-1\" \/>\n<link rel=\"canonical\" href=\"https:\/\/dev.sabilex.com\/en\/tienda\/micromotores-y-tornos-de-mano\/para-laboratorio\/micromotor-m45\/\" \/>\n<meta property=\"og:locale\" content=\"en_US\" \/>\n<meta property=\"og:type\" content=\"article\" \/>\n<meta property=\"og:title\" content=\"Micromotor M45 - Sabilex\" \/>\n<meta property=\"og:description\" content=\"\u00a0MICROMOTOR 45000rpm Pr\u00e1ctico y adaptable al uso exigente del profesional Apto para uso Odontol\u00f3gico, Laboratorio Dental,Podolog\u00eda, Joyer\u00eda, Hobbies, etc. Consta de un Gabinete de Control con Pedal y una Pieza de Mano portafresas. Gabinete: Potencia 50W Variador de velocidad continuo de 0\/45000 rpm . Caja de control potente , compacta, portable con marcha y contramarcha.\u00a0 [&hellip;]\" \/>\n<meta property=\"og:url\" content=\"https:\/\/dev.sabilex.com\/en\/tienda\/micromotores-y-tornos-de-mano\/para-laboratorio\/micromotor-m45\/\" \/>\n<meta property=\"og:site_name\" content=\"Sabilex\" \/>\n<meta property=\"article:publisher\" content=\"https:\/\/www.facebook.com\/sabilexlatinoamerica\/\" \/>\n<meta property=\"article:modified_time\" content=\"2023-09-04T21:05:30+00:00\" \/>\n<meta property=\"og:image\" content=\"https:\/\/dev.sabilex.com\/wp-content\/uploads\/2023\/02\/M45.png\" \/>\n\t<meta property=\"og:image:width\" content=\"432\" \/>\n\t<meta property=\"og:image:height\" content=\"578\" \/>\n\t<meta property=\"og:image:type\" content=\"image\/png\" \/>\n<meta name=\"twitter:card\" content=\"summary_large_image\" \/>\n<meta name=\"twitter:label1\" content=\"Est. reading time\" \/>\n\t<meta name=\"twitter:data1\" content=\"1 minute\" \/>\n<script type=\"application\/ld+json\" class=\"yoast-schema-graph\">{\"@context\":\"https:\/\/schema.org\",\"@graph\":[{\"@type\":\"WebPage\",\"@id\":\"https:\/\/dev.sabilex.com\/tienda\/micromotores-y-tornos-de-mano\/para-laboratorio\/micromotor-m45\/\",\"url\":\"https:\/\/dev.sabilex.com\/tienda\/micromotores-y-tornos-de-mano\/para-laboratorio\/micromotor-m45\/\",\"name\":\"Micromotor M45 - Sabilex\",\"isPartOf\":{\"@id\":\"https:\/\/dev.sabilex.com\/#website\"},\"primaryImageOfPage\":{\"@id\":\"https:\/\/dev.sabilex.com\/tienda\/micromotores-y-tornos-de-mano\/para-laboratorio\/micromotor-m45\/#primaryimage\"},\"image\":{\"@id\":\"https:\/\/dev.sabilex.com\/tienda\/micromotores-y-tornos-de-mano\/para-laboratorio\/micromotor-m45\/#primaryimage\"},\"thumbnailUrl\":\"https:\/\/dev.sabilex.com\/wp-content\/uploads\/2023\/02\/M45.png\",\"datePublished\":\"2023-02-01T13:55:03+00:00\",\"dateModified\":\"2023-09-04T21:05:30+00:00\",\"breadcrumb\":{\"@id\":\"https:\/\/dev.sabilex.com\/tienda\/micromotores-y-tornos-de-mano\/para-laboratorio\/micromotor-m45\/#breadcrumb\"},\"inLanguage\":\"en-US\",\"potentialAction\":[{\"@type\":\"ReadAction\",\"target\":[\"https:\/\/dev.sabilex.com\/tienda\/micromotores-y-tornos-de-mano\/para-laboratorio\/micromotor-m45\/\"]}]},{\"@type\":\"ImageObject\",\"inLanguage\":\"en-US\",\"@id\":\"https:\/\/dev.sabilex.com\/tienda\/micromotores-y-tornos-de-mano\/para-laboratorio\/micromotor-m45\/#primaryimage\",\"url\":\"https:\/\/dev.sabilex.com\/wp-content\/uploads\/2023\/02\/M45.png\",\"contentUrl\":\"https:\/\/dev.sabilex.com\/wp-content\/uploads\/2023\/02\/M45.png\",\"width\":432,\"height\":578},{\"@type\":\"BreadcrumbList\",\"@id\":\"https:\/\/dev.sabilex.com\/tienda\/micromotores-y-tornos-de-mano\/para-laboratorio\/micromotor-m45\/#breadcrumb\",\"itemListElement\":[{\"@type\":\"ListItem\",\"position\":1,\"name\":\"Inicio\",\"item\":\"https:\/\/dev.sabilex.com\/\"},{\"@type\":\"ListItem\",\"position\":2,\"name\":\"Productos\",\"item\":\"https:\/\/dev.sabilex.com\/shop\/\"},{\"@type\":\"ListItem\",\"position\":3,\"name\":\"Micromotor M45\"}]},{\"@type\":\"WebSite\",\"@id\":\"https:\/\/dev.sabilex.com\/#website\",\"url\":\"https:\/\/dev.sabilex.com\/\",\"name\":\"Sabilex\",\"description\":\"Pr\u00f3tesis flexibles y m\u00e1s\",\"publisher\":{\"@id\":\"https:\/\/dev.sabilex.com\/#organization\"},\"potentialAction\":[{\"@type\":\"SearchAction\",\"target\":{\"@type\":\"EntryPoint\",\"urlTemplate\":\"https:\/\/dev.sabilex.com\/?s={search_term_string}\"},\"query-input\":{\"@type\":\"PropertyValueSpecification\",\"valueRequired\":true,\"valueName\":\"search_term_string\"}}],\"inLanguage\":\"en-US\"},{\"@type\":\"Organization\",\"@id\":\"https:\/\/dev.sabilex.com\/#organization\",\"name\":\"Sabilex\",\"url\":\"https:\/\/dev.sabilex.com\/\",\"logo\":{\"@type\":\"ImageObject\",\"inLanguage\":\"en-US\",\"@id\":\"https:\/\/dev.sabilex.com\/#\/schema\/logo\/image\/\",\"url\":\"https:\/\/dev.sabilex.com\/wp-content\/uploads\/2023\/01\/logo.png\",\"contentUrl\":\"https:\/\/dev.sabilex.com\/wp-content\/uploads\/2023\/01\/logo.png\",\"width\":600,\"height\":105,\"caption\":\"Sabilex\"},\"image\":{\"@id\":\"https:\/\/dev.sabilex.com\/#\/schema\/logo\/image\/\"},\"sameAs\":[\"https:\/\/www.facebook.com\/sabilexlatinoamerica\/\",\"https:\/\/www.instagram.com\/sabilexlatinoamerica\/\"]}]}<\/script>\n<!-- \/ Yoast SEO plugin. -->","yoast_head_json":{"title":"Micromotor M45 - Sabilex","robots":{"index":"index","follow":"follow","max-snippet":"max-snippet:-1","max-image-preview":"max-image-preview:large","max-video-preview":"max-video-preview:-1"},"canonical":"https:\/\/dev.sabilex.com\/en\/tienda\/micromotores-y-tornos-de-mano\/para-laboratorio\/micromotor-m45\/","og_locale":"en_US","og_type":"article","og_title":"Micromotor M45 - Sabilex","og_description":"\u00a0MICROMOTOR 45000rpm Pr\u00e1ctico y adaptable al uso exigente del profesional Apto para uso Odontol\u00f3gico, Laboratorio Dental,Podolog\u00eda, Joyer\u00eda, Hobbies, etc. Consta de un Gabinete de Control con Pedal y una Pieza de Mano portafresas. Gabinete: Potencia 50W Variador de velocidad continuo de 0\/45000 rpm . Caja de control potente , compacta, portable con marcha y contramarcha.\u00a0 [&hellip;]","og_url":"https:\/\/dev.sabilex.com\/en\/tienda\/micromotores-y-tornos-de-mano\/para-laboratorio\/micromotor-m45\/","og_site_name":"Sabilex","article_publisher":"https:\/\/www.facebook.com\/sabilexlatinoamerica\/","article_modified_time":"2023-09-04T21:05:30+00:00","og_image":[{"width":432,"height":578,"url":"https:\/\/dev.sabilex.com\/wp-content\/uploads\/2023\/02\/M45.png","type":"image\/png"}],"twitter_card":"summary_large_image","twitter_misc":{"Est. reading time":"1 minute"},"schema":{"@context":"https:\/\/schema.org","@graph":[{"@type":"WebPage","@id":"https:\/\/dev.sabilex.com\/tienda\/micromotores-y-tornos-de-mano\/para-laboratorio\/micromotor-m45\/","url":"https:\/\/dev.sabilex.com\/tienda\/micromotores-y-tornos-de-mano\/para-laboratorio\/micromotor-m45\/","name":"Micromotor M45 - Sabilex","isPartOf":{"@id":"https:\/\/dev.sabilex.com\/#website"},"primaryImageOfPage":{"@id":"https:\/\/dev.sabilex.com\/tienda\/micromotores-y-tornos-de-mano\/para-laboratorio\/micromotor-m45\/#primaryimage"},"image":{"@id":"https:\/\/dev.sabilex.com\/tienda\/micromotores-y-tornos-de-mano\/para-laboratorio\/micromotor-m45\/#primaryimage"},"thumbnailUrl":"https:\/\/dev.sabilex.com\/wp-content\/uploads\/2023\/02\/M45.png","datePublished":"2023-02-01T13:55:03+00:00","dateModified":"2023-09-04T21:05:30+00:00","breadcrumb":{"@id":"https:\/\/dev.sabilex.com\/tienda\/micromotores-y-tornos-de-mano\/para-laboratorio\/micromotor-m45\/#breadcrumb"},"inLanguage":"en-US","potentialAction":[{"@type":"ReadAction","target":["https:\/\/dev.sabilex.com\/tienda\/micromotores-y-tornos-de-mano\/para-laboratorio\/micromotor-m45\/"]}]},{"@type":"ImageObject","inLanguage":"en-US","@id":"https:\/\/dev.sabilex.com\/tienda\/micromotores-y-tornos-de-mano\/para-laboratorio\/micromotor-m45\/#primaryimage","url":"https:\/\/dev.sabilex.com\/wp-content\/uploads\/2023\/02\/M45.png","contentUrl":"https:\/\/dev.sabilex.com\/wp-content\/uploads\/2023\/02\/M45.png","width":432,"height":578},{"@type":"BreadcrumbList","@id":"https:\/\/dev.sabilex.com\/tienda\/micromotores-y-tornos-de-mano\/para-laboratorio\/micromotor-m45\/#breadcrumb","itemListElement":[{"@type":"ListItem","position":1,"name":"Inicio","item":"https:\/\/dev.sabilex.com\/"},{"@type":"ListItem","position":2,"name":"Productos","item":"https:\/\/dev.sabilex.com\/shop\/"},{"@type":"ListItem","position":3,"name":"Micromotor M45"}]},{"@type":"WebSite","@id":"https:\/\/dev.sabilex.com\/#website","url":"https:\/\/dev.sabilex.com\/","name":"Sabilex","description":"Pr\u00f3tesis flexibles y m\u00e1s","publisher":{"@id":"https:\/\/dev.sabilex.com\/#organization"},"potentialAction":[{"@type":"SearchAction","target":{"@type":"EntryPoint","urlTemplate":"https:\/\/dev.sabilex.com\/?s={search_term_string}"},"query-input":{"@type":"PropertyValueSpecification","valueRequired":true,"valueName":"search_term_string"}}],"inLanguage":"en-US"},{"@type":"Organization","@id":"https:\/\/dev.sabilex.com\/#organization","name":"Sabilex","url":"https:\/\/dev.sabilex.com\/","logo":{"@type":"ImageObject","inLanguage":"en-US","@id":"https:\/\/dev.sabilex.com\/#\/schema\/logo\/image\/","url":"https:\/\/dev.sabilex.com\/wp-content\/uploads\/2023\/01\/logo.png","contentUrl":"https:\/\/dev.sabilex.com\/wp-content\/uploads\/2023\/01\/logo.png","width":600,"height":105,"caption":"Sabilex"},"image":{"@id":"https:\/\/dev.sabilex.com\/#\/schema\/logo\/image\/"},"sameAs":["https:\/\/www.facebook.com\/sabilexlatinoamerica\/","https:\/\/www.instagram.com\/sabilexlatinoamerica\/"]}]}},"_links":{"self":[{"href":"https:\/\/dev.sabilex.com\/en\/wp-json\/wp\/v2\/product\/808","targetHints":{"allow":["GET"]}}],"collection":[{"href":"https:\/\/dev.sabilex.com\/en\/wp-json\/wp\/v2\/product"}],"about":[{"href":"https:\/\/dev.sabilex.com\/en\/wp-json\/wp\/v2\/types\/product"}],"version-history":[{"count":2,"href":"https:\/\/dev.sabilex.com\/en\/wp-json\/wp\/v2\/product\/808\/revisions"}],"predecessor-version":[{"id":3289,"href":"https:\/\/dev.sabilex.com\/en\/wp-json\/wp\/v2\/product\/808\/revisions\/3289"}],"wp:featuredmedia":[{"embeddable":true,"href":"https:\/\/dev.sabilex.com\/en\/wp-json\/wp\/v2\/media\/3376"}],"wp:attachment":[{"href":"https:\/\/dev.sabilex.com\/en\/wp-json\/wp\/v2\/media?parent=808"}],"wp:term":[{"taxonomy":"product_brand","embeddable":true,"href":"https:\/\/dev.sabilex.com\/en\/wp-json\/wp\/v2\/product_brand?post=808"},{"taxonomy":"product_cat","embeddable":true,"href":"https:\/\/dev.sabilex.com\/en\/wp-json\/wp\/v2\/product_cat?post=808"},{"taxonomy":"product_tag","embeddable":true,"href":"https:\/\/dev.sabilex.com\/en\/wp-json\/wp\/v2\/product_tag?post=808"},{"taxonomy":"profesion","embeddable":true,"href":"https:\/\/dev.sabilex.com\/en\/wp-json\/wp\/v2\/profesion?post=808"}],"curies":[{"name":"wp","href":"https:\/\/api.w.org\/{rel}","templated":true}]}}