{"id":816,"date":"2023-02-01T11:03:59","date_gmt":"2023-02-01T14:03:59","guid":{"rendered":"https:\/\/dev.sabilex.com\/?post_type=product&#038;p=816"},"modified":"2023-09-04T18:05:31","modified_gmt":"2023-09-04T21:05:31","slug":"micromotor-con-aspiracion-m213","status":"publish","type":"product","link":"https:\/\/dev.sabilex.com\/en\/tienda\/micromotores-y-tornos-de-mano\/para-manicuria-y-pedicuria\/micromotor-con-aspiracion-m213\/","title":{"rendered":"Micromotor con aspiraci\u00f3n M213"},"content":{"rendered":"<p><b>3 en 1 Multifuncion<\/b><\/p>\n<p><b>MICROMOTOR + ASPIRACI\u00d3N DE POLVO +\u00a0 L\u00c1MPARA LED<\/b><\/p>\n<p><span style=\"font-weight: 400;\">-0-30000 RPM \u2013 45W &#8211; 220V, 50 Hz<\/span><\/p>\n<p><span style=\"font-weight: 400;\">-Dise\u00f1o moderno y elegante.<\/span><\/p>\n<p><span style=\"font-weight: 400;\">-Ideal para podologia y manicuria, para uso profesional<\/span><\/p>\n<p><span style=\"font-weight: 400;\">-Aspiraci\u00f3n del polvo: protege al paciente y al profesional<\/span><\/p>\n<p><span style=\"font-weight: 400;\">-Lampara Led, para una mejor iluminaci\u00f3n.<\/span><\/p>\n<p><span style=\"font-weight: 400;\">-Pieza de mano con cambio r\u00e1pido de fresas.<\/span><\/p>\n<p><span style=\"font-weight: 400;\">-Giro izquierda y derecha.<\/span><\/p>\n<p><span style=\"font-weight: 400;\">-Encendido\/ apagado manual o con pedal.<\/span><\/p>\n<p><span style=\"font-weight: 400;\">-Protecci\u00f3n por sobrecarga y sobretensi\u00f3n<\/span><\/p>\n<p><span style=\"font-weight: 400;\">-Peso : 2,3 kg<\/span><\/p>\n<p><span style=\"font-weight: 400;\">-Medidas: 30 x 27 x 13 cm\u00a0<\/span><\/p>\n<p>&nbsp;<\/p>","protected":false},"excerpt":{"rendered":"<p>3 en 1 Multifuncion MICROMOTOR + ASPIRACI\u00d3N DE POLVO +\u00a0 L\u00c1MPARA LED -0-30000 RPM \u2013 45W &#8211; 220V, 50 Hz -Dise\u00f1o moderno y elegante. -Ideal para podologia y manicuria, para uso profesional -Aspiraci\u00f3n del polvo: protege al paciente y al profesional -Lampara Led, para una mejor iluminaci\u00f3n. -Pieza de mano con cambio r\u00e1pido de fresas. [&hellip;]<\/p>","protected":false},"featured_media":2146,"template":"","meta":[],"product_brand":[],"product_cat":[83,35],"product_tag":[],"profesion":[53],"class_list":{"0":"post-816","1":"product","2":"type-product","3":"status-publish","4":"has-post-thumbnail","6":"product_cat-para-manicuria-y-pedicuria","7":"product_cat-micromotores-y-tornos-de-mano","8":"profesion-podologos","10":"first","11":"instock","12":"shipping-taxable","13":"product-type-simple"},"exclude_global_add_ons":[],"addons":[],"yoast_head":"<!-- This site is optimized with the Yoast SEO plugin v24.7 - https:\/\/yoast.com\/wordpress\/plugins\/seo\/ -->\n<title>Micromotor con aspiraci\u00f3n M213 - Sabilex<\/title>\n<meta name=\"robots\" content=\"index, follow, max-snippet:-1, max-image-preview:large, max-video-preview:-1\" \/>\n<link rel=\"canonical\" href=\"https:\/\/dev.sabilex.com\/en\/tienda\/micromotores-y-tornos-de-mano\/para-manicuria-y-pedicuria\/micromotor-con-aspiracion-m213\/\" \/>\n<meta property=\"og:locale\" content=\"en_US\" \/>\n<meta property=\"og:type\" content=\"article\" \/>\n<meta property=\"og:title\" content=\"Micromotor con aspiraci\u00f3n M213 - Sabilex\" \/>\n<meta property=\"og:description\" content=\"3 en 1 Multifuncion MICROMOTOR + ASPIRACI\u00d3N DE POLVO +\u00a0 L\u00c1MPARA LED -0-30000 RPM \u2013 45W &#8211; 220V, 50 Hz -Dise\u00f1o moderno y elegante. -Ideal para podologia y manicuria, para uso profesional -Aspiraci\u00f3n del polvo: protege al paciente y al profesional -Lampara Led, para una mejor iluminaci\u00f3n. -Pieza de mano con cambio r\u00e1pido de fresas. [&hellip;]\" \/>\n<meta property=\"og:url\" content=\"https:\/\/dev.sabilex.com\/en\/tienda\/micromotores-y-tornos-de-mano\/para-manicuria-y-pedicuria\/micromotor-con-aspiracion-m213\/\" \/>\n<meta property=\"og:site_name\" content=\"Sabilex\" \/>\n<meta property=\"article:publisher\" content=\"https:\/\/www.facebook.com\/sabilexlatinoamerica\/\" \/>\n<meta property=\"article:modified_time\" content=\"2023-09-04T21:05:31+00:00\" \/>\n<meta property=\"og:image\" content=\"https:\/\/dev.sabilex.com\/wp-content\/uploads\/2023\/02\/1-M213-1.jpg\" \/>\n\t<meta property=\"og:image:width\" content=\"245\" \/>\n\t<meta property=\"og:image:height\" content=\"147\" \/>\n\t<meta property=\"og:image:type\" content=\"image\/jpeg\" \/>\n<meta name=\"twitter:card\" content=\"summary_large_image\" \/>\n<meta name=\"twitter:label1\" content=\"Est. reading time\" \/>\n\t<meta name=\"twitter:data1\" content=\"1 minute\" \/>\n<script type=\"application\/ld+json\" class=\"yoast-schema-graph\">{\"@context\":\"https:\/\/schema.org\",\"@graph\":[{\"@type\":\"WebPage\",\"@id\":\"https:\/\/dev.sabilex.com\/tienda\/micromotores-y-tornos-de-mano\/para-manicuria-y-pedicuria\/micromotor-con-aspiracion-m213\/\",\"url\":\"https:\/\/dev.sabilex.com\/tienda\/micromotores-y-tornos-de-mano\/para-manicuria-y-pedicuria\/micromotor-con-aspiracion-m213\/\",\"name\":\"Micromotor con aspiraci\u00f3n M213 - Sabilex\",\"isPartOf\":{\"@id\":\"https:\/\/dev.sabilex.com\/#website\"},\"primaryImageOfPage\":{\"@id\":\"https:\/\/dev.sabilex.com\/tienda\/micromotores-y-tornos-de-mano\/para-manicuria-y-pedicuria\/micromotor-con-aspiracion-m213\/#primaryimage\"},\"image\":{\"@id\":\"https:\/\/dev.sabilex.com\/tienda\/micromotores-y-tornos-de-mano\/para-manicuria-y-pedicuria\/micromotor-con-aspiracion-m213\/#primaryimage\"},\"thumbnailUrl\":\"https:\/\/dev.sabilex.com\/wp-content\/uploads\/2023\/02\/1-M213-1.jpg\",\"datePublished\":\"2023-02-01T14:03:59+00:00\",\"dateModified\":\"2023-09-04T21:05:31+00:00\",\"breadcrumb\":{\"@id\":\"https:\/\/dev.sabilex.com\/tienda\/micromotores-y-tornos-de-mano\/para-manicuria-y-pedicuria\/micromotor-con-aspiracion-m213\/#breadcrumb\"},\"inLanguage\":\"en-US\",\"potentialAction\":[{\"@type\":\"ReadAction\",\"target\":[\"https:\/\/dev.sabilex.com\/tienda\/micromotores-y-tornos-de-mano\/para-manicuria-y-pedicuria\/micromotor-con-aspiracion-m213\/\"]}]},{\"@type\":\"ImageObject\",\"inLanguage\":\"en-US\",\"@id\":\"https:\/\/dev.sabilex.com\/tienda\/micromotores-y-tornos-de-mano\/para-manicuria-y-pedicuria\/micromotor-con-aspiracion-m213\/#primaryimage\",\"url\":\"https:\/\/dev.sabilex.com\/wp-content\/uploads\/2023\/02\/1-M213-1.jpg\",\"contentUrl\":\"https:\/\/dev.sabilex.com\/wp-content\/uploads\/2023\/02\/1-M213-1.jpg\",\"width\":245,\"height\":147},{\"@type\":\"BreadcrumbList\",\"@id\":\"https:\/\/dev.sabilex.com\/tienda\/micromotores-y-tornos-de-mano\/para-manicuria-y-pedicuria\/micromotor-con-aspiracion-m213\/#breadcrumb\",\"itemListElement\":[{\"@type\":\"ListItem\",\"position\":1,\"name\":\"Inicio\",\"item\":\"https:\/\/dev.sabilex.com\/\"},{\"@type\":\"ListItem\",\"position\":2,\"name\":\"Productos\",\"item\":\"https:\/\/dev.sabilex.com\/shop\/\"},{\"@type\":\"ListItem\",\"position\":3,\"name\":\"Micromotor con aspiraci\u00f3n M213\"}]},{\"@type\":\"WebSite\",\"@id\":\"https:\/\/dev.sabilex.com\/#website\",\"url\":\"https:\/\/dev.sabilex.com\/\",\"name\":\"Sabilex\",\"description\":\"Pr\u00f3tesis flexibles y m\u00e1s\",\"publisher\":{\"@id\":\"https:\/\/dev.sabilex.com\/#organization\"},\"potentialAction\":[{\"@type\":\"SearchAction\",\"target\":{\"@type\":\"EntryPoint\",\"urlTemplate\":\"https:\/\/dev.sabilex.com\/?s={search_term_string}\"},\"query-input\":{\"@type\":\"PropertyValueSpecification\",\"valueRequired\":true,\"valueName\":\"search_term_string\"}}],\"inLanguage\":\"en-US\"},{\"@type\":\"Organization\",\"@id\":\"https:\/\/dev.sabilex.com\/#organization\",\"name\":\"Sabilex\",\"url\":\"https:\/\/dev.sabilex.com\/\",\"logo\":{\"@type\":\"ImageObject\",\"inLanguage\":\"en-US\",\"@id\":\"https:\/\/dev.sabilex.com\/#\/schema\/logo\/image\/\",\"url\":\"https:\/\/dev.sabilex.com\/wp-content\/uploads\/2023\/01\/logo.png\",\"contentUrl\":\"https:\/\/dev.sabilex.com\/wp-content\/uploads\/2023\/01\/logo.png\",\"width\":600,\"height\":105,\"caption\":\"Sabilex\"},\"image\":{\"@id\":\"https:\/\/dev.sabilex.com\/#\/schema\/logo\/image\/\"},\"sameAs\":[\"https:\/\/www.facebook.com\/sabilexlatinoamerica\/\",\"https:\/\/www.instagram.com\/sabilexlatinoamerica\/\"]}]}<\/script>\n<!-- \/ Yoast SEO plugin. -->","yoast_head_json":{"title":"Micromotor con aspiraci\u00f3n M213 - Sabilex","robots":{"index":"index","follow":"follow","max-snippet":"max-snippet:-1","max-image-preview":"max-image-preview:large","max-video-preview":"max-video-preview:-1"},"canonical":"https:\/\/dev.sabilex.com\/en\/tienda\/micromotores-y-tornos-de-mano\/para-manicuria-y-pedicuria\/micromotor-con-aspiracion-m213\/","og_locale":"en_US","og_type":"article","og_title":"Micromotor con aspiraci\u00f3n M213 - Sabilex","og_description":"3 en 1 Multifuncion MICROMOTOR + ASPIRACI\u00d3N DE POLVO +\u00a0 L\u00c1MPARA LED -0-30000 RPM \u2013 45W &#8211; 220V, 50 Hz -Dise\u00f1o moderno y elegante. -Ideal para podologia y manicuria, para uso profesional -Aspiraci\u00f3n del polvo: protege al paciente y al profesional -Lampara Led, para una mejor iluminaci\u00f3n. -Pieza de mano con cambio r\u00e1pido de fresas. [&hellip;]","og_url":"https:\/\/dev.sabilex.com\/en\/tienda\/micromotores-y-tornos-de-mano\/para-manicuria-y-pedicuria\/micromotor-con-aspiracion-m213\/","og_site_name":"Sabilex","article_publisher":"https:\/\/www.facebook.com\/sabilexlatinoamerica\/","article_modified_time":"2023-09-04T21:05:31+00:00","og_image":[{"width":245,"height":147,"url":"https:\/\/dev.sabilex.com\/wp-content\/uploads\/2023\/02\/1-M213-1.jpg","type":"image\/jpeg"}],"twitter_card":"summary_large_image","twitter_misc":{"Est. reading time":"1 minute"},"schema":{"@context":"https:\/\/schema.org","@graph":[{"@type":"WebPage","@id":"https:\/\/dev.sabilex.com\/tienda\/micromotores-y-tornos-de-mano\/para-manicuria-y-pedicuria\/micromotor-con-aspiracion-m213\/","url":"https:\/\/dev.sabilex.com\/tienda\/micromotores-y-tornos-de-mano\/para-manicuria-y-pedicuria\/micromotor-con-aspiracion-m213\/","name":"Micromotor con aspiraci\u00f3n M213 - Sabilex","isPartOf":{"@id":"https:\/\/dev.sabilex.com\/#website"},"primaryImageOfPage":{"@id":"https:\/\/dev.sabilex.com\/tienda\/micromotores-y-tornos-de-mano\/para-manicuria-y-pedicuria\/micromotor-con-aspiracion-m213\/#primaryimage"},"image":{"@id":"https:\/\/dev.sabilex.com\/tienda\/micromotores-y-tornos-de-mano\/para-manicuria-y-pedicuria\/micromotor-con-aspiracion-m213\/#primaryimage"},"thumbnailUrl":"https:\/\/dev.sabilex.com\/wp-content\/uploads\/2023\/02\/1-M213-1.jpg","datePublished":"2023-02-01T14:03:59+00:00","dateModified":"2023-09-04T21:05:31+00:00","breadcrumb":{"@id":"https:\/\/dev.sabilex.com\/tienda\/micromotores-y-tornos-de-mano\/para-manicuria-y-pedicuria\/micromotor-con-aspiracion-m213\/#breadcrumb"},"inLanguage":"en-US","potentialAction":[{"@type":"ReadAction","target":["https:\/\/dev.sabilex.com\/tienda\/micromotores-y-tornos-de-mano\/para-manicuria-y-pedicuria\/micromotor-con-aspiracion-m213\/"]}]},{"@type":"ImageObject","inLanguage":"en-US","@id":"https:\/\/dev.sabilex.com\/tienda\/micromotores-y-tornos-de-mano\/para-manicuria-y-pedicuria\/micromotor-con-aspiracion-m213\/#primaryimage","url":"https:\/\/dev.sabilex.com\/wp-content\/uploads\/2023\/02\/1-M213-1.jpg","contentUrl":"https:\/\/dev.sabilex.com\/wp-content\/uploads\/2023\/02\/1-M213-1.jpg","width":245,"height":147},{"@type":"BreadcrumbList","@id":"https:\/\/dev.sabilex.com\/tienda\/micromotores-y-tornos-de-mano\/para-manicuria-y-pedicuria\/micromotor-con-aspiracion-m213\/#breadcrumb","itemListElement":[{"@type":"ListItem","position":1,"name":"Inicio","item":"https:\/\/dev.sabilex.com\/"},{"@type":"ListItem","position":2,"name":"Productos","item":"https:\/\/dev.sabilex.com\/shop\/"},{"@type":"ListItem","position":3,"name":"Micromotor con aspiraci\u00f3n M213"}]},{"@type":"WebSite","@id":"https:\/\/dev.sabilex.com\/#website","url":"https:\/\/dev.sabilex.com\/","name":"Sabilex","description":"Pr\u00f3tesis flexibles y m\u00e1s","publisher":{"@id":"https:\/\/dev.sabilex.com\/#organization"},"potentialAction":[{"@type":"SearchAction","target":{"@type":"EntryPoint","urlTemplate":"https:\/\/dev.sabilex.com\/?s={search_term_string}"},"query-input":{"@type":"PropertyValueSpecification","valueRequired":true,"valueName":"search_term_string"}}],"inLanguage":"en-US"},{"@type":"Organization","@id":"https:\/\/dev.sabilex.com\/#organization","name":"Sabilex","url":"https:\/\/dev.sabilex.com\/","logo":{"@type":"ImageObject","inLanguage":"en-US","@id":"https:\/\/dev.sabilex.com\/#\/schema\/logo\/image\/","url":"https:\/\/dev.sabilex.com\/wp-content\/uploads\/2023\/01\/logo.png","contentUrl":"https:\/\/dev.sabilex.com\/wp-content\/uploads\/2023\/01\/logo.png","width":600,"height":105,"caption":"Sabilex"},"image":{"@id":"https:\/\/dev.sabilex.com\/#\/schema\/logo\/image\/"},"sameAs":["https:\/\/www.facebook.com\/sabilexlatinoamerica\/","https:\/\/www.instagram.com\/sabilexlatinoamerica\/"]}]}},"_links":{"self":[{"href":"https:\/\/dev.sabilex.com\/en\/wp-json\/wp\/v2\/product\/816","targetHints":{"allow":["GET"]}}],"collection":[{"href":"https:\/\/dev.sabilex.com\/en\/wp-json\/wp\/v2\/product"}],"about":[{"href":"https:\/\/dev.sabilex.com\/en\/wp-json\/wp\/v2\/types\/product"}],"version-history":[{"count":1,"href":"https:\/\/dev.sabilex.com\/en\/wp-json\/wp\/v2\/product\/816\/revisions"}],"predecessor-version":[{"id":3281,"href":"https:\/\/dev.sabilex.com\/en\/wp-json\/wp\/v2\/product\/816\/revisions\/3281"}],"wp:featuredmedia":[{"embeddable":true,"href":"https:\/\/dev.sabilex.com\/en\/wp-json\/wp\/v2\/media\/2146"}],"wp:attachment":[{"href":"https:\/\/dev.sabilex.com\/en\/wp-json\/wp\/v2\/media?parent=816"}],"wp:term":[{"taxonomy":"product_brand","embeddable":true,"href":"https:\/\/dev.sabilex.com\/en\/wp-json\/wp\/v2\/product_brand?post=816"},{"taxonomy":"product_cat","embeddable":true,"href":"https:\/\/dev.sabilex.com\/en\/wp-json\/wp\/v2\/product_cat?post=816"},{"taxonomy":"product_tag","embeddable":true,"href":"https:\/\/dev.sabilex.com\/en\/wp-json\/wp\/v2\/product_tag?post=816"},{"taxonomy":"profesion","embeddable":true,"href":"https:\/\/dev.sabilex.com\/en\/wp-json\/wp\/v2\/profesion?post=816"}],"curies":[{"name":"wp","href":"https:\/\/api.w.org\/{rel}","templated":true}]}}