{"id":930,"date":"2023-02-03T09:41:35","date_gmt":"2023-02-03T12:41:35","guid":{"rendered":"https:\/\/dev.sabilex.com\/?post_type=product&#038;p=930"},"modified":"2023-09-04T18:05:34","modified_gmt":"2023-09-04T21:05:34","slug":"torno-colgante-975-i103a","status":"publish","type":"product","link":"https:\/\/dev.sabilex.com\/en\/tienda\/tornos-colgantes-en\/for-professionals-and-students\/torno-colgante-975-i103a\/","title":{"rendered":"Flexible Shaft Rotary Tool 975- I103A"},"content":{"rendered":"<p>Flexible Shaft Rotary Tool 1\/4 HP - 18000 RPM Metal handpiece<\/p>\n<p>Economic.<\/p>\n<p>Engine:<\/p>\n<p>1\/4 HP. 18000rpm. 220V \u2013 50 Hz (110V option).<\/p>\n<p>Designed for continuous use.<\/p>\n<p>Mounted on two armored ball bearings.<\/p>\n<p>Forced ventilation. Solid structure.<\/p>\n<p>Excellent finish.<\/p>\n<p>Balanced rotor, vibration free!<\/p>\n<p>Flexible Arm American joint: Art 110A Allows quick change of the handpiece<\/p>\n<p>and the inner spindle.<\/p>\n<p>Handpiece I103A:<\/p>\n<p>Mounted on two armored ball bearings.<\/p>\n<p>Finely finished in anodized aluminum.<\/p>\n<p>Very comfortable.<\/p>\n<p>Built-in chuck: Diameter 2.35 mm.<\/p>\n<p>Speed regulating rheostat included<\/p>","protected":false},"excerpt":{"rendered":"<p>Torno colgante 1\/4 HP &#8211; 18000 RPM Pieza de mano met\u00e1lica econ\u00f3mica. Motor: 1\/4 HP. 18000 RPM. 220V \u2013 50 Hz (opci\u00f3n 110V). Dise\u00f1ado para uso continuo. Montado sobre dos rulemanes blindados. Ventilaci\u00f3n forzada. Solida carcaza. Excelente terminaci\u00f3n. Rotor equilibrado, libre de vibraciones! Brazo Flexible juntura Americana: Art 110A Permite el cambio r\u00e1pido de la [&hellip;]<\/p>","protected":false},"featured_media":2216,"template":"","meta":[],"product_brand":[],"product_cat":[89,77,22,71],"product_tag":[],"profesion":[56,54,53],"class_list":{"0":"post-930","1":"product","2":"type-product","3":"status-publish","4":"has-post-thumbnail","6":"product_cat-for-professionals-and-students","7":"product_cat-para-profesionales-y-estudiantes","8":"product_cat-tornos-colgantes","9":"product_cat-tornos-colgantes-en","10":"profesion-dental","11":"profesion-joyeros","12":"profesion-podologos","14":"first","15":"instock","16":"shipping-taxable","17":"product-type-simple"},"exclude_global_add_ons":[],"addons":[],"yoast_head":"<!-- This site is optimized with the Yoast SEO plugin v24.7 - https:\/\/yoast.com\/wordpress\/plugins\/seo\/ -->\n<title>Torno Colgante 975- I103A - Sabilex<\/title>\n<meta name=\"robots\" content=\"index, follow, max-snippet:-1, max-image-preview:large, max-video-preview:-1\" \/>\n<link rel=\"canonical\" href=\"https:\/\/dev.sabilex.com\/en\/tienda\/tornos-colgantes-en\/for-professionals-and-students\/torno-colgante-975-i103a\/\" \/>\n<meta property=\"og:locale\" content=\"en_US\" \/>\n<meta property=\"og:type\" content=\"article\" \/>\n<meta property=\"og:title\" content=\"Torno Colgante 975- I103A - Sabilex\" \/>\n<meta property=\"og:description\" content=\"Torno colgante 1\/4 HP &#8211; 18000 RPM Pieza de mano met\u00e1lica econ\u00f3mica. Motor: 1\/4 HP. 18000 RPM. 220V \u2013 50 Hz (opci\u00f3n 110V). Dise\u00f1ado para uso continuo. Montado sobre dos rulemanes blindados. Ventilaci\u00f3n forzada. Solida carcaza. Excelente terminaci\u00f3n. Rotor equilibrado, libre de vibraciones! Brazo Flexible juntura Americana: Art 110A Permite el cambio r\u00e1pido de la [&hellip;]\" \/>\n<meta property=\"og:url\" content=\"https:\/\/dev.sabilex.com\/en\/tienda\/tornos-colgantes-en\/for-professionals-and-students\/torno-colgante-975-i103a\/\" \/>\n<meta property=\"og:site_name\" content=\"Sabilex\" \/>\n<meta property=\"article:publisher\" content=\"https:\/\/www.facebook.com\/sabilexlatinoamerica\/\" \/>\n<meta property=\"article:modified_time\" content=\"2023-09-04T21:05:34+00:00\" \/>\n<meta property=\"og:image\" content=\"https:\/\/dev.sabilex.com\/wp-content\/uploads\/2023\/02\/Torno_1-4__975-I103A.jpg\" \/>\n\t<meta property=\"og:image:width\" content=\"800\" \/>\n\t<meta property=\"og:image:height\" content=\"1204\" \/>\n\t<meta property=\"og:image:type\" content=\"image\/jpeg\" \/>\n<meta name=\"twitter:card\" content=\"summary_large_image\" \/>\n<meta name=\"twitter:label1\" content=\"Est. reading time\" \/>\n\t<meta name=\"twitter:data1\" content=\"1 minute\" \/>\n<script type=\"application\/ld+json\" class=\"yoast-schema-graph\">{\"@context\":\"https:\/\/schema.org\",\"@graph\":[{\"@type\":\"WebPage\",\"@id\":\"https:\/\/dev.sabilex.com\/tienda\/tornos-colgantes\/para-profesionales-y-estudiantes\/torno-colgante-975-i103a\/\",\"url\":\"https:\/\/dev.sabilex.com\/tienda\/tornos-colgantes\/para-profesionales-y-estudiantes\/torno-colgante-975-i103a\/\",\"name\":\"Torno Colgante 975- I103A - Sabilex\",\"isPartOf\":{\"@id\":\"https:\/\/dev.sabilex.com\/#website\"},\"primaryImageOfPage\":{\"@id\":\"https:\/\/dev.sabilex.com\/tienda\/tornos-colgantes\/para-profesionales-y-estudiantes\/torno-colgante-975-i103a\/#primaryimage\"},\"image\":{\"@id\":\"https:\/\/dev.sabilex.com\/tienda\/tornos-colgantes\/para-profesionales-y-estudiantes\/torno-colgante-975-i103a\/#primaryimage\"},\"thumbnailUrl\":\"https:\/\/dev.sabilex.com\/wp-content\/uploads\/2023\/02\/Torno_1-4__975-I103A.jpg\",\"datePublished\":\"2023-02-03T12:41:35+00:00\",\"dateModified\":\"2023-09-04T21:05:34+00:00\",\"breadcrumb\":{\"@id\":\"https:\/\/dev.sabilex.com\/tienda\/tornos-colgantes\/para-profesionales-y-estudiantes\/torno-colgante-975-i103a\/#breadcrumb\"},\"inLanguage\":\"en-US\",\"potentialAction\":[{\"@type\":\"ReadAction\",\"target\":[\"https:\/\/dev.sabilex.com\/tienda\/tornos-colgantes\/para-profesionales-y-estudiantes\/torno-colgante-975-i103a\/\"]}]},{\"@type\":\"ImageObject\",\"inLanguage\":\"en-US\",\"@id\":\"https:\/\/dev.sabilex.com\/tienda\/tornos-colgantes\/para-profesionales-y-estudiantes\/torno-colgante-975-i103a\/#primaryimage\",\"url\":\"https:\/\/dev.sabilex.com\/wp-content\/uploads\/2023\/02\/Torno_1-4__975-I103A.jpg\",\"contentUrl\":\"https:\/\/dev.sabilex.com\/wp-content\/uploads\/2023\/02\/Torno_1-4__975-I103A.jpg\",\"width\":800,\"height\":1204},{\"@type\":\"BreadcrumbList\",\"@id\":\"https:\/\/dev.sabilex.com\/tienda\/tornos-colgantes\/para-profesionales-y-estudiantes\/torno-colgante-975-i103a\/#breadcrumb\",\"itemListElement\":[{\"@type\":\"ListItem\",\"position\":1,\"name\":\"Inicio\",\"item\":\"https:\/\/dev.sabilex.com\/\"},{\"@type\":\"ListItem\",\"position\":2,\"name\":\"Productos\",\"item\":\"https:\/\/dev.sabilex.com\/shop\/\"},{\"@type\":\"ListItem\",\"position\":3,\"name\":\"Torno Colgante 975- I103A\"}]},{\"@type\":\"WebSite\",\"@id\":\"https:\/\/dev.sabilex.com\/#website\",\"url\":\"https:\/\/dev.sabilex.com\/\",\"name\":\"Sabilex\",\"description\":\"Pr\u00f3tesis flexibles y m\u00e1s\",\"publisher\":{\"@id\":\"https:\/\/dev.sabilex.com\/#organization\"},\"potentialAction\":[{\"@type\":\"SearchAction\",\"target\":{\"@type\":\"EntryPoint\",\"urlTemplate\":\"https:\/\/dev.sabilex.com\/?s={search_term_string}\"},\"query-input\":{\"@type\":\"PropertyValueSpecification\",\"valueRequired\":true,\"valueName\":\"search_term_string\"}}],\"inLanguage\":\"en-US\"},{\"@type\":\"Organization\",\"@id\":\"https:\/\/dev.sabilex.com\/#organization\",\"name\":\"Sabilex\",\"url\":\"https:\/\/dev.sabilex.com\/\",\"logo\":{\"@type\":\"ImageObject\",\"inLanguage\":\"en-US\",\"@id\":\"https:\/\/dev.sabilex.com\/#\/schema\/logo\/image\/\",\"url\":\"https:\/\/dev.sabilex.com\/wp-content\/uploads\/2023\/01\/logo.png\",\"contentUrl\":\"https:\/\/dev.sabilex.com\/wp-content\/uploads\/2023\/01\/logo.png\",\"width\":600,\"height\":105,\"caption\":\"Sabilex\"},\"image\":{\"@id\":\"https:\/\/dev.sabilex.com\/#\/schema\/logo\/image\/\"},\"sameAs\":[\"https:\/\/www.facebook.com\/sabilexlatinoamerica\/\",\"https:\/\/www.instagram.com\/sabilexlatinoamerica\/\"]}]}<\/script>\n<!-- \/ Yoast SEO plugin. -->","yoast_head_json":{"title":"Torno Colgante 975- I103A - Sabilex","robots":{"index":"index","follow":"follow","max-snippet":"max-snippet:-1","max-image-preview":"max-image-preview:large","max-video-preview":"max-video-preview:-1"},"canonical":"https:\/\/dev.sabilex.com\/en\/tienda\/tornos-colgantes-en\/for-professionals-and-students\/torno-colgante-975-i103a\/","og_locale":"en_US","og_type":"article","og_title":"Torno Colgante 975- I103A - Sabilex","og_description":"Torno colgante 1\/4 HP &#8211; 18000 RPM Pieza de mano met\u00e1lica econ\u00f3mica. Motor: 1\/4 HP. 18000 RPM. 220V \u2013 50 Hz (opci\u00f3n 110V). Dise\u00f1ado para uso continuo. Montado sobre dos rulemanes blindados. Ventilaci\u00f3n forzada. Solida carcaza. Excelente terminaci\u00f3n. Rotor equilibrado, libre de vibraciones! Brazo Flexible juntura Americana: Art 110A Permite el cambio r\u00e1pido de la [&hellip;]","og_url":"https:\/\/dev.sabilex.com\/en\/tienda\/tornos-colgantes-en\/for-professionals-and-students\/torno-colgante-975-i103a\/","og_site_name":"Sabilex","article_publisher":"https:\/\/www.facebook.com\/sabilexlatinoamerica\/","article_modified_time":"2023-09-04T21:05:34+00:00","og_image":[{"width":800,"height":1204,"url":"https:\/\/dev.sabilex.com\/wp-content\/uploads\/2023\/02\/Torno_1-4__975-I103A.jpg","type":"image\/jpeg"}],"twitter_card":"summary_large_image","twitter_misc":{"Est. reading time":"1 minute"},"schema":{"@context":"https:\/\/schema.org","@graph":[{"@type":"WebPage","@id":"https:\/\/dev.sabilex.com\/tienda\/tornos-colgantes\/para-profesionales-y-estudiantes\/torno-colgante-975-i103a\/","url":"https:\/\/dev.sabilex.com\/tienda\/tornos-colgantes\/para-profesionales-y-estudiantes\/torno-colgante-975-i103a\/","name":"Torno Colgante 975- I103A - Sabilex","isPartOf":{"@id":"https:\/\/dev.sabilex.com\/#website"},"primaryImageOfPage":{"@id":"https:\/\/dev.sabilex.com\/tienda\/tornos-colgantes\/para-profesionales-y-estudiantes\/torno-colgante-975-i103a\/#primaryimage"},"image":{"@id":"https:\/\/dev.sabilex.com\/tienda\/tornos-colgantes\/para-profesionales-y-estudiantes\/torno-colgante-975-i103a\/#primaryimage"},"thumbnailUrl":"https:\/\/dev.sabilex.com\/wp-content\/uploads\/2023\/02\/Torno_1-4__975-I103A.jpg","datePublished":"2023-02-03T12:41:35+00:00","dateModified":"2023-09-04T21:05:34+00:00","breadcrumb":{"@id":"https:\/\/dev.sabilex.com\/tienda\/tornos-colgantes\/para-profesionales-y-estudiantes\/torno-colgante-975-i103a\/#breadcrumb"},"inLanguage":"en-US","potentialAction":[{"@type":"ReadAction","target":["https:\/\/dev.sabilex.com\/tienda\/tornos-colgantes\/para-profesionales-y-estudiantes\/torno-colgante-975-i103a\/"]}]},{"@type":"ImageObject","inLanguage":"en-US","@id":"https:\/\/dev.sabilex.com\/tienda\/tornos-colgantes\/para-profesionales-y-estudiantes\/torno-colgante-975-i103a\/#primaryimage","url":"https:\/\/dev.sabilex.com\/wp-content\/uploads\/2023\/02\/Torno_1-4__975-I103A.jpg","contentUrl":"https:\/\/dev.sabilex.com\/wp-content\/uploads\/2023\/02\/Torno_1-4__975-I103A.jpg","width":800,"height":1204},{"@type":"BreadcrumbList","@id":"https:\/\/dev.sabilex.com\/tienda\/tornos-colgantes\/para-profesionales-y-estudiantes\/torno-colgante-975-i103a\/#breadcrumb","itemListElement":[{"@type":"ListItem","position":1,"name":"Inicio","item":"https:\/\/dev.sabilex.com\/"},{"@type":"ListItem","position":2,"name":"Productos","item":"https:\/\/dev.sabilex.com\/shop\/"},{"@type":"ListItem","position":3,"name":"Torno Colgante 975- I103A"}]},{"@type":"WebSite","@id":"https:\/\/dev.sabilex.com\/#website","url":"https:\/\/dev.sabilex.com\/","name":"Sabilex","description":"Pr\u00f3tesis flexibles y m\u00e1s","publisher":{"@id":"https:\/\/dev.sabilex.com\/#organization"},"potentialAction":[{"@type":"SearchAction","target":{"@type":"EntryPoint","urlTemplate":"https:\/\/dev.sabilex.com\/?s={search_term_string}"},"query-input":{"@type":"PropertyValueSpecification","valueRequired":true,"valueName":"search_term_string"}}],"inLanguage":"en-US"},{"@type":"Organization","@id":"https:\/\/dev.sabilex.com\/#organization","name":"Sabilex","url":"https:\/\/dev.sabilex.com\/","logo":{"@type":"ImageObject","inLanguage":"en-US","@id":"https:\/\/dev.sabilex.com\/#\/schema\/logo\/image\/","url":"https:\/\/dev.sabilex.com\/wp-content\/uploads\/2023\/01\/logo.png","contentUrl":"https:\/\/dev.sabilex.com\/wp-content\/uploads\/2023\/01\/logo.png","width":600,"height":105,"caption":"Sabilex"},"image":{"@id":"https:\/\/dev.sabilex.com\/#\/schema\/logo\/image\/"},"sameAs":["https:\/\/www.facebook.com\/sabilexlatinoamerica\/","https:\/\/www.instagram.com\/sabilexlatinoamerica\/"]}]}},"_links":{"self":[{"href":"https:\/\/dev.sabilex.com\/en\/wp-json\/wp\/v2\/product\/930","targetHints":{"allow":["GET"]}}],"collection":[{"href":"https:\/\/dev.sabilex.com\/en\/wp-json\/wp\/v2\/product"}],"about":[{"href":"https:\/\/dev.sabilex.com\/en\/wp-json\/wp\/v2\/types\/product"}],"version-history":[{"count":1,"href":"https:\/\/dev.sabilex.com\/en\/wp-json\/wp\/v2\/product\/930\/revisions"}],"predecessor-version":[{"id":3328,"href":"https:\/\/dev.sabilex.com\/en\/wp-json\/wp\/v2\/product\/930\/revisions\/3328"}],"wp:featuredmedia":[{"embeddable":true,"href":"https:\/\/dev.sabilex.com\/en\/wp-json\/wp\/v2\/media\/2216"}],"wp:attachment":[{"href":"https:\/\/dev.sabilex.com\/en\/wp-json\/wp\/v2\/media?parent=930"}],"wp:term":[{"taxonomy":"product_brand","embeddable":true,"href":"https:\/\/dev.sabilex.com\/en\/wp-json\/wp\/v2\/product_brand?post=930"},{"taxonomy":"product_cat","embeddable":true,"href":"https:\/\/dev.sabilex.com\/en\/wp-json\/wp\/v2\/product_cat?post=930"},{"taxonomy":"product_tag","embeddable":true,"href":"https:\/\/dev.sabilex.com\/en\/wp-json\/wp\/v2\/product_tag?post=930"},{"taxonomy":"profesion","embeddable":true,"href":"https:\/\/dev.sabilex.com\/en\/wp-json\/wp\/v2\/profesion?post=930"}],"curies":[{"name":"wp","href":"https:\/\/api.w.org\/{rel}","templated":true}]}}