{"id":934,"date":"2023-02-03T09:45:58","date_gmt":"2023-02-03T12:45:58","guid":{"rendered":"https:\/\/dev.sabilex.com\/?post_type=product&#038;p=934"},"modified":"2024-04-10T10:42:08","modified_gmt":"2024-04-10T13:42:08","slug":"torno-colgante-975-fj30","status":"publish","type":"product","link":"https:\/\/dev.sabilex.com\/en\/tienda\/tornos-colgantes-en\/for-craftsmen-and-industry\/torno-colgante-975-fj30\/","title":{"rendered":"Flexible Shaft Rotary Tool 975-FJ30"},"content":{"rendered":"<p>Flexible shaft rotary tool 1\/4 HP - 18000 RPM<\/p>\n<p>Handpiece with 0-4mm adjustable chuck<\/p>\n<p>Engine:<\/p>\n<p>1\/4 HP. 18000rpm. 220V \u2013 50 Hz (110V option).<\/p>\n<p>Designed for continuous use.<\/p>\n<p>Mounted on two armored ball bearings.<\/p>\n<p>Solid structure. Excellent finish.<\/p>\n<p>Balanced rotor, vibration free!<\/p>\n<p>Flexible Arm with Handpiece fixed to the J30 piece.<\/p>\n<p>Handpiece:<\/p>\n<p>Mounted on two armored ball bearings. Finely finished in anodized aluminum and<\/p>\n<p>chrome details. Very comfortable.<\/p>\n<p>Adjustable chuck from 0 to 4 mm.<\/p>\n<p>Speed regulator rheostat included.<\/p>","protected":false},"excerpt":{"rendered":"<p>Torno colgante 1\/4 HP &#8211; 18000 RPM Pieza de mano con mandril regulable de 0-4mm Motor: 1\/4 HP. 18000 RPM. 220V \u2013 50 Hz (opci\u00f3n 110V). Dise\u00f1ado para uso continuo. Montado sobre dos rulemanes blindados. Ventilaci\u00f3n forzada. S\u00f3lida carcaza. Excelente terminaci\u00f3n. Rotor equilibrado, libre de vibraciones! Brazo Flexible con Pieza de mano fijo a la [&hellip;]<\/p>","protected":false},"featured_media":3648,"template":"","meta":[],"product_brand":[],"product_cat":[91,78,22,71],"product_tag":[],"profesion":[55,54],"class_list":{"0":"post-934","1":"product","2":"type-product","3":"status-publish","4":"has-post-thumbnail","6":"product_cat-for-craftsmen-and-industry","7":"product_cat-para-artesanos-e-industria","8":"product_cat-tornos-colgantes","9":"product_cat-tornos-colgantes-en","10":"profesion-industria","11":"profesion-joyeros","13":"first","14":"instock","15":"shipping-taxable","16":"product-type-simple"},"exclude_global_add_ons":[],"addons":[],"yoast_head":"<!-- This site is optimized with the Yoast SEO plugin v24.7 - https:\/\/yoast.com\/wordpress\/plugins\/seo\/ -->\n<title>Torno Colgante 975-FJ30 - Sabilex<\/title>\n<meta name=\"robots\" content=\"index, follow, max-snippet:-1, max-image-preview:large, max-video-preview:-1\" \/>\n<link rel=\"canonical\" href=\"https:\/\/dev.sabilex.com\/en\/tienda\/tornos-colgantes-en\/for-craftsmen-and-industry\/torno-colgante-975-fj30\/\" \/>\n<meta property=\"og:locale\" content=\"en_US\" \/>\n<meta property=\"og:type\" content=\"article\" \/>\n<meta property=\"og:title\" content=\"Torno Colgante 975-FJ30 - Sabilex\" \/>\n<meta property=\"og:description\" content=\"Torno colgante 1\/4 HP &#8211; 18000 RPM Pieza de mano con mandril regulable de 0-4mm Motor: 1\/4 HP. 18000 RPM. 220V \u2013 50 Hz (opci\u00f3n 110V). Dise\u00f1ado para uso continuo. Montado sobre dos rulemanes blindados. Ventilaci\u00f3n forzada. S\u00f3lida carcaza. Excelente terminaci\u00f3n. Rotor equilibrado, libre de vibraciones! Brazo Flexible con Pieza de mano fijo a la [&hellip;]\" \/>\n<meta property=\"og:url\" content=\"https:\/\/dev.sabilex.com\/en\/tienda\/tornos-colgantes-en\/for-craftsmen-and-industry\/torno-colgante-975-fj30\/\" \/>\n<meta property=\"og:site_name\" content=\"Sabilex\" \/>\n<meta property=\"article:publisher\" content=\"https:\/\/www.facebook.com\/sabilexlatinoamerica\/\" \/>\n<meta property=\"article:modified_time\" content=\"2024-04-10T13:42:08+00:00\" \/>\n<meta property=\"og:image\" content=\"https:\/\/dev.sabilex.com\/wp-content\/uploads\/2023\/02\/975-FJ30-1.png\" \/>\n\t<meta property=\"og:image:width\" content=\"1080\" \/>\n\t<meta property=\"og:image:height\" content=\"1080\" \/>\n\t<meta property=\"og:image:type\" content=\"image\/png\" \/>\n<meta name=\"twitter:card\" content=\"summary_large_image\" \/>\n<meta name=\"twitter:label1\" content=\"Est. reading time\" \/>\n\t<meta name=\"twitter:data1\" content=\"1 minute\" \/>\n<script type=\"application\/ld+json\" class=\"yoast-schema-graph\">{\"@context\":\"https:\/\/schema.org\",\"@graph\":[{\"@type\":\"WebPage\",\"@id\":\"https:\/\/dev.sabilex.com\/tienda\/tornos-colgantes-en\/for-craftsmen-and-industry\/torno-colgante-975-fj30\/\",\"url\":\"https:\/\/dev.sabilex.com\/tienda\/tornos-colgantes-en\/for-craftsmen-and-industry\/torno-colgante-975-fj30\/\",\"name\":\"Torno Colgante 975-FJ30 - Sabilex\",\"isPartOf\":{\"@id\":\"https:\/\/dev.sabilex.com\/#website\"},\"primaryImageOfPage\":{\"@id\":\"https:\/\/dev.sabilex.com\/tienda\/tornos-colgantes-en\/for-craftsmen-and-industry\/torno-colgante-975-fj30\/#primaryimage\"},\"image\":{\"@id\":\"https:\/\/dev.sabilex.com\/tienda\/tornos-colgantes-en\/for-craftsmen-and-industry\/torno-colgante-975-fj30\/#primaryimage\"},\"thumbnailUrl\":\"https:\/\/dev.sabilex.com\/wp-content\/uploads\/2023\/02\/975-FJ30-1.png\",\"datePublished\":\"2023-02-03T12:45:58+00:00\",\"dateModified\":\"2024-04-10T13:42:08+00:00\",\"breadcrumb\":{\"@id\":\"https:\/\/dev.sabilex.com\/tienda\/tornos-colgantes-en\/for-craftsmen-and-industry\/torno-colgante-975-fj30\/#breadcrumb\"},\"inLanguage\":\"en-US\",\"potentialAction\":[{\"@type\":\"ReadAction\",\"target\":[\"https:\/\/dev.sabilex.com\/tienda\/tornos-colgantes-en\/for-craftsmen-and-industry\/torno-colgante-975-fj30\/\"]}]},{\"@type\":\"ImageObject\",\"inLanguage\":\"en-US\",\"@id\":\"https:\/\/dev.sabilex.com\/tienda\/tornos-colgantes-en\/for-craftsmen-and-industry\/torno-colgante-975-fj30\/#primaryimage\",\"url\":\"https:\/\/dev.sabilex.com\/wp-content\/uploads\/2023\/02\/975-FJ30-1.png\",\"contentUrl\":\"https:\/\/dev.sabilex.com\/wp-content\/uploads\/2023\/02\/975-FJ30-1.png\",\"width\":1080,\"height\":1080},{\"@type\":\"BreadcrumbList\",\"@id\":\"https:\/\/dev.sabilex.com\/tienda\/tornos-colgantes-en\/for-craftsmen-and-industry\/torno-colgante-975-fj30\/#breadcrumb\",\"itemListElement\":[{\"@type\":\"ListItem\",\"position\":1,\"name\":\"Inicio\",\"item\":\"https:\/\/dev.sabilex.com\/\"},{\"@type\":\"ListItem\",\"position\":2,\"name\":\"Productos\",\"item\":\"https:\/\/dev.sabilex.com\/shop\/\"},{\"@type\":\"ListItem\",\"position\":3,\"name\":\"Torno Colgante 975-FJ30\"}]},{\"@type\":\"WebSite\",\"@id\":\"https:\/\/dev.sabilex.com\/#website\",\"url\":\"https:\/\/dev.sabilex.com\/\",\"name\":\"Sabilex\",\"description\":\"Pr\u00f3tesis flexibles y m\u00e1s\",\"publisher\":{\"@id\":\"https:\/\/dev.sabilex.com\/#organization\"},\"potentialAction\":[{\"@type\":\"SearchAction\",\"target\":{\"@type\":\"EntryPoint\",\"urlTemplate\":\"https:\/\/dev.sabilex.com\/?s={search_term_string}\"},\"query-input\":{\"@type\":\"PropertyValueSpecification\",\"valueRequired\":true,\"valueName\":\"search_term_string\"}}],\"inLanguage\":\"en-US\"},{\"@type\":\"Organization\",\"@id\":\"https:\/\/dev.sabilex.com\/#organization\",\"name\":\"Sabilex\",\"url\":\"https:\/\/dev.sabilex.com\/\",\"logo\":{\"@type\":\"ImageObject\",\"inLanguage\":\"en-US\",\"@id\":\"https:\/\/dev.sabilex.com\/#\/schema\/logo\/image\/\",\"url\":\"https:\/\/dev.sabilex.com\/wp-content\/uploads\/2023\/01\/logo.png\",\"contentUrl\":\"https:\/\/dev.sabilex.com\/wp-content\/uploads\/2023\/01\/logo.png\",\"width\":600,\"height\":105,\"caption\":\"Sabilex\"},\"image\":{\"@id\":\"https:\/\/dev.sabilex.com\/#\/schema\/logo\/image\/\"},\"sameAs\":[\"https:\/\/www.facebook.com\/sabilexlatinoamerica\/\",\"https:\/\/www.instagram.com\/sabilexlatinoamerica\/\"]}]}<\/script>\n<!-- \/ Yoast SEO plugin. -->","yoast_head_json":{"title":"Torno Colgante 975-FJ30 - Sabilex","robots":{"index":"index","follow":"follow","max-snippet":"max-snippet:-1","max-image-preview":"max-image-preview:large","max-video-preview":"max-video-preview:-1"},"canonical":"https:\/\/dev.sabilex.com\/en\/tienda\/tornos-colgantes-en\/for-craftsmen-and-industry\/torno-colgante-975-fj30\/","og_locale":"en_US","og_type":"article","og_title":"Torno Colgante 975-FJ30 - Sabilex","og_description":"Torno colgante 1\/4 HP &#8211; 18000 RPM Pieza de mano con mandril regulable de 0-4mm Motor: 1\/4 HP. 18000 RPM. 220V \u2013 50 Hz (opci\u00f3n 110V). Dise\u00f1ado para uso continuo. Montado sobre dos rulemanes blindados. Ventilaci\u00f3n forzada. S\u00f3lida carcaza. Excelente terminaci\u00f3n. Rotor equilibrado, libre de vibraciones! Brazo Flexible con Pieza de mano fijo a la [&hellip;]","og_url":"https:\/\/dev.sabilex.com\/en\/tienda\/tornos-colgantes-en\/for-craftsmen-and-industry\/torno-colgante-975-fj30\/","og_site_name":"Sabilex","article_publisher":"https:\/\/www.facebook.com\/sabilexlatinoamerica\/","article_modified_time":"2024-04-10T13:42:08+00:00","og_image":[{"width":1080,"height":1080,"url":"https:\/\/dev.sabilex.com\/wp-content\/uploads\/2023\/02\/975-FJ30-1.png","type":"image\/png"}],"twitter_card":"summary_large_image","twitter_misc":{"Est. reading time":"1 minute"},"schema":{"@context":"https:\/\/schema.org","@graph":[{"@type":"WebPage","@id":"https:\/\/dev.sabilex.com\/tienda\/tornos-colgantes-en\/for-craftsmen-and-industry\/torno-colgante-975-fj30\/","url":"https:\/\/dev.sabilex.com\/tienda\/tornos-colgantes-en\/for-craftsmen-and-industry\/torno-colgante-975-fj30\/","name":"Torno Colgante 975-FJ30 - Sabilex","isPartOf":{"@id":"https:\/\/dev.sabilex.com\/#website"},"primaryImageOfPage":{"@id":"https:\/\/dev.sabilex.com\/tienda\/tornos-colgantes-en\/for-craftsmen-and-industry\/torno-colgante-975-fj30\/#primaryimage"},"image":{"@id":"https:\/\/dev.sabilex.com\/tienda\/tornos-colgantes-en\/for-craftsmen-and-industry\/torno-colgante-975-fj30\/#primaryimage"},"thumbnailUrl":"https:\/\/dev.sabilex.com\/wp-content\/uploads\/2023\/02\/975-FJ30-1.png","datePublished":"2023-02-03T12:45:58+00:00","dateModified":"2024-04-10T13:42:08+00:00","breadcrumb":{"@id":"https:\/\/dev.sabilex.com\/tienda\/tornos-colgantes-en\/for-craftsmen-and-industry\/torno-colgante-975-fj30\/#breadcrumb"},"inLanguage":"en-US","potentialAction":[{"@type":"ReadAction","target":["https:\/\/dev.sabilex.com\/tienda\/tornos-colgantes-en\/for-craftsmen-and-industry\/torno-colgante-975-fj30\/"]}]},{"@type":"ImageObject","inLanguage":"en-US","@id":"https:\/\/dev.sabilex.com\/tienda\/tornos-colgantes-en\/for-craftsmen-and-industry\/torno-colgante-975-fj30\/#primaryimage","url":"https:\/\/dev.sabilex.com\/wp-content\/uploads\/2023\/02\/975-FJ30-1.png","contentUrl":"https:\/\/dev.sabilex.com\/wp-content\/uploads\/2023\/02\/975-FJ30-1.png","width":1080,"height":1080},{"@type":"BreadcrumbList","@id":"https:\/\/dev.sabilex.com\/tienda\/tornos-colgantes-en\/for-craftsmen-and-industry\/torno-colgante-975-fj30\/#breadcrumb","itemListElement":[{"@type":"ListItem","position":1,"name":"Inicio","item":"https:\/\/dev.sabilex.com\/"},{"@type":"ListItem","position":2,"name":"Productos","item":"https:\/\/dev.sabilex.com\/shop\/"},{"@type":"ListItem","position":3,"name":"Torno Colgante 975-FJ30"}]},{"@type":"WebSite","@id":"https:\/\/dev.sabilex.com\/#website","url":"https:\/\/dev.sabilex.com\/","name":"Sabilex","description":"Pr\u00f3tesis flexibles y m\u00e1s","publisher":{"@id":"https:\/\/dev.sabilex.com\/#organization"},"potentialAction":[{"@type":"SearchAction","target":{"@type":"EntryPoint","urlTemplate":"https:\/\/dev.sabilex.com\/?s={search_term_string}"},"query-input":{"@type":"PropertyValueSpecification","valueRequired":true,"valueName":"search_term_string"}}],"inLanguage":"en-US"},{"@type":"Organization","@id":"https:\/\/dev.sabilex.com\/#organization","name":"Sabilex","url":"https:\/\/dev.sabilex.com\/","logo":{"@type":"ImageObject","inLanguage":"en-US","@id":"https:\/\/dev.sabilex.com\/#\/schema\/logo\/image\/","url":"https:\/\/dev.sabilex.com\/wp-content\/uploads\/2023\/01\/logo.png","contentUrl":"https:\/\/dev.sabilex.com\/wp-content\/uploads\/2023\/01\/logo.png","width":600,"height":105,"caption":"Sabilex"},"image":{"@id":"https:\/\/dev.sabilex.com\/#\/schema\/logo\/image\/"},"sameAs":["https:\/\/www.facebook.com\/sabilexlatinoamerica\/","https:\/\/www.instagram.com\/sabilexlatinoamerica\/"]}]}},"_links":{"self":[{"href":"https:\/\/dev.sabilex.com\/en\/wp-json\/wp\/v2\/product\/934","targetHints":{"allow":["GET"]}}],"collection":[{"href":"https:\/\/dev.sabilex.com\/en\/wp-json\/wp\/v2\/product"}],"about":[{"href":"https:\/\/dev.sabilex.com\/en\/wp-json\/wp\/v2\/types\/product"}],"version-history":[{"count":1,"href":"https:\/\/dev.sabilex.com\/en\/wp-json\/wp\/v2\/product\/934\/revisions"}],"predecessor-version":[{"id":3324,"href":"https:\/\/dev.sabilex.com\/en\/wp-json\/wp\/v2\/product\/934\/revisions\/3324"}],"wp:featuredmedia":[{"embeddable":true,"href":"https:\/\/dev.sabilex.com\/en\/wp-json\/wp\/v2\/media\/3648"}],"wp:attachment":[{"href":"https:\/\/dev.sabilex.com\/en\/wp-json\/wp\/v2\/media?parent=934"}],"wp:term":[{"taxonomy":"product_brand","embeddable":true,"href":"https:\/\/dev.sabilex.com\/en\/wp-json\/wp\/v2\/product_brand?post=934"},{"taxonomy":"product_cat","embeddable":true,"href":"https:\/\/dev.sabilex.com\/en\/wp-json\/wp\/v2\/product_cat?post=934"},{"taxonomy":"product_tag","embeddable":true,"href":"https:\/\/dev.sabilex.com\/en\/wp-json\/wp\/v2\/product_tag?post=934"},{"taxonomy":"profesion","embeddable":true,"href":"https:\/\/dev.sabilex.com\/en\/wp-json\/wp\/v2\/profesion?post=934"}],"curies":[{"name":"wp","href":"https:\/\/api.w.org\/{rel}","templated":true}]}}