{"id":969,"date":"2023-02-03T14:00:59","date_gmt":"2023-02-03T17:00:59","guid":{"rendered":"https:\/\/dev.sabilex.com\/?post_type=product&#038;p=969"},"modified":"2023-09-04T18:05:29","modified_gmt":"2023-09-04T21:05:29","slug":"lavadora-ultrasonica-us-3000","status":"publish","type":"product","link":"https:\/\/dev.sabilex.com\/en\/tienda\/lavadoras\/lavadora-ultrasonica-us-3000\/","title":{"rendered":"Lavadora por Ultrasonido"},"content":{"rendered":"<p><span style=\"font-weight: 400\">\u00a0Lavadora Ultras\u00f3nica US-3000<\/span><\/p>\n<p>&nbsp;<\/p>\n<p><span style=\"font-weight: 400\">Puede ser utilizada para las m\u00e1s variadas aplicaciones: joyas, relojes, pr\u00f3tesis dentarias, herramientas, CD, DVD, plaquetas electr\u00f3nicas, anteojos, lentes de contacto, cuchiller\u00eda, caza, pesca, n\u00e1utica, buceo, cerrajer\u00eda, oftalmolog\u00eda, odontolog\u00eda, medicina, laboratorios, mec\u00e1nica, gr\u00e1fica, veterinaria, manicur\u00eda, podolog\u00eda, est\u00e9tica, inyectores de autos, etc.<\/span><\/p>\n<p>&nbsp;<\/p>\n<p><span style=\"font-weight: 400\">Simult\u00e1neamente vibraci\u00f3n por ultrasonido, calentamiento hasta 60*C y v\u00e1lvula de desagote<\/span><\/p>\n<p>&nbsp;<\/p>\n<p><span style=\"font-weight: 400\">Characteristics:\u00a0<\/span><\/p>\n<p>&nbsp;<\/p>\n<ul>\n<li style=\"font-weight: 400\"><span style=\"font-weight: 400\">Capacidad del tanque: 3 Lts<\/span><\/li>\n<li style=\"font-weight: 400\"><span style=\"font-weight: 400\">Tama\u00f1o del tanque: 250 x 174 x 78 mm(L*W*H)\u00a0<\/span><\/li>\n<li style=\"font-weight: 400\"><span style=\"font-weight: 400\">Potencia: 150W\u00a0\u00a0<\/span><\/li>\n<li style=\"font-weight: 400\"><span style=\"font-weight: 400\">Frecuencia ultrasonido: 36000 Hz.\u00a0<\/span><\/li>\n<li style=\"font-weight: 400\"><span style=\"font-weight: 400\">Control digital con tiempo ajustable de 1 a 30 minutos<\/span><\/li>\n<li style=\"font-weight: 400\"><span style=\"font-weight: 400\">Medidas externas: 385X234X193mm(L*W*H)\u00a0<\/span><\/li>\n<\/ul>\n<p>&nbsp;<\/p>\n<p><span style=\"font-weight: 400\">Informaci\u00f3n adicional<\/span><\/p>\n<p>&nbsp;<\/p>\n<ul>\n<li style=\"font-weight: 400\"><span style=\"font-weight: 400\">Transductor ultras\u00f3nico industrial de \u042438 mm, duradero, con un mejor efecto de limpieza<\/span><\/li>\n<li style=\"font-weight: 400\"><span style=\"font-weight: 400\">Apto para operaciones continuas. Ventilador incorporado.<\/span><\/li>\n<li style=\"font-weight: 400\"><span style=\"font-weight: 400\">Pantalla digital de alta definici\u00f3n.<\/span><\/li>\n<li style=\"font-weight: 400\"><span style=\"font-weight: 400\">Componentes a prueba de humedad. Silenciosa. Cable de alimentaci\u00f3n desmontable.<\/span><\/li>\n<li style=\"font-weight: 400\"><span style=\"font-weight: 400\">M\u00faltiples certificaciones de seguridad<\/span><\/li>\n<li style=\"font-weight: 400\"><span style=\"font-weight: 400\">Tanque de acero Inoxidable SUS304 \/ Carcasa de ABS alto impacto de 4mm<\/span><\/li>\n<li style=\"font-weight: 400\"><span style=\"font-weight: 400\">Peso Neto: 3.6 kg<\/span><\/li>\n<\/ul>","protected":false},"excerpt":{"rendered":"<p>\u00a0Lavadora Ultras\u00f3nica US-3000 &nbsp; Puede ser utilizada para las m\u00e1s variadas aplicaciones: joyas, relojes, pr\u00f3tesis dentarias, herramientas, CD, DVD, plaquetas electr\u00f3nicas, anteojos, lentes de contacto, cuchiller\u00eda, caza, pesca, n\u00e1utica, buceo, cerrajer\u00eda, oftalmolog\u00eda, odontolog\u00eda, medicina, laboratorios, mec\u00e1nica, gr\u00e1fica, veterinaria, manicur\u00eda, podolog\u00eda, est\u00e9tica, inyectores de autos, etc. &nbsp; Simult\u00e1neamente vibraci\u00f3n por ultrasonido, calentamiento hasta 60*C y v\u00e1lvula [&hellip;]<\/p>","protected":false},"featured_media":2301,"template":"","meta":[],"product_brand":[],"product_cat":[28],"product_tag":[],"profesion":[56,54,53],"class_list":{"0":"post-969","1":"product","2":"type-product","3":"status-publish","4":"has-post-thumbnail","6":"product_cat-lavadoras","7":"profesion-dental","8":"profesion-joyeros","9":"profesion-podologos","11":"first","12":"instock","13":"shipping-taxable","14":"product-type-simple"},"exclude_global_add_ons":[],"addons":[],"yoast_head":"<!-- This site is optimized with the Yoast SEO plugin v24.7 - https:\/\/yoast.com\/wordpress\/plugins\/seo\/ -->\n<title>Lavadora por Ultrasonido - Sabilex<\/title>\n<meta name=\"robots\" content=\"index, follow, max-snippet:-1, max-image-preview:large, max-video-preview:-1\" \/>\n<link rel=\"canonical\" href=\"https:\/\/dev.sabilex.com\/en\/tienda\/lavadoras\/lavadora-ultrasonica-us-3000\/\" \/>\n<meta property=\"og:locale\" content=\"en_US\" \/>\n<meta property=\"og:type\" content=\"article\" \/>\n<meta property=\"og:title\" content=\"Lavadora por Ultrasonido - Sabilex\" \/>\n<meta property=\"og:description\" content=\"\u00a0Lavadora Ultras\u00f3nica US-3000 &nbsp; Puede ser utilizada para las m\u00e1s variadas aplicaciones: joyas, relojes, pr\u00f3tesis dentarias, herramientas, CD, DVD, plaquetas electr\u00f3nicas, anteojos, lentes de contacto, cuchiller\u00eda, caza, pesca, n\u00e1utica, buceo, cerrajer\u00eda, oftalmolog\u00eda, odontolog\u00eda, medicina, laboratorios, mec\u00e1nica, gr\u00e1fica, veterinaria, manicur\u00eda, podolog\u00eda, est\u00e9tica, inyectores de autos, etc. &nbsp; Simult\u00e1neamente vibraci\u00f3n por ultrasonido, calentamiento hasta 60*C y v\u00e1lvula [&hellip;]\" \/>\n<meta property=\"og:url\" content=\"https:\/\/dev.sabilex.com\/en\/tienda\/lavadoras\/lavadora-ultrasonica-us-3000\/\" \/>\n<meta property=\"og:site_name\" content=\"Sabilex\" \/>\n<meta property=\"article:publisher\" content=\"https:\/\/www.facebook.com\/sabilexlatinoamerica\/\" \/>\n<meta property=\"article:modified_time\" content=\"2023-09-04T21:05:29+00:00\" \/>\n<meta property=\"og:image\" content=\"https:\/\/dev.sabilex.com\/wp-content\/uploads\/2023\/02\/4830-scaled.jpg\" \/>\n\t<meta property=\"og:image:width\" content=\"2560\" \/>\n\t<meta property=\"og:image:height\" content=\"2143\" \/>\n\t<meta property=\"og:image:type\" content=\"image\/jpeg\" \/>\n<meta name=\"twitter:card\" content=\"summary_large_image\" \/>\n<meta name=\"twitter:label1\" content=\"Est. reading time\" \/>\n\t<meta name=\"twitter:data1\" content=\"1 minute\" \/>\n<script type=\"application\/ld+json\" class=\"yoast-schema-graph\">{\"@context\":\"https:\/\/schema.org\",\"@graph\":[{\"@type\":\"WebPage\",\"@id\":\"https:\/\/dev.sabilex.com\/tienda\/lavadoras\/lavadora-ultrasonica-us-3000\/\",\"url\":\"https:\/\/dev.sabilex.com\/tienda\/lavadoras\/lavadora-ultrasonica-us-3000\/\",\"name\":\"Lavadora por Ultrasonido - Sabilex\",\"isPartOf\":{\"@id\":\"https:\/\/dev.sabilex.com\/#website\"},\"primaryImageOfPage\":{\"@id\":\"https:\/\/dev.sabilex.com\/tienda\/lavadoras\/lavadora-ultrasonica-us-3000\/#primaryimage\"},\"image\":{\"@id\":\"https:\/\/dev.sabilex.com\/tienda\/lavadoras\/lavadora-ultrasonica-us-3000\/#primaryimage\"},\"thumbnailUrl\":\"https:\/\/dev.sabilex.com\/wp-content\/uploads\/2023\/02\/4830-scaled.jpg\",\"datePublished\":\"2023-02-03T17:00:59+00:00\",\"dateModified\":\"2023-09-04T21:05:29+00:00\",\"breadcrumb\":{\"@id\":\"https:\/\/dev.sabilex.com\/tienda\/lavadoras\/lavadora-ultrasonica-us-3000\/#breadcrumb\"},\"inLanguage\":\"en-US\",\"potentialAction\":[{\"@type\":\"ReadAction\",\"target\":[\"https:\/\/dev.sabilex.com\/tienda\/lavadoras\/lavadora-ultrasonica-us-3000\/\"]}]},{\"@type\":\"ImageObject\",\"inLanguage\":\"en-US\",\"@id\":\"https:\/\/dev.sabilex.com\/tienda\/lavadoras\/lavadora-ultrasonica-us-3000\/#primaryimage\",\"url\":\"https:\/\/dev.sabilex.com\/wp-content\/uploads\/2023\/02\/4830-scaled.jpg\",\"contentUrl\":\"https:\/\/dev.sabilex.com\/wp-content\/uploads\/2023\/02\/4830-scaled.jpg\",\"width\":2560,\"height\":2143},{\"@type\":\"BreadcrumbList\",\"@id\":\"https:\/\/dev.sabilex.com\/tienda\/lavadoras\/lavadora-ultrasonica-us-3000\/#breadcrumb\",\"itemListElement\":[{\"@type\":\"ListItem\",\"position\":1,\"name\":\"Inicio\",\"item\":\"https:\/\/dev.sabilex.com\/\"},{\"@type\":\"ListItem\",\"position\":2,\"name\":\"Productos\",\"item\":\"https:\/\/dev.sabilex.com\/shop\/\"},{\"@type\":\"ListItem\",\"position\":3,\"name\":\"Lavadora por Ultrasonido\"}]},{\"@type\":\"WebSite\",\"@id\":\"https:\/\/dev.sabilex.com\/#website\",\"url\":\"https:\/\/dev.sabilex.com\/\",\"name\":\"Sabilex\",\"description\":\"Pr\u00f3tesis flexibles y m\u00e1s\",\"publisher\":{\"@id\":\"https:\/\/dev.sabilex.com\/#organization\"},\"potentialAction\":[{\"@type\":\"SearchAction\",\"target\":{\"@type\":\"EntryPoint\",\"urlTemplate\":\"https:\/\/dev.sabilex.com\/?s={search_term_string}\"},\"query-input\":{\"@type\":\"PropertyValueSpecification\",\"valueRequired\":true,\"valueName\":\"search_term_string\"}}],\"inLanguage\":\"en-US\"},{\"@type\":\"Organization\",\"@id\":\"https:\/\/dev.sabilex.com\/#organization\",\"name\":\"Sabilex\",\"url\":\"https:\/\/dev.sabilex.com\/\",\"logo\":{\"@type\":\"ImageObject\",\"inLanguage\":\"en-US\",\"@id\":\"https:\/\/dev.sabilex.com\/#\/schema\/logo\/image\/\",\"url\":\"https:\/\/dev.sabilex.com\/wp-content\/uploads\/2023\/01\/logo.png\",\"contentUrl\":\"https:\/\/dev.sabilex.com\/wp-content\/uploads\/2023\/01\/logo.png\",\"width\":600,\"height\":105,\"caption\":\"Sabilex\"},\"image\":{\"@id\":\"https:\/\/dev.sabilex.com\/#\/schema\/logo\/image\/\"},\"sameAs\":[\"https:\/\/www.facebook.com\/sabilexlatinoamerica\/\",\"https:\/\/www.instagram.com\/sabilexlatinoamerica\/\"]}]}<\/script>\n<!-- \/ Yoast SEO plugin. -->","yoast_head_json":{"title":"Lavadora por Ultrasonido - Sabilex","robots":{"index":"index","follow":"follow","max-snippet":"max-snippet:-1","max-image-preview":"max-image-preview:large","max-video-preview":"max-video-preview:-1"},"canonical":"https:\/\/dev.sabilex.com\/en\/tienda\/lavadoras\/lavadora-ultrasonica-us-3000\/","og_locale":"en_US","og_type":"article","og_title":"Lavadora por Ultrasonido - Sabilex","og_description":"\u00a0Lavadora Ultras\u00f3nica US-3000 &nbsp; Puede ser utilizada para las m\u00e1s variadas aplicaciones: joyas, relojes, pr\u00f3tesis dentarias, herramientas, CD, DVD, plaquetas electr\u00f3nicas, anteojos, lentes de contacto, cuchiller\u00eda, caza, pesca, n\u00e1utica, buceo, cerrajer\u00eda, oftalmolog\u00eda, odontolog\u00eda, medicina, laboratorios, mec\u00e1nica, gr\u00e1fica, veterinaria, manicur\u00eda, podolog\u00eda, est\u00e9tica, inyectores de autos, etc. &nbsp; Simult\u00e1neamente vibraci\u00f3n por ultrasonido, calentamiento hasta 60*C y v\u00e1lvula [&hellip;]","og_url":"https:\/\/dev.sabilex.com\/en\/tienda\/lavadoras\/lavadora-ultrasonica-us-3000\/","og_site_name":"Sabilex","article_publisher":"https:\/\/www.facebook.com\/sabilexlatinoamerica\/","article_modified_time":"2023-09-04T21:05:29+00:00","og_image":[{"width":2560,"height":2143,"url":"https:\/\/dev.sabilex.com\/wp-content\/uploads\/2023\/02\/4830-scaled.jpg","type":"image\/jpeg"}],"twitter_card":"summary_large_image","twitter_misc":{"Est. reading time":"1 minute"},"schema":{"@context":"https:\/\/schema.org","@graph":[{"@type":"WebPage","@id":"https:\/\/dev.sabilex.com\/tienda\/lavadoras\/lavadora-ultrasonica-us-3000\/","url":"https:\/\/dev.sabilex.com\/tienda\/lavadoras\/lavadora-ultrasonica-us-3000\/","name":"Lavadora por Ultrasonido - Sabilex","isPartOf":{"@id":"https:\/\/dev.sabilex.com\/#website"},"primaryImageOfPage":{"@id":"https:\/\/dev.sabilex.com\/tienda\/lavadoras\/lavadora-ultrasonica-us-3000\/#primaryimage"},"image":{"@id":"https:\/\/dev.sabilex.com\/tienda\/lavadoras\/lavadora-ultrasonica-us-3000\/#primaryimage"},"thumbnailUrl":"https:\/\/dev.sabilex.com\/wp-content\/uploads\/2023\/02\/4830-scaled.jpg","datePublished":"2023-02-03T17:00:59+00:00","dateModified":"2023-09-04T21:05:29+00:00","breadcrumb":{"@id":"https:\/\/dev.sabilex.com\/tienda\/lavadoras\/lavadora-ultrasonica-us-3000\/#breadcrumb"},"inLanguage":"en-US","potentialAction":[{"@type":"ReadAction","target":["https:\/\/dev.sabilex.com\/tienda\/lavadoras\/lavadora-ultrasonica-us-3000\/"]}]},{"@type":"ImageObject","inLanguage":"en-US","@id":"https:\/\/dev.sabilex.com\/tienda\/lavadoras\/lavadora-ultrasonica-us-3000\/#primaryimage","url":"https:\/\/dev.sabilex.com\/wp-content\/uploads\/2023\/02\/4830-scaled.jpg","contentUrl":"https:\/\/dev.sabilex.com\/wp-content\/uploads\/2023\/02\/4830-scaled.jpg","width":2560,"height":2143},{"@type":"BreadcrumbList","@id":"https:\/\/dev.sabilex.com\/tienda\/lavadoras\/lavadora-ultrasonica-us-3000\/#breadcrumb","itemListElement":[{"@type":"ListItem","position":1,"name":"Inicio","item":"https:\/\/dev.sabilex.com\/"},{"@type":"ListItem","position":2,"name":"Productos","item":"https:\/\/dev.sabilex.com\/shop\/"},{"@type":"ListItem","position":3,"name":"Lavadora por Ultrasonido"}]},{"@type":"WebSite","@id":"https:\/\/dev.sabilex.com\/#website","url":"https:\/\/dev.sabilex.com\/","name":"Sabilex","description":"Pr\u00f3tesis flexibles y m\u00e1s","publisher":{"@id":"https:\/\/dev.sabilex.com\/#organization"},"potentialAction":[{"@type":"SearchAction","target":{"@type":"EntryPoint","urlTemplate":"https:\/\/dev.sabilex.com\/?s={search_term_string}"},"query-input":{"@type":"PropertyValueSpecification","valueRequired":true,"valueName":"search_term_string"}}],"inLanguage":"en-US"},{"@type":"Organization","@id":"https:\/\/dev.sabilex.com\/#organization","name":"Sabilex","url":"https:\/\/dev.sabilex.com\/","logo":{"@type":"ImageObject","inLanguage":"en-US","@id":"https:\/\/dev.sabilex.com\/#\/schema\/logo\/image\/","url":"https:\/\/dev.sabilex.com\/wp-content\/uploads\/2023\/01\/logo.png","contentUrl":"https:\/\/dev.sabilex.com\/wp-content\/uploads\/2023\/01\/logo.png","width":600,"height":105,"caption":"Sabilex"},"image":{"@id":"https:\/\/dev.sabilex.com\/#\/schema\/logo\/image\/"},"sameAs":["https:\/\/www.facebook.com\/sabilexlatinoamerica\/","https:\/\/www.instagram.com\/sabilexlatinoamerica\/"]}]}},"_links":{"self":[{"href":"https:\/\/dev.sabilex.com\/en\/wp-json\/wp\/v2\/product\/969","targetHints":{"allow":["GET"]}}],"collection":[{"href":"https:\/\/dev.sabilex.com\/en\/wp-json\/wp\/v2\/product"}],"about":[{"href":"https:\/\/dev.sabilex.com\/en\/wp-json\/wp\/v2\/types\/product"}],"version-history":[{"count":1,"href":"https:\/\/dev.sabilex.com\/en\/wp-json\/wp\/v2\/product\/969\/revisions"}],"predecessor-version":[{"id":3478,"href":"https:\/\/dev.sabilex.com\/en\/wp-json\/wp\/v2\/product\/969\/revisions\/3478"}],"wp:featuredmedia":[{"embeddable":true,"href":"https:\/\/dev.sabilex.com\/en\/wp-json\/wp\/v2\/media\/2301"}],"wp:attachment":[{"href":"https:\/\/dev.sabilex.com\/en\/wp-json\/wp\/v2\/media?parent=969"}],"wp:term":[{"taxonomy":"product_brand","embeddable":true,"href":"https:\/\/dev.sabilex.com\/en\/wp-json\/wp\/v2\/product_brand?post=969"},{"taxonomy":"product_cat","embeddable":true,"href":"https:\/\/dev.sabilex.com\/en\/wp-json\/wp\/v2\/product_cat?post=969"},{"taxonomy":"product_tag","embeddable":true,"href":"https:\/\/dev.sabilex.com\/en\/wp-json\/wp\/v2\/product_tag?post=969"},{"taxonomy":"profesion","embeddable":true,"href":"https:\/\/dev.sabilex.com\/en\/wp-json\/wp\/v2\/profesion?post=969"}],"curies":[{"name":"wp","href":"https:\/\/api.w.org\/{rel}","templated":true}]}}